{"id":12521,"date":"2025-03-23T10:56:48","date_gmt":"2025-03-23T09:56:48","guid":{"rendered":"https:\/\/www.aaaseedz.com\/?post_type=product&#038;p=12521"},"modified":"2025-06-11T18:41:15","modified_gmt":"2025-06-11T16:41:15","slug":"zour-zuava-terphogz-x-kounter-kulture","status":"publish","type":"product","link":"https:\/\/www.aaaseedz.com\/de\/produit\/zour-zuava-terphogz-x-kounter-kulture\/","title":{"rendered":"Zour Zuava - Terphogz x Kounter Kulture"},"content":{"rendered":"<p><strong>Feminisierte Samen<\/strong><br \/>\n<strong>Paket<\/strong> : 10 Samen<br \/>\n<strong>Breeder<\/strong> : Terphogz x Kounter Kulture<br \/>\n<strong>Name<\/strong> : Zour Zuava<br \/>\n<strong>Kreuzung<\/strong> : (The Original Z x Sour D) x Zuava<\/p>\n<p><em>Warnhinweis: Der Besitz und das Sammeln von Samen ist in Frankreich erlaubt. Diese Samen d\u00fcrfen nicht f\u00fcr andere Zwecke verwendet werden als die, die nach dem Recht Ihres Landes zul\u00e4ssig sind. Das Keimen und der Verkauf an Minderj\u00e4hrige sind strengstens untersagt. AAASeedz kann nicht haftbar gemacht werden, wenn die Gesetze des Landes, in dem Sie leben, nicht eingehalten werden.<\/em><\/p>","protected":false},"excerpt":{"rendered":"<p>Feminisierte Samen Packung: 10 Samen Breeder: Terphogz x Kounter Kulture Name: Zour Zuava Kreuzung: (The Original<\/p>","protected":false},"featured_media":12478,"template":"","meta":[],"product_brand":[],"product_cat":[70],"product_tag":[77,209,525,106,470,524,210],"class_list":{"0":"post-12521","1":"product","2":"type-product","3":"status-publish","4":"has-post-thumbnail","6":"product_cat-feminisees","7":"product_tag-feminisee","8":"product_tag-kounter-kulture","9":"product_tag-sour-d","10":"product_tag-terphogz","11":"product_tag-the-original-z","12":"product_tag-zour-zuava","13":"product_tag-zuava","15":"first","16":"instock","17":"shipping-taxable","18":"purchasable","19":"product-type-simple"},"jetpack_sharing_enabled":true,"_links":{"self":[{"href":"https:\/\/www.aaaseedz.com\/de\/wp-json\/wp\/v2\/product\/12521","targetHints":{"allow":["GET"]}}],"collection":[{"href":"https:\/\/www.aaaseedz.com\/de\/wp-json\/wp\/v2\/product"}],"about":[{"href":"https:\/\/www.aaaseedz.com\/de\/wp-json\/wp\/v2\/types\/product"}],"wp:featuredmedia":[{"embeddable":true,"href":"https:\/\/www.aaaseedz.com\/de\/wp-json\/wp\/v2\/media\/12478"}],"wp:attachment":[{"href":"https:\/\/www.aaaseedz.com\/de\/wp-json\/wp\/v2\/media?parent=12521"}],"wp:term":[{"taxonomy":"product_brand","embeddable":true,"href":"https:\/\/www.aaaseedz.com\/de\/wp-json\/wp\/v2\/product_brand?post=12521"},{"taxonomy":"product_cat","embeddable":true,"href":"https:\/\/www.aaaseedz.com\/de\/wp-json\/wp\/v2\/product_cat?post=12521"},{"taxonomy":"product_tag","embeddable":true,"href":"https:\/\/www.aaaseedz.com\/de\/wp-json\/wp\/v2\/product_tag?post=12521"}],"curies":[{"name":"wp","href":"https:\/\/api.w.org\/{rel}","templated":true}]}}