{"id":12523,"date":"2025-03-24T11:28:14","date_gmt":"2025-03-24T10:28:14","guid":{"rendered":"https:\/\/www.aaaseedz.com\/?post_type=product&#038;p=12523"},"modified":"2025-06-11T16:39:23","modified_gmt":"2025-06-11T14:39:23","slug":"red-skrrrt-banger-terphogz-x-conscious-genetics","status":"publish","type":"product","link":"https:\/\/www.aaaseedz.com\/de\/produit\/red-skrrrt-banger-terphogz-x-conscious-genetics\/","title":{"rendered":"Red Skrrrt Banger - Terphogz x Conscious Genetics"},"content":{"rendered":"<p><strong>Feminisierte Samen<\/strong><br \/>\n<strong>Paket<\/strong> : 10 Samen<br \/>\n<strong>Breeder<\/strong> : Terphogz x Conscious Genetics<br \/>\n<strong>Name<\/strong> : Red Skrrrt Banger<br \/>\n<strong>Kreuzung<\/strong> : Skrrt Berry Zuava x Red Kachina 2.0<br \/>\n<strong>Ertrag<\/strong> : Mittel bis hoch<br \/>\n<strong>Genetik<\/strong> : Indica-dominierte Hybride<br \/>\n<strong>Indica \/ Sativa<\/strong> : 60\/40<br \/>\n<strong>Bl\u00fctezeit<\/strong> : 56-60 Tage<\/p>\n<p><em>Warnhinweis: Der Besitz und das Sammeln von Samen ist in Frankreich erlaubt. Diese Samen d\u00fcrfen nicht f\u00fcr andere Zwecke verwendet werden als die, die nach dem Recht Ihres Landes zul\u00e4ssig sind. Das Keimen und der Verkauf an Minderj\u00e4hrige sind strengstens untersagt. AAASeedz kann nicht haftbar gemacht werden, wenn die Gesetze des Landes, in dem Sie leben, nicht eingehalten werden.<\/em><\/p>","protected":false},"excerpt":{"rendered":"<p>Feminisierte Samen Pack : 10 Samen Breeder : Terphogz x Conscious Genetics Name : Red Skrrrt Banger Kreuzung : Skrrt<\/p>","protected":false},"featured_media":12462,"template":"","meta":[],"product_brand":[],"product_cat":[70],"product_tag":[529,77,528,106],"class_list":{"0":"post-12523","1":"product","2":"type-product","3":"status-publish","4":"has-post-thumbnail","6":"product_cat-feminisees","7":"product_tag-conscious-genetics","8":"product_tag-feminisee","9":"product_tag-red-skrrrt-banger","10":"product_tag-terphogz","12":"first","13":"instock","14":"shipping-taxable","15":"purchasable","16":"product-type-simple"},"jetpack_sharing_enabled":true,"_links":{"self":[{"href":"https:\/\/www.aaaseedz.com\/de\/wp-json\/wp\/v2\/product\/12523","targetHints":{"allow":["GET"]}}],"collection":[{"href":"https:\/\/www.aaaseedz.com\/de\/wp-json\/wp\/v2\/product"}],"about":[{"href":"https:\/\/www.aaaseedz.com\/de\/wp-json\/wp\/v2\/types\/product"}],"wp:featuredmedia":[{"embeddable":true,"href":"https:\/\/www.aaaseedz.com\/de\/wp-json\/wp\/v2\/media\/12462"}],"wp:attachment":[{"href":"https:\/\/www.aaaseedz.com\/de\/wp-json\/wp\/v2\/media?parent=12523"}],"wp:term":[{"taxonomy":"product_brand","embeddable":true,"href":"https:\/\/www.aaaseedz.com\/de\/wp-json\/wp\/v2\/product_brand?post=12523"},{"taxonomy":"product_cat","embeddable":true,"href":"https:\/\/www.aaaseedz.com\/de\/wp-json\/wp\/v2\/product_cat?post=12523"},{"taxonomy":"product_tag","embeddable":true,"href":"https:\/\/www.aaaseedz.com\/de\/wp-json\/wp\/v2\/product_tag?post=12523"}],"curies":[{"name":"wp","href":"https:\/\/api.w.org\/{rel}","templated":true}]}}