{"id":3,"date":"2024-04-30T15:04:02","date_gmt":"2024-04-30T13:04:02","guid":{"rendered":"http:\/\/aaaseedz.com\/?page_id=3"},"modified":"2024-05-09T14:10:47","modified_gmt":"2024-05-09T12:10:47","slug":"politica-de-privacidad","status":"publish","type":"page","link":"https:\/\/www.aaaseedz.com\/es\/politique-de-confidentialite\/","title":{"rendered":"Pol\u00edtica de privacidad (RGPD)"},"content":{"rendered":"<p align=\"center\"><img decoding=\"async\" src=\"https:\/\/www.aaaseedz.com\/wp-content\/uploads\/2024\/04\/Logo-AAASeedz-01.png\" \/><\/p>\n<p align=\"center\"><strong>CARTA DE PROTECCI\u00d3N DE DATOS PERSONALES<\/strong><br \/>\n<span style=\"font-size: small;\"><em>De conformidad con el Reglamento Europeo 2016\/679 de 27 de abril de 2016 (RGPD).<\/em><\/span><\/p>\n<p align=\"justify\">La presente Carta de protecci\u00f3n de datos personales (en lo sucesivo, la \"Carta\") describe el compromiso del sitio AAASeedz, publicado por Damien B. como responsable del tratamiento, con respecto a la privacidad y la protecci\u00f3n de los datos personales de sus usuarios. La presente Carta se ha redactado para informarle de las pr\u00e1cticas y condiciones en las que AAASeedz recopila, utiliza y almacena sus datos personales (en lo sucesivo, los \"Datos\"). Describe los distintos Datos que podemos recoger y tratar o que usted puede transmitirnos cuando accede y\/o utiliza el sitio www.aaaseedz.com en el que se venden nuestros productos. El t\u00e9rmino \"Sitio\" se refiere \u00fanicamente al sitio www.aaaseedz.com.<\/p>\n<p align=\"justify\">Dada la constante evoluci\u00f3n de las leyes y reglamentos relativos a la tecnolog\u00eda y la protecci\u00f3n de datos personales, es probable que la presente Carta sea actualizada. Si es usted usuario del Sitio, se le informar\u00e1 de cualquier cambio por correo electr\u00f3nico. Si alguna de las cl\u00e1usulas de esta Pol\u00edtica de Privacidad fuera declarada inv\u00e1lida o contraria a la normativa, se tendr\u00e1 por no puesta, pero no invalidar\u00e1 las dem\u00e1s cl\u00e1usulas de esta Pol\u00edtica de Privacidad.<\/p>\n<p align=\"justify\">La presente Carta se aplica a los Datos recogidos:<\/p>\n<p>- Simplemente navegando por el Sitio<br \/>\n- A trav\u00e9s de correos electr\u00f3nicos u otros mensajes intercambiados entre AAASeedz y usted<br \/>\n- Al crear una cuenta de usuario en el Sitio<br \/>\n- Cuando realice un pedido en el Sitio<br \/>\n- Cuando se suscriba al Bolet\u00edn (el \"Bolet\u00edn\")<\/p>\n<p align=\"justify\">No se aplica a la informaci\u00f3n recopilada por terceros o a trav\u00e9s de sitios gestionados por estos \u00faltimos, incluso a trav\u00e9s de aplicaciones o contenidos (incluidos anuncios) que redirijan al usuario al Sitio. Le agradecemos que lea atentamente la Carta relativa al tratamiento de sus Datos y le informamos de que la navegaci\u00f3n por nuestro Sitio implica necesariamente la aceptaci\u00f3n de esta Carta. Si no acepta esta Carta, le invitamos a abandonar nuestro Sitio. Es su responsabilidad comprobar que los Datos comunicados a AAASeedz son conformes. En caso necesario, podr\u00e1 corregirlos y actualizarlos en su espacio \"Mi cuenta\".<\/p>\n<p><strong>1. \u00bfQu\u00e9 datos recopila AAASeedz?<\/strong><\/p>\n<p align=\"justify\">Dependiendo de la naturaleza y el prop\u00f3sito de su interacci\u00f3n con AAASeedz (creaci\u00f3n de una cuenta de usuario, suscripci\u00f3n al Bolet\u00edn, cumplimentaci\u00f3n de formularios de contacto, as\u00ed como durante cualquier intercambio telef\u00f3nico) es probable que recopilemos los siguientes Datos:<\/p>\n<p align=\"justify\">Se le solicitar\u00e1 su direcci\u00f3n de correo electr\u00f3nico si desea crear una cuenta de usuario, comunicarse con nosotros a trav\u00e9s de los formularios de contacto y\/o recibir nuestro Bolet\u00edn.<br \/>\nSe le podr\u00e1n solicitar datos relativos a su identidad, como apellidos, nombre, direcci\u00f3n de correo electr\u00f3nico, direcci\u00f3n postal y n\u00famero de tel\u00e9fono.<br \/>\nDatos relativos a la navegaci\u00f3n: se trata de Datos relativos a la forma en que usted utiliza el Sitio, incluyendo: direcci\u00f3n IP, navegador utilizado, tiempo de navegaci\u00f3n, historial de b\u00fasqueda, sistema operativo utilizado, idioma y p\u00e1ginas visitadas.<br \/>\nDatos relativos a sus visitas al Sitio, incluidos datos de tr\u00e1fico, archivos de registro y otros datos o recursos de comunicaci\u00f3n que utilice para acceder al Sitio<br \/>\nDatos relativos a los pedidos: su direcci\u00f3n postal es necesaria a efectos de facturaci\u00f3n. Del mismo modo, sus datos bancarios, o los de cualquier otro socio financiero, deben facilitarse para pagar su pedido.<br \/>\nDatos relativos al uso de redes sociales cuando utiliza sus funcionalidades.<\/p>\n<p><strong>2. \u00bfC\u00f3mo se recogen sus datos?<\/strong><\/p>\n<p align=\"justify\">Los datos pueden recogerse de varias formas en el Sitio. Los datos pueden recopilarse directamente cuando usted nos los transfiere utilizando los formularios de contacto y de creaci\u00f3n de cuentas de usuario, los formularios de inscripci\u00f3n a boletines informativos disponibles en el Sitio y\/o comunicarse cuando usted se pone en contacto con nosotros por tel\u00e9fono. Cuando se ponga en contacto con nosotros por estos diversos medios, se podr\u00e1 realizar y archivar una copia de sus intercambios con AAASeedz, incluidas las direcciones de correo electr\u00f3nico. AAASeedz tambi\u00e9n recopila determinados Datos indirectamente por medio de cookies\/seguidores. Le invitamos a leer nuestra Pol\u00edtica de Cookies, que tiene por objeto ayudarle a comprender mejor estas tecnolog\u00edas y el uso que hacemos de ellas en el Sitio y como parte de nuestros servicios, aplicaciones y herramientas.<\/p>\n<p><strong>3. \u00bfPor qu\u00e9 se recogen sus datos?<\/strong><\/p>\n<p align=\"justify\">Si usted es un usuario ordinario, recogemos sus Datos para :<\/p>\n<p align=\"justify\">Para enviarle nuestro bolet\u00edn de noticias y\/o ofertas comerciales personalizadas si ha dado su consentimiento.<br \/>\nGesti\u00f3n de pedidos y ejecuci\u00f3n de contratos<br \/>\nGarantizar la seguridad y trazabilidad de las compras in situ<br \/>\nEnviarle informaci\u00f3n sobre su cuenta (incluidas facturas de compra e historial de pedidos)<br \/>\nGestionar las solicitudes enviadas a trav\u00e9s de la p\u00e1gina de contacto<br \/>\nPermitirle dejar una opini\u00f3n sobre los productos y\/o el Sitio<br \/>\nPara informarle de cambios relativos al Sitio o a nuestra gama de productos y servicios<br \/>\nPara cumplir con nuestros derechos y obligaciones estipulados en los contratos celebrados con los usuarios y para cualquier otro fin legal.<\/p>\n<p align=\"justify\">Tambi\u00e9n podemos utilizar cookies o rastreadores:<\/p>\n<p align=\"justify\">Asegurar su navegaci\u00f3n y mejorar su experiencia de usuario, en particular reconociendo el nombre de usuario y la contrase\u00f1a que ya ha facilitado para que no tenga que introducirlos en cada p\u00e1gina del Sitio en la que se le soliciten. La negativa a hacerlo le impedir\u00e1 realizar pedidos en el Sitio (identificaci\u00f3n imposible). Analizar el tr\u00e1fico y los datos del Sitio para medir el n\u00famero de usuarios del mismo, facilitar su uso y garantizar su capacidad para responder r\u00e1pidamente a sus solicitudes.<\/p>\n<p align=\"justify\">La negativa a rellenar correctamente el formulario o formularios del Sitio puede bloquear el acceso a determinadas p\u00e1ginas, en particular las relativas al pedido de productos o servicios.<\/p>\n<p><strong>4. \u00bfQui\u00e9n procesa sus datos?<\/strong><\/p>\n<p align=\"justify\">Sus Datos son tratados por el personal y los colaboradores de AAASeedz encargados de : La gesti\u00f3n del Sitio (pedidos y env\u00edos), la gesti\u00f3n del soporte, para responder a todas sus preguntas, la gesti\u00f3n de la facturaci\u00f3n.<\/p>\n<p align=\"justify\">Adem\u00e1s, en el marco de nuestra actividad, y con fines de tratamiento, sus Datos podr\u00e1n ser comunicados a subcontratistas, proveedores de servicios u otros terceros, y en particular: servicio de env\u00edo de correos electr\u00f3nicos, transportistas (La Poste, Colissimo, etc.), servicios contables, servicios fiscales, Google Analytics. Cada una de estas partes est\u00e1 vinculada por un acuerdo de confidencialidad relativo al uso y tratamiento de los datos personales.<\/p>\n<p align=\"justify\">Para la gesti\u00f3n del pago y con el fin de facilitar la experiencia de sus usuarios, AAASeedz ofrece los siguientes medios de pago para realizar compras en el Sitio: pago en l\u00ednea con tarjeta de cr\u00e9dito (Carte Bleue, Visa, Eurocard \/ Mastercard). AAASeedz no tiene ning\u00fan acceso a sus identificadores y n\u00fameros de tarjeta de cr\u00e9dito. Todas las transacciones est\u00e1n protegidas mediante encriptaci\u00f3n SSL, lo que garantiza tanto la identidad del organismo de pago como la confidencialidad de los datos.<\/p>\n<p align=\"justify\">Para enviar nuestros boletines, nuestras campa\u00f1as de correo electr\u00f3nico son gestionadas por AAASeedz.<\/p>\n<p align=\"justify\">Todos los subcontratistas, proveedores de servicios, Socios u otros terceros mencionados anteriormente est\u00e1n sujetos a obligaciones contractuales de respetar la confidencialidad y la protecci\u00f3n de los Datos y de procesarlos \u00fanicamente para los fines para los que se los transferimos.<\/p>\n<p align=\"justify\">Sus Datos podr\u00e1n ser transferidos a cualquier comprador u otro sucesor en caso de fusi\u00f3n, desinversi\u00f3n, reestructuraci\u00f3n, reorganizaci\u00f3n, disoluci\u00f3n u otra venta o transferencia de algunos o todos los activos de AAASeedz por incertidumbre o quiebra, liquidaci\u00f3n u otros procesos en los que los Datos de Usuario de AAASeedz sean uno de los activos transferidos.<\/p>\n<p align=\"justify\">Por \u00faltimo, tambi\u00e9n podremos revelar sus Datos: para cumplir cualquier mandato exigido por la legislaci\u00f3n aplicable, incluidas las solicitudes gubernamentales y reglamentarias. Si creemos que la divulgaci\u00f3n es necesaria o apropiada para proteger los derechos, la propiedad o la seguridad de AAASeedz, sus clientes u otras partes interesadas. Esta posible divulgaci\u00f3n incluye el intercambio de informaci\u00f3n con otras empresas y organizaciones con fines de protecci\u00f3n contra el fraude y la falsificaci\u00f3n.<\/p>\n<p align=\"justify\">El Sitio Web puede contener enlaces a diversos sitios web y plataformas de redes sociales gestionados en servidores de terceros, por personas u organizaciones sobre las que AAASeedz no tiene control alguno. En consecuencia, no podemos responsabilizarnos en ning\u00fan caso de la forma en que se almacenen o utilicen sus Datos en los servidores de dichos terceros. Le aconsejamos que lea la pol\u00edtica de privacidad aplicable de cada sitio web de terceros al que acceda a trav\u00e9s del Sitio para comprender c\u00f3mo se utilizar\u00e1n sus Datos.<\/p>\n<p><strong>5. \u00bfDurante cu\u00e1nto tiempo se conservar\u00e1n sus datos?<\/strong><\/p>\n<p align=\"justify\">AAASeedz s\u00f3lo conservar\u00e1 sus Datos durante el tiempo necesario para alcanzar los fines establecidos en el art\u00edculo 3. Este periodo de conservaci\u00f3n no es el mismo en funci\u00f3n de los Datos de que se trate, ya que la naturaleza y la finalidad de la recogida pueden hacer variar dicho periodo. Asimismo, determinadas obligaciones legales imponen un periodo de conservaci\u00f3n espec\u00edfico.<br \/>\nCuando se suscribe al Bolet\u00edn, conservamos su direcci\u00f3n de correo electr\u00f3nico hasta que se d\u00e9 de baja.<\/p>\n<p align=\"justify\">Cuando se ponga en contacto con AAASeedz a trav\u00e9s del formulario de contacto o cuando se comunique con nosotros por tel\u00e9fono, sus datos podr\u00e1n conservarse: hasta un (1) a\u00f1o a partir del \u00faltimo contacto si no dispone de una cuenta de cliente o ha realizado un pedido en el Sitio. Hasta diez (10) a\u00f1os (plazo legal) a partir del \u00faltimo pedido realizado en el Sitio, si esta informaci\u00f3n se refiere a dicho pedido. En todos los dem\u00e1s casos, el per\u00edodo de conservaci\u00f3n de estos Datos intercambiados no exceder\u00e1 de un (1) a\u00f1o.<\/p>\n<p align=\"justify\">Con respecto a su cuenta de usuario, todos sus datos de facturaci\u00f3n se conservan durante diez (10) a\u00f1os a partir de la fecha de compra, incluso si ha solicitado que se desactive su cuenta de usuario.<\/p>\n<p align=\"justify\">Si solicita la supresi\u00f3n de los Datos Personales, su cuenta de usuario en el Sitio ser\u00e1 desactivada y anonimizada, y posteriormente suprimida por completo al final de los periodos mencionados a partir del d\u00eda en que realiz\u00f3 la solicitud. Por \u00faltimo, los Datos recogidos mediante cookies o trazadores se conservar\u00e1n hasta seis (6) meses para las cookies o trazadores de medici\u00f3n de audiencia y hasta trece (13) meses para los dem\u00e1s. M\u00e1s all\u00e1 de los periodos de conservaci\u00f3n mencionados, sus Datos ser\u00e1n anonimizados y conservados exclusivamente con fines estad\u00edsticos.<\/p>\n<p><strong>6. \u00bfC\u00f3mo se protegen sus datos?<\/strong><\/p>\n<p align=\"justify\">Sus datos se almacenan en un servidor seguro protegido por un cortafuegos y un programa antivirus. Hemos establecido medidas t\u00e9cnicas y organizativas para garantizar la seguridad y confidencialidad de sus Datos contra p\u00e9rdidas accidentales y contra el acceso, uso, modificaci\u00f3n y divulgaci\u00f3n no autorizados. Sin embargo, dadas las caracter\u00edsticas inherentes a Internet, nos resulta imposible garantizar la seguridad \u00f3ptima de los intercambios de informaci\u00f3n en esta red. Nos esforzamos por proteger sus Datos, pero no podemos garantizar la seguridad absoluta de la informaci\u00f3n transmitida al Sitio. Usted acepta que transmite sus Datos por su cuenta y riesgo. No podemos hacernos responsables del incumplimiento de los par\u00e1metros de confidencialidad o de las medidas de seguridad vigentes en el Sitio.  En este sentido, usted acepta que la seguridad de su informaci\u00f3n es tambi\u00e9n su responsabilidad. Por ejemplo, es responsabilidad suya mantener en secreto la contrase\u00f1a que le permite acceder a su cuenta de usuario. En ning\u00fan caso debe divulgarla a terceros. Del mismo modo, tenga cuidado al divulgar informaci\u00f3n en las secciones p\u00fablicas del Sitio, que pueden ser consultadas por cualquier usuario del Sitio.<\/p>\n<p><strong>7. \u00bfCu\u00e1les son sus derechos?<\/strong><\/p>\n<p align=\"justify\">Usted puede elegir c\u00f3mo se utilizan los datos que nos env\u00eda:<\/p>\n<p align=\"justify\">Puede navegar por el Sitio sin proporcionar ning\u00fan Dato. En este caso, no podr\u00e1 utilizar determinadas funciones del Sitio y, en particular, realizar compras (si es un usuario normal) y\/o descargas del Sitio. Puede negarse a facilitar sus datos bancarios y\/o direcciones postales.  En este caso, no podr\u00e1 realizar ninguna compra en el Sitio. Puede decidir dejar de recibir el Bolet\u00edn y nuestras ofertas personalizadas: s\u00f3lo tiene que conectarse a su cuenta de usuario en el Sitio o hacer clic en el enlace que figura en el correo electr\u00f3nico que le enviamos.<\/p>\n<p align=\"justify\">En cualquier caso, podr\u00e1 acceder a su cuenta de usuario en cualquier momento para consultar o actualizar sus Datos y darse de baja de nuestra Newsletter si se ha suscrito a ella. De conformidad con las disposiciones de la normativa aplicable en materia de protecci\u00f3n de datos personales, en particular el Reglamento Europeo de Protecci\u00f3n de Datos 2016\/679 (el \"RGPD\") y la Ley francesa de Protecci\u00f3n de Datos de 6 de enero de 1978 n\u00ba 78-17, en su versi\u00f3n modificada, tiene derecho a acceder a sus Datos y rectificarlos. Adem\u00e1s, con sujeci\u00f3n a las condiciones establecidas por dichos reglamentos para el ejercicio de estos derechos, tiene derecho a:<\/p>\n<p align=\"justify\">Derecho a la supresi\u00f3n de sus Datos (excepto los datos contables, que deben conservarse durante 10 a\u00f1os en virtud de la legislaci\u00f3n francesa - art\u00edculo L123-22 del C\u00f3digo de Comercio franc\u00e9s).<br \/>\nDerecho a limitar el tratamiento de sus datos<br \/>\nderecho a oponerse al tratamiento de sus Datos por motivos leg\u00edtimos, de conformidad con el art\u00edculo 21 del RGPD<br \/>\nderecho a la portabilidad de los Datos que ha facilitado (para el tratamiento automatizado basado en el consentimiento o la ejecuci\u00f3n de un contrato)<br \/>\nDerecho a retirar su consentimiento, cuando se le haya solicitado. Cuando el tratamiento de sus Datos se lleve a cabo sobre la base de su consentimiento, podr\u00e1 retirarlo en cualquier momento.<\/p>\n<p align=\"justify\">No obstante, reconoce que el tratamiento efectuado antes de la revocaci\u00f3n de su consentimiento sigue siendo perfectamente v\u00e1lido. Tambi\u00e9n tiene derecho a oponerse, sin necesidad de justificaci\u00f3n, a que AAASeedz analice sus Datos para compartirlos con fines de marketing. No obstante, de conformidad con el art\u00edculo 12.6 del RGPD, para el ejercicio de estos derechos, AAASeedz, como responsable de este tratamiento, se reserva el derecho a solicitarle que acredite su identidad. Le informamos de que los datos que le permitan acreditar su identidad ser\u00e1n suprimidos una vez hayamos respondido a su solicitud. Puede ejercer estos derechos enviando un correo electr\u00f3nico en franc\u00e9s a la siguiente direcci\u00f3n: contact@aaaseedz.com.<\/p>\n<p align=\"justify\">Disponemos de un mes para responder a cualquier solicitud relacionada con el ejercicio de sus derechos. Este plazo podr\u00e1 prorrogarse dos meses si la solicitud es demasiado compleja o numerosa.<\/p>\n<p><strong>8. \u00bfQu\u00e9 son las cookies y c\u00f3mo puedo gestionarlas?<\/strong><\/p>\n<p align=\"justify\">Una cookie es un peque\u00f1o archivo de texto que se env\u00eda a su ordenador, smartphone o tableta a trav\u00e9s de su navegador de Internet y se almacena en el disco duro de su terminal cuando visita nuestro sitio. Las cookies permiten a AAASeedz, durante su periodo de validez, reconocerle cada vez que accede a nuestro sitio.<\/p>\n<p align=\"justify\">El periodo de validez y conservaci\u00f3n de las cookies var\u00eda seg\u00fan el tipo de cookie. Las cookies pueden ser temporales (cookies de sesi\u00f3n) o permanentes. Las cookies de sesi\u00f3n s\u00f3lo est\u00e1n activas durante su visita y se borran cuando cierra el navegador. Las cookies permanentes permanecen en el disco duro de su terminal cuando abandona el sitio y permanecen all\u00ed hasta que usted las borra manualmente o el navegador las purga despu\u00e9s de un cierto periodo.<\/p>\n<p align=\"justify\">Una cookie registra informaci\u00f3n an\u00f3nima relativa a la navegaci\u00f3n de su terminal en nuestro sitio (p\u00e1ginas consultadas, fecha y hora de acceso, proveedor de acceso a Internet, sistema operativo) que puede leerse durante todo su periodo de validez y utilizarse \u00fanicamente con fines estad\u00edsticos.<\/p>\n<p align=\"justify\">AAASeedz puede tratar la informaci\u00f3n contenida en las cookies relativa a su visita con el fin de mejorar el contenido de nuestro sitio, identificar las p\u00e1ginas del sitio que requieren mantenimiento, analizar los patrones de comportamiento de los usuarios y optimizar su experiencia de navegaci\u00f3n. Estas cookies facilitan la navegaci\u00f3n y la utilizaci\u00f3n del sitio.<\/p>\n<p align=\"justify\">AAASeedz utiliza cookies anal\u00edticas de rendimiento para supervisar el rendimiento de sus sitios web, por ejemplo para determinar el n\u00famero de veces que se ve una p\u00e1gina y el n\u00famero de usuarios \u00fanicos en su sitio web. Los servicios de an\u00e1lisis web pueden ser desarrollados y operados por terceros.<\/p>\n<p align=\"justify\">AAASeedz utiliza soluciones de terceros (en particular, Google Analytics) para recopilar informaci\u00f3n sobre los visitantes del sitio mediante estas cookies. Esta informaci\u00f3n puede ser utilizada por los proveedores de estas soluciones.<\/p>\n<p align=\"justify\">Como usuario, se le informa de que se utilizan cookies cuando se conecta al Sitio y de que puede evitar que se guarden configurando los ajustes de su navegador. En su caso, se le informar\u00e1 de que el acceso a determinados contenidos o funcionalidades del Sitio puede verse afectado o resultar imposible. En tales casos, AAASeedz declina toda responsabilidad por las consecuencias de la alteraci\u00f3n del funcionamiento de nuestro Sitio y de sus servicios propuestos.<\/p>\n<p align=\"justify\">La mayor\u00eda de los navegadores est\u00e1n configurados para aceptar las cookies utilizadas en nuestros sitios web. Sin embargo, puede ajustar esta configuraci\u00f3n para desactivar las cookies. Los siguientes enlaces le explicar\u00e1n c\u00f3mo ajustar la configuraci\u00f3n de cookies de su navegador:<\/p>\n<p align=\"justify\">- Firefox : Haz clic <a href=\"https:\/\/support.mozilla.org\/fr\/kb\/protection-renforcee-contre-pistage-firefox-ordinateur?redirectlocale=fr&amp;redirectslug=activer-desactiver-cookies\" target=\"blank\" rel=\"noopener\">ICI<\/a><br \/>\n- Internet Explorer: Haga clic en <a href=\"https:\/\/support.microsoft.com\/fr-fr\/help\/278835\/how-to-delete-cookie-files-in-internet-explorer\" target=\"blank\" rel=\"noopener\">ICI<\/a><br \/>\n- Google Chrome: Haga clic en <a href=\"https:\/\/support.google.com\/chrome\/answer\/95647?hl=fr&amp;hlrm=en-GB\" target=\"blank\" rel=\"noopener\">ICI<\/a><br \/>\n- Opera : Haga clic en <a href=\"https:\/\/help.opera.com\/en\/latest\/web-preferences\/#cookies\" target=\"blank\" rel=\"noopener\">ICI<\/a><br \/>\n- Safari (iOS): Haga clic en <a href=\"https:\/\/support.apple.com\/fr-fr\/HT201265\" target=\"blank\" rel=\"noopener\">ICI<\/a><\/p>\n<p align=\"justify\">Al desactivar las cookies, tenga en cuenta que es posible que algunos elementos gr\u00e1ficos no se muestren correctamente o que no pueda utilizar determinadas aplicaciones.<\/p>\n<p align=\"justify\">Por \u00faltimo, al hacer clic en los iconos dedicados a las redes sociales (Twitter, Facebook, Instagram, Youtube, etc.) en el Sitio, y si ha aceptado el dep\u00f3sito de cookies al continuar su navegaci\u00f3n, estas redes sociales tambi\u00e9n podr\u00e1n depositar cookies en su terminal.<\/p>\n<p align=\"justify\">La informaci\u00f3n relativa a su consentimiento para el uso de cookies se conservar\u00e1 durante un per\u00edodo m\u00e1ximo de 13 meses.<\/p>\n<p><strong>9. Almacenamiento de los datos recogidos por AAASeedz<\/strong><\/p>\n<p align=\"justify\">Los Datos recogidos en relaci\u00f3n con el uso del Sitio se almacenan exclusivamente en un servidor situado en Francia, alojado en la empresa IONOS 7 place de la garre 57200 Sarreguemines.<\/p>\n<p align=\"right\"><em><span style=\"font-size: small;\"> \u00daltima actualizaci\u00f3n: 30\/04\/2024<\/span><\/em><\/p>","protected":false},"excerpt":{"rendered":"<p>CARTA DE PROTECCI\u00d3N DE DATOS PERSONALES De conformidad con el Reglamento Europeo 2016\/679 de 27 de abril de 2016 (RGPD) Esta carta de protecci\u00f3n de datos personales est\u00e1 dise\u00f1ada para proteger los datos personales.<\/p>","protected":false},"author":1,"featured_media":0,"parent":0,"menu_order":0,"comment_status":"closed","ping_status":"open","template":"","meta":{"footnotes":""},"class_list":["post-3","page","type-page","status-publish","hentry"],"jetpack_sharing_enabled":true,"_links":{"self":[{"href":"https:\/\/www.aaaseedz.com\/es\/wp-json\/wp\/v2\/pages\/3","targetHints":{"allow":["GET"]}}],"collection":[{"href":"https:\/\/www.aaaseedz.com\/es\/wp-json\/wp\/v2\/pages"}],"about":[{"href":"https:\/\/www.aaaseedz.com\/es\/wp-json\/wp\/v2\/types\/page"}],"author":[{"embeddable":true,"href":"https:\/\/www.aaaseedz.com\/es\/wp-json\/wp\/v2\/users\/1"}],"replies":[{"embeddable":true,"href":"https:\/\/www.aaaseedz.com\/es\/wp-json\/wp\/v2\/comments?post=3"}],"version-history":[{"count":0,"href":"https:\/\/www.aaaseedz.com\/es\/wp-json\/wp\/v2\/pages\/3\/revisions"}],"wp:attachment":[{"href":"https:\/\/www.aaaseedz.com\/es\/wp-json\/wp\/v2\/media?parent=3"}],"curies":[{"name":"wp","href":"https:\/\/api.w.org\/{rel}","templated":true}]}}