{"id":50,"date":"2024-02-01T00:12:36","date_gmt":"2024-01-31T23:12:36","guid":{"rendered":"https:\/\/www.aaaseedz.com\/?page_id=50"},"modified":"2025-06-03T21:23:33","modified_gmt":"2025-06-03T19:23:33","slug":"informacion-legal","status":"publish","type":"page","link":"https:\/\/www.aaaseedz.com\/es\/mentions-legales\/","title":{"rendered":"Informaci\u00f3n Jur\u00eddica"},"content":{"rendered":"<p align=\"center\"><img decoding=\"async\" src=\"https:\/\/www.aaaseedz.com\/wp-content\/uploads\/2024\/04\/Logo-AAASeedz-01.png\" \/><\/p>\n<p style=\"text-align: center;\"><strong>AVISOS LEGALES<\/strong><\/p>\n<p align=\"justify\">AAASeedz se preocupa por los derechos de las personas, en particular en lo que respecta al tratamiento automatizado, y en un af\u00e1n de transparencia con sus clientes, ha puesto en marcha una pol\u00edtica que abarca todos estos tratamientos, los fines para los que se llevan a cabo y los medios de acci\u00f3n a disposici\u00f3n de las personas para que puedan ejercer sus derechos de la mejor manera posible. Para m\u00e1s informaci\u00f3n sobre la protecci\u00f3n de datos personales, consulte el sitio web: https:\/\/www.cnil.fr\/ o a trav\u00e9s de la p\u00e1gina del RGPD del sitio web. La navegaci\u00f3n continua por este sitio implica la aceptaci\u00f3n sin reservas de las siguientes disposiciones y condiciones de uso. La versi\u00f3n de estas condiciones de uso actualmente en l\u00ednea es la \u00fanica versi\u00f3n que puede invocarse durante todo el periodo de utilizaci\u00f3n del sitio y hasta que una nueva versi\u00f3n la sustituya.<\/p>\n<p><strong>1. Editor, anfitri\u00f3n y gestor<\/strong><\/p>\n<p>Empresa: EURL TRIPLE A FAIRPRADE BANK<br \/>\nSede: 15 rue des Halles - 75001 Par\u00eds<br \/>\nCapital: 5.000 euros<br \/>\nRCS: 977848613 - APE: 4719B<br \/>\nCorreo electr\u00f3nico: contact@aaaseedz.com<\/p>\n<p>Editor: AAASeedz<br \/>\nDirector de la publicaci\u00f3n: Nicolas Perez<\/p>\n<p>Anfitri\u00f3n : IONOS - 7 place de la gare - 57200 Sarreguemines - Francia<\/p>\n<p><strong>2. 2. Acceso al emplazamiento<\/strong><\/p>\n<p align=\"justify\">El acceso y la utilizaci\u00f3n del sitio son estrictamente para uso personal. Usted se compromete a no utilizar este sitio ni la informaci\u00f3n o los datos que contiene con fines comerciales, pol\u00edticos o publicitarios, ni para ning\u00fan tipo de solicitud comercial, en particular el env\u00edo de correos electr\u00f3nicos no solicitados.<\/p>\n<p><strong>3. 3. Condiciones de uso<\/strong><\/p>\n<p align=\"justify\">El sitio accesible a trav\u00e9s de la siguiente URL: www.aaaseedz.com funciona de conformidad con la legislaci\u00f3n francesa. El uso de este sitio se rige por las presentes condiciones. Al utilizar el sitio, reconoce haber le\u00eddo y aceptado estas condiciones. Podr\u00e1n ser modificadas en cualquier momento sin previo aviso. AAASeedz no podr\u00e1 ser considerada responsable en ning\u00fan caso del uso indebido del servicio.<\/p>\n<p><strong>4. Contenido del sitio<\/strong><\/p>\n<p align=\"justify\">Todas las marcas, fotograf\u00edas, textos, comentarios, ilustraciones, im\u00e1genes (animadas o no), secuencias de v\u00eddeo, sonidos, as\u00ed como todas las aplicaciones inform\u00e1ticas que puedan utilizarse para el funcionamiento de este sitio y, de forma m\u00e1s general, todos los elementos reproducidos o utilizados en el sitio est\u00e1n protegidos por la legislaci\u00f3n vigente en materia de propiedad intelectual.<\/p>\n<p align=\"justify\">Son propiedad plena y entera de AAASeedz o de sus socios. Queda estrictamente prohibida toda reproducci\u00f3n, representaci\u00f3n, utilizaci\u00f3n o adaptaci\u00f3n, en cualquier forma, de la totalidad o parte de estos elementos, incluidas las aplicaciones inform\u00e1ticas, sin el consentimiento previo por escrito de AAASeedz. El hecho de que AAASeedz no inicie acciones judiciales en cuanto tenga conocimiento de estos usos no autorizados no implica la aceptaci\u00f3n de dichos usos ni la renuncia a entablar acciones judiciales.<\/p>\n<p><strong>5. 5. Gesti\u00f3n del sitio<\/strong><\/p>\n<p align=\"justify\">Para la correcta gesti\u00f3n del sitio, AAASeedz podr\u00e1 en cualquier momento: Suspender, interrumpir o limitar el acceso a todo o parte del sitio, restringir el acceso al sitio, o a determinadas partes del mismo, a una categor\u00eda espec\u00edfica de usuarios de Internet. Suprimir cualquier informaci\u00f3n que pueda perturbar su funcionamiento o contravenir las leyes nacionales o internacionales. Suspender el sitio para realizar actualizaciones.<\/p>\n<p><strong>6. Limitaci\u00f3n de responsabilidad<\/strong><\/p>\n<p align=\"justify\">La informaci\u00f3n contenida en este sitio es lo m\u00e1s exacta posible y se actualiza peri\u00f3dicamente, pero puede contener imprecisiones, omisiones o lagunas. Si observa una laguna, un error o lo que parece ser un mal funcionamiento, le rogamos que nos lo comunique por correo electr\u00f3nico, describiendo el problema con la mayor precisi\u00f3n posible (p\u00e1gina causante del problema, acci\u00f3n desencadenante, tipo de ordenador y navegador utilizados, etc.). AAASeedz no podr\u00e1 ser considerada responsable en caso de fallo, aver\u00eda, dificultad o interrupci\u00f3n del funcionamiento que impida el acceso al sitio o a cualquiera de sus funciones.<\/p>\n<p align=\"justify\">El equipo que utilice para conectarse al sitio es de su exclusiva responsabilidad. Debe tomar todas las medidas adecuadas para proteger su equipo y sus propios datos, en particular de los ataques virales a trav\u00e9s de Internet. Asimismo, usted es el \u00fanico responsable de los sitios y datos que consulte. AAASeedz no podr\u00e1 ser considerada responsable en caso de procedimiento judicial contra usted: Por el uso del sitio o de cualquier servicio accesible a trav\u00e9s de Internet y por su incumplimiento de las presentes condiciones. AAASeedz no se hace responsable de los da\u00f1os causados a usted, a terceros y\/o a su equipo como consecuencia de su conexi\u00f3n o uso del sitio, y usted renuncia a emprender cualquier acci\u00f3n contra AAASeedz como consecuencia de ello. Si AAASeedz es objeto de un procedimiento amistoso o judicial como consecuencia de su uso del sitio, podr\u00e1 emprender acciones contra usted para obtener una indemnizaci\u00f3n por todos los da\u00f1os, sumas, multas y costes que puedan derivarse de dicho procedimiento. Por lo tanto, es responsabilidad suya tomar las precauciones necesarias para asegurarse de que lo que decide utilizar est\u00e1 libre de errores o incluso de elementos destructivos como virus, troyanos, etc.<\/p>\n<p align=\"justify\">AAASeedz no se hace responsable de los enlaces de hipertexto establecidos en este sitio web con otros recursos de Internet (para m\u00e1s informaci\u00f3n, v\u00e9ase el art\u00edculo 7).<\/p>\n<p align=\"justify\">No se ofrece ninguna otra garant\u00eda al cliente, que tiene la obligaci\u00f3n de formular claramente sus necesidades y el deber de informarse. Si la informaci\u00f3n proporcionada por AAASeedz parece inexacta, es responsabilidad del cliente verificar la coherencia o verosimilitud de los resultados obtenidos. AAASeedz no ser\u00e1 en ning\u00fan caso responsable frente a terceros por el uso que el cliente haga de la informaci\u00f3n o falta de ella contenida en sus productos, incluida una de sus p\u00e1ginas web.<\/p>\n<p><strong>7. Enlaces de hipertexto<\/strong><\/p>\n<p align=\"justify\">El sitio web de AAASeedz puede proporcionar enlaces a otros sitios web u otros recursos disponibles en Internet.<\/p>\n<p align=\"justify\">AAASeedz no tiene ning\u00fan medio de controlar los sitios conectados a sus sitios de Internet. AAASeedz no es responsable de la disponibilidad de dichos sitios y fuentes externas, ni los garantiza. AAASeedz no podr\u00e1 ser considerada responsable de los da\u00f1os, cualquiera que sea su naturaleza, que se deriven del contenido de estos sitios o fuentes externas y, en particular, de la informaci\u00f3n, productos o servicios que ofrecen, ni del uso que pueda hacerse de estos elementos. Los riesgos asociados a esta utilizaci\u00f3n incumben plenamente al internauta, que deber\u00e1 respetar sus condiciones de uso.<\/p>\n<p align=\"justify\">Los usuarios, suscriptores y visitantes de los sitios web de AAASeedz no podr\u00e1n establecer un hiperenlace a este sitio sin la autorizaci\u00f3n previa y expresa de AAASeedz. En caso de que un usuario o visitante desee establecer un hiperv\u00ednculo a uno de los sitios web de AAASeedz, deber\u00e1 enviar un correo electr\u00f3nico al sitio para solicitar el establecimiento de un hiperv\u00ednculo. AAASeedz se reserva el derecho de aceptar o rechazar un hiperenlace sin tener que justificar su decisi\u00f3n.<\/p>\n<p><strong>8. Declaraci\u00f3n a la CNIL<\/strong><\/p>\n<p align=\"justify\">De conformidad con la Ley 78-17 de 6 de enero de 1978 (modificada por la Ley 2004-801 de 6 de agosto de 2004 relativa a la protecci\u00f3n de las personas f\u00edsicas en lo que respecta al tratamiento de datos personales) sobre la inform\u00e1tica, los ficheros y las libertades, el sitio ha sido registrado en la Comisi\u00f3n Nacional de Inform\u00e1tica y Libertades (CNIL).<\/p>\n<p><strong>9. Recogida y protecci\u00f3n de datos<\/strong><\/p>\n<p align=\"justify\">Sus datos son recogidos por AAASeedz Por datos personales se entiende toda informaci\u00f3n sobre una persona f\u00edsica identificada o identificable (interesado); se considera identificable toda persona cuya identidad pueda determinarse, directa o indirectamente, en particular mediante un nombre, un n\u00famero de identificaci\u00f3n o uno o varios elementos espec\u00edficos, caracter\u00edsticos de su identidad f\u00edsica, fisiol\u00f3gica, gen\u00e9tica, ps\u00edquica, econ\u00f3mica, cultural o social.<\/p>\n<p align=\"justify\">La informaci\u00f3n personal que puede recogerse en el sitio es utilizada principalmente por AAASeedz para procesar sus pedidos y, en su caso, para gestionar las relaciones con usted. Los datos personales recogidos son los siguientes Apellidos, nombre, direcci\u00f3n postal completa, n\u00famero de tel\u00e9fono y direcci\u00f3n de correo electr\u00f3nico. Sus datos personales son confidenciales y en ning\u00fan caso ser\u00e1n comunicados a terceros, salvo para la correcta ejecuci\u00f3n del servicio.<\/p>\n<p><strong>10. Utilizaci\u00f3n de datos<\/strong><\/p>\n<p align=\"justify\">Los datos personales recogidos de los usuarios se utilizan para prestar y mejorar los servicios de la Plataforma y para mantener un entorno seguro. La base jur\u00eddica del tratamiento es la ejecuci\u00f3n del contrato entre el usuario y la Plataforma. M\u00e1s concretamente, los usos son los siguientes Acceso y uso de la Plataforma por parte del usuario. Gesti\u00f3n del funcionamiento y optimizaci\u00f3n de la Plataforma. Implementaci\u00f3n de la asistencia al usuario. Verificaci\u00f3n, identificaci\u00f3n y autenticaci\u00f3n de los datos transmitidos por el usuario. Personalizaci\u00f3n de los servicios mostrando publicidad en funci\u00f3n del historial de navegaci\u00f3n y preferencias del usuario. Prevenci\u00f3n y detecci\u00f3n de fraudes, programas maliciosos y gesti\u00f3n de incidentes de seguridad. Gesti\u00f3n de posibles litigios con los usuarios. Env\u00edo de informaci\u00f3n comercial y publicitaria en funci\u00f3n de las preferencias del usuario.<\/p>\n<p><strong>11. Pol\u00edtica de conservaci\u00f3n de datos<\/strong><\/p>\n<p align=\"justify\">La Plataforma conserva sus datos durante el tiempo que sea necesario para prestarle sus servicios o asistencia. En la medida en que sea razonablemente necesario o exigido para cumplir obligaciones legales o reglamentarias, resolver litigios, evitar fraudes y abusos o hacer cumplir nuestros t\u00e9rminos y condiciones, tambi\u00e9n podremos conservar parte de su informaci\u00f3n seg\u00fan sea necesario, incluso despu\u00e9s de que haya cerrado su cuenta o ya no la necesitemos para prestarle nuestros servicios.<\/p>\n<p><strong>12. Compartir datos personales con terceros<\/strong><\/p>\n<p align=\"justify\">Los datos personales podr\u00e1n ser compartidos con terceras empresas exclusivamente en la Uni\u00f3n Europea, en los siguientes casos: Cuando el usuario publique informaci\u00f3n de acceso p\u00fablico en las zonas de comentarios libres de la Plataforma. Cuando el usuario autorice a un sitio web de terceros a acceder a sus datos. Cuando la Plataforma utiliza los servicios de proveedores de servicios para prestar servicios de atenci\u00f3n al usuario, publicidad y pago. Estos proveedores de servicios tienen acceso limitado a los datos del usuario para prestar estos servicios y est\u00e1n obligados contractualmente a utilizarlos de conformidad con lo dispuesto en la normativa aplicable en materia de protecci\u00f3n de datos personales. Si as\u00ed lo exige la ley, la Plataforma podr\u00e1 transmitir datos con el fin de presentar reclamaciones contra la Plataforma y cumplir con los procedimientos administrativos y judiciales.<\/p>\n<p><strong>13. 13. Derecho de acceso<\/strong><\/p>\n<p align=\"justify\">En aplicaci\u00f3n de esta ley, los internautas disponen de un derecho de acceso, rectificaci\u00f3n, modificaci\u00f3n, supresi\u00f3n, limitaci\u00f3n, oposici\u00f3n y portabilidad de los datos que les conciernen personalmente. Este derecho puede ejercerse por correo postal a AAASeedz o por correo electr\u00f3nico a la siguiente direcci\u00f3n: contact@aaaseedz.com.<\/p>\n<p align=\"justify\">Todas las solicitudes deber\u00e1n ir acompa\u00f1adas de una fotocopia de un documento de identidad v\u00e1lido y firmado e indicar la direcci\u00f3n en la que AAASeedz puede ponerse en contacto con el solicitante. Se enviar\u00e1 una respuesta en el plazo de un mes a partir de la recepci\u00f3n de la solicitud. Este plazo de un mes podr\u00e1 prorrogarse dos meses si la complejidad de la solicitud y\/o el n\u00famero de solicitudes as\u00ed lo exigen.<\/p>\n<p align=\"justify\">Adem\u00e1s, y desde la Ley n.\u00ba 2016-1321 de 7 de octubre de 2016, las personas f\u00edsicas que lo deseen tienen la posibilidad de organizar el destino de sus datos tras su fallecimiento. Para m\u00e1s informaci\u00f3n sobre este tema, puede visitar el sitio web de la CNIL: https:\/\/www.cnil.fr\/. Los usuarios tambi\u00e9n pueden presentar una reclamaci\u00f3n ante la CNIL. Le recomendamos que se ponga primero en contacto con nosotros antes de presentar una reclamaci\u00f3n ante la CNIL, ya que estamos a su entera disposici\u00f3n para resolver su problema.<\/p>\n<p><strong>14. 14. Derechos de propiedad intelectual<\/strong><\/p>\n<p align=\"justify\">Todos los contenidos de este sitio, incluidos, entre otros, gr\u00e1ficos, im\u00e1genes, textos, v\u00eddeos, animaciones, sonidos, logotipos, gifs e iconos, as\u00ed como su disposici\u00f3n, son propiedad exclusiva de AAASeedz, a excepci\u00f3n de las marcas, logotipos o contenidos pertenecientes a otros socios o autores.<\/p>\n<p align=\"justify\">Cualquier reproducci\u00f3n, distribuci\u00f3n, modificaci\u00f3n, adaptaci\u00f3n, retransmisi\u00f3n o publicaci\u00f3n, incluso parcial, de estos distintos elementos est\u00e1 estrictamente prohibida sin el consentimiento expreso y por escrito de AAASeedz. Esta representaci\u00f3n o reproducci\u00f3n, por cualquier medio que sea, constituye una infracci\u00f3n sancionada por los art\u00edculos L.335-2 y siguientes del C\u00f3digo franc\u00e9s de la Propiedad Intelectual. El incumplimiento de esta prohibici\u00f3n constituye una infracci\u00f3n que puede dar lugar a la responsabilidad civil y penal del infractor. Adem\u00e1s, los propietarios del Contenido copiado podr\u00e1n emprender acciones legales contra usted.<\/p>\n<p align=\"justify\">AAASeedz es id\u00e9nticamente titular de los \"derechos de los productores de bases de datos\" contemplados en el Libro III, T\u00edtulo IV, del C\u00f3digo de la Propiedad Intelectual (Ley n\u00ba 98-536 de 1 de julio de 1998) relativo a los derechos de autor y a las bases de datos.<\/p>\n<p align=\"justify\">Para cualquier solicitud de autorizaci\u00f3n o informaci\u00f3n, p\u00f3ngase en contacto con nosotros por correo electr\u00f3nico: contact@aaaseedz.com.<\/p>\n<p><strong>15. Ofertas comerciales<\/strong><\/p>\n<p align=\"justify\">Puede recibir ofertas comerciales de AAASeedz, socios de AAASeedz con fines de prospecci\u00f3n comercial. Si no desea recibir dichas ofertas, p\u00f3ngase en contacto con nosotros por correo electr\u00f3nico: contact@aaaseedz.com.<\/p>\n<p align=\"justify\">Si, al consultar el sitio, accede a datos personales, debe abstenerse de cualquier recogida, de cualquier uso no autorizado y de cualquier acto que pueda constituir una violaci\u00f3n de la vida privada o de la reputaci\u00f3n de las personas. AAASeedz no asume ninguna responsabilidad a este respecto. Los datos se conservan y utilizan durante un periodo de tiempo conforme a la legislaci\u00f3n vigente.<\/p>\n<p><strong>16. Cookies<\/strong><\/p>\n<p align=\"justify\">Con fines estad\u00edsticos y de visualizaci\u00f3n, este sitio utiliza cookies. Se trata de peque\u00f1os archivos de texto que se almacenan en su disco duro para registrar datos t\u00e9cnicos sobre su navegaci\u00f3n. Algunas partes de este sitio no pueden utilizarse sin aceptar las cookies. Para m\u00e1s informaci\u00f3n, haga clic aqu\u00ed: Qu\u00e9 son las cookies y c\u00f3mo puedo gestionarlas (para m\u00e1s informaci\u00f3n, consulte el art\u00edculo 8 del RGPD en la p\u00e1gina del sitio).<\/p>\n<p><strong>17. Buscar en<\/strong><\/p>\n<p align=\"justify\">Adem\u00e1s, el hecho de remitir a un sitio web para completar una b\u00fasqueda no significa en modo alguno que AAASeedz reconozca o acepte responsabilidad alguna por el contenido o el uso de dicho sitio web.<\/p>\n<p><strong>18. Fotograf\u00edas y representaci\u00f3n de productos<\/strong><\/p>\n<p align=\"justify\">Las fotograf\u00edas e im\u00e1genes de los productos, que acompa\u00f1an a su descripci\u00f3n, no son contractuales y no comprometen a AAASeedz.<\/p>\n<p><strong>19. Litigios y legislaci\u00f3n aplicable<\/strong><\/p>\n<p align=\"justify\">Las presentes condiciones generales se rigen por el derecho franc\u00e9s y cualquier litigio o controversia que pudiera derivarse de su interpretaci\u00f3n o ejecuci\u00f3n ser\u00e1 competencia exclusiva de los tribunales competentes del domicilio social de AAASeedz. La lengua de referencia para la resoluci\u00f3n de posibles litigios es el franc\u00e9s. Las presentes condiciones generales est\u00e1n sujetas a la legislaci\u00f3n francesa. Esto se aplica tanto a las normas de fondo como a las formales.<\/p>\n<p><strong>20. Contacto<\/strong><\/p>\n<p align=\"justify\">AAASeedz agradece cualquier comentario o sugerencia. Puede escribirnos en ingl\u00e9s o franc\u00e9s por correo electr\u00f3nico a: contact@aaaseedz.com.<\/p>\n<p align=\"right\"><em><span style=\"font-size: small;\"> \u00daltima actualizaci\u00f3n : 05\/11\/2024<\/span><\/em><\/p>","protected":false},"excerpt":{"rendered":"<p>MENTIONS L\u00c9GALES AAASeedz, soucieux des droits des individus, notamment au regard des traitements automatis\u00e9s et dans une volont\u00e9 de transparence<\/p>","protected":false},"author":1,"featured_media":0,"parent":0,"menu_order":0,"comment_status":"closed","ping_status":"closed","template":"","meta":{"footnotes":""},"class_list":["post-50","page","type-page","status-publish","hentry"],"jetpack_sharing_enabled":true,"_links":{"self":[{"href":"https:\/\/www.aaaseedz.com\/es\/wp-json\/wp\/v2\/pages\/50","targetHints":{"allow":["GET"]}}],"collection":[{"href":"https:\/\/www.aaaseedz.com\/es\/wp-json\/wp\/v2\/pages"}],"about":[{"href":"https:\/\/www.aaaseedz.com\/es\/wp-json\/wp\/v2\/types\/page"}],"author":[{"embeddable":true,"href":"https:\/\/www.aaaseedz.com\/es\/wp-json\/wp\/v2\/users\/1"}],"replies":[{"embeddable":true,"href":"https:\/\/www.aaaseedz.com\/es\/wp-json\/wp\/v2\/comments?post=50"}],"version-history":[{"count":1,"href":"https:\/\/www.aaaseedz.com\/es\/wp-json\/wp\/v2\/pages\/50\/revisions"}],"predecessor-version":[{"id":12601,"href":"https:\/\/www.aaaseedz.com\/es\/wp-json\/wp\/v2\/pages\/50\/revisions\/12601"}],"wp:attachment":[{"href":"https:\/\/www.aaaseedz.com\/es\/wp-json\/wp\/v2\/media?parent=50"}],"curies":[{"name":"wp","href":"https:\/\/api.w.org\/{rel}","templated":true}]}}