{"id":10398,"date":"2024-05-03T14:56:53","date_gmt":"2024-05-03T12:56:53","guid":{"rendered":"https:\/\/www.aaaseedz.com\/?post_type=product&#038;p=10398"},"modified":"2025-06-10T17:20:13","modified_gmt":"2025-06-10T15:20:13","slug":"genetica-global-mangoz-sucios","status":"publish","type":"product","link":"https:\/\/www.aaaseedz.com\/es\/produit\/global-genetics-dirty-mangoz\/","title":{"rendered":"Dirty Mangoz - Global Genetics"},"content":{"rendered":"<p><strong>Semillas feminizadas<\/strong><br \/>\n<strong>Paquete<\/strong> : 6 semillas<br \/>\n<strong>Criador<\/strong> : Global Genetics<br \/>\n<strong>Nombre<\/strong> : Dirty Mangoz<br \/>\n<strong>Cruz<\/strong> Mango Z x Gross<\/p>\n<p><em>Advertencia: La posesi\u00f3n y recolecci\u00f3n de semillas est\u00e1n autorizadas en Francia. Estas semillas no deben utilizarse para fines distintos de los autorizados por la legislaci\u00f3n de su pa\u00eds. La germinaci\u00f3n y la venta a menores est\u00e1n estrictamente prohibidas. AAASeedz no se hace responsable en caso de incumplimiento de las leyes del pa\u00eds de residencia.<\/em><\/p>","protected":false},"excerpt":{"rendered":"<p>Graines F\u00e9minis\u00e9es Pack : 6 graines Breeder : Global Genetics Nom : Dirty Mangoz Croisement : Mango Z x Gross<\/p>","protected":false},"featured_media":12179,"template":"","meta":[],"product_brand":[],"product_cat":[70],"product_tag":[83,77,73,85,453,106],"class_list":{"0":"post-10398","1":"product","2":"type-product","3":"status-publish","4":"has-post-thumbnail","6":"product_cat-feminisees","7":"product_tag-dirty-mangoz","8":"product_tag-feminisee","9":"product_tag-global-genetics","10":"product_tag-gross","11":"product_tag-mango-z","12":"product_tag-terphogz","14":"first","15":"instock","16":"shipping-taxable","17":"purchasable","18":"product-type-simple"},"jetpack_sharing_enabled":true,"_links":{"self":[{"href":"https:\/\/www.aaaseedz.com\/es\/wp-json\/wp\/v2\/product\/10398","targetHints":{"allow":["GET"]}}],"collection":[{"href":"https:\/\/www.aaaseedz.com\/es\/wp-json\/wp\/v2\/product"}],"about":[{"href":"https:\/\/www.aaaseedz.com\/es\/wp-json\/wp\/v2\/types\/product"}],"wp:featuredmedia":[{"embeddable":true,"href":"https:\/\/www.aaaseedz.com\/es\/wp-json\/wp\/v2\/media\/12179"}],"wp:attachment":[{"href":"https:\/\/www.aaaseedz.com\/es\/wp-json\/wp\/v2\/media?parent=10398"}],"wp:term":[{"taxonomy":"product_brand","embeddable":true,"href":"https:\/\/www.aaaseedz.com\/es\/wp-json\/wp\/v2\/product_brand?post=10398"},{"taxonomy":"product_cat","embeddable":true,"href":"https:\/\/www.aaaseedz.com\/es\/wp-json\/wp\/v2\/product_cat?post=10398"},{"taxonomy":"product_tag","embeddable":true,"href":"https:\/\/www.aaaseedz.com\/es\/wp-json\/wp\/v2\/product_tag?post=10398"}],"curies":[{"name":"wp","href":"https:\/\/api.w.org\/{rel}","templated":true}]}}