{"id":10410,"date":"2024-05-03T16:21:13","date_gmt":"2024-05-03T14:21:13","guid":{"rendered":"https:\/\/www.aaaseedz.com\/?post_type=product&#038;p=10410"},"modified":"2025-06-11T18:41:01","modified_gmt":"2025-06-11T16:41:01","slug":"terphogz-2024-zour-pinana","status":"publish","type":"product","link":"https:\/\/www.aaaseedz.com\/es\/produit\/terphogz-2024-zour-pinana\/","title":{"rendered":"Zour Pinana - Terphogz 2024"},"content":{"rendered":"<p><strong>Semillas regulares<\/strong><br \/>\n<strong>Paquete<\/strong> 10 semillas<br \/>\n<strong>Criador<\/strong> : Terphogz<br \/>\n<strong>Nombre<\/strong> : Zour Pinana<br \/>\n<strong>Cruz<\/strong> : Pinana x Lemon Bean Zour<\/p>\n<p><em>Advertencia: La posesi\u00f3n y recolecci\u00f3n de semillas est\u00e1n autorizadas en Francia. Estas semillas no deben utilizarse para fines distintos de los autorizados por la legislaci\u00f3n de su pa\u00eds. La germinaci\u00f3n y la venta a menores est\u00e1n estrictamente prohibidas. AAASeedz no se hace responsable en caso de incumplimiento de las leyes del pa\u00eds de residencia.<\/em><\/p>","protected":false},"excerpt":{"rendered":"<p>Graines R\u00e9guli\u00e8res Pack : 10 graines Breeder : Terphogz Nom : Zour Pinana Croisement : Pinana x Lemon Bean Zour<\/p>","protected":false},"featured_media":10883,"template":"","meta":[],"product_brand":[],"product_cat":[71],"product_tag":[107,113,114,109,106,112],"class_list":{"0":"post-10410","1":"product","2":"type-product","3":"status-publish","4":"has-post-thumbnail","6":"product_cat-regulieres","7":"product_tag-107","8":"product_tag-lemon-bean-zour","9":"product_tag-pinana","10":"product_tag-regulieres","11":"product_tag-terphogz","12":"product_tag-zour-pinana","14":"first","15":"instock","16":"shipping-taxable","17":"purchasable","18":"product-type-simple"},"jetpack_sharing_enabled":true,"_links":{"self":[{"href":"https:\/\/www.aaaseedz.com\/es\/wp-json\/wp\/v2\/product\/10410","targetHints":{"allow":["GET"]}}],"collection":[{"href":"https:\/\/www.aaaseedz.com\/es\/wp-json\/wp\/v2\/product"}],"about":[{"href":"https:\/\/www.aaaseedz.com\/es\/wp-json\/wp\/v2\/types\/product"}],"wp:featuredmedia":[{"embeddable":true,"href":"https:\/\/www.aaaseedz.com\/es\/wp-json\/wp\/v2\/media\/10883"}],"wp:attachment":[{"href":"https:\/\/www.aaaseedz.com\/es\/wp-json\/wp\/v2\/media?parent=10410"}],"wp:term":[{"taxonomy":"product_brand","embeddable":true,"href":"https:\/\/www.aaaseedz.com\/es\/wp-json\/wp\/v2\/product_brand?post=10410"},{"taxonomy":"product_cat","embeddable":true,"href":"https:\/\/www.aaaseedz.com\/es\/wp-json\/wp\/v2\/product_cat?post=10410"},{"taxonomy":"product_tag","embeddable":true,"href":"https:\/\/www.aaaseedz.com\/es\/wp-json\/wp\/v2\/product_tag?post=10410"}],"curies":[{"name":"wp","href":"https:\/\/api.w.org\/{rel}","templated":true}]}}