{"id":10420,"date":"2024-05-03T16:54:57","date_gmt":"2024-05-03T14:54:57","guid":{"rendered":"https:\/\/www.aaaseedz.com\/?post_type=product&#038;p=10420"},"modified":"2025-06-11T18:46:10","modified_gmt":"2025-06-11T16:46:10","slug":"terphogz-2024-zuayaki","status":"publish","type":"product","link":"https:\/\/www.aaaseedz.com\/es\/produit\/terphogz-2024-zuayaki\/","title":{"rendered":"Zuayaki - Terphogz 2024"},"content":{"rendered":"<p><strong>Semillas regulares<\/strong><br \/>\n<strong>Paquete<\/strong> 10 semillas<br \/>\n<strong>Criador<\/strong> : Terphogz<br \/>\n<strong>Nombre<\/strong> : Zuayaki<br \/>\n<strong>Cruz<\/strong> : Z3 x Guava x Key Lime Pie<\/p>\n<p><em>Advertencia: La posesi\u00f3n y recolecci\u00f3n de semillas est\u00e1n autorizadas en Francia. Estas semillas no deben utilizarse para fines distintos de los autorizados por la legislaci\u00f3n de su pa\u00eds. La germinaci\u00f3n y la venta a menores est\u00e1n estrictamente prohibidas. AAASeedz no se hace responsable en caso de incumplimiento de las leyes del pa\u00eds de residencia.<\/em><\/p>","protected":false},"excerpt":{"rendered":"<p>Graines R\u00e9guli\u00e8res Pack : 10 graines Breeder : Terphogz Nom : Zuayaki Croisement : Z3 x Guava x Key Lime<\/p>","protected":false},"featured_media":10885,"template":"","meta":[],"product_brand":[],"product_cat":[71],"product_tag":[107,138,137,109,106,115,136],"class_list":{"0":"post-10420","1":"product","2":"type-product","3":"status-publish","4":"has-post-thumbnail","6":"product_cat-regulieres","7":"product_tag-107","8":"product_tag-guava","9":"product_tag-key-lime-pie","10":"product_tag-regulieres","11":"product_tag-terphogz","12":"product_tag-z3","13":"product_tag-zuayaki","15":"first","16":"instock","17":"shipping-taxable","18":"purchasable","19":"product-type-simple"},"jetpack_sharing_enabled":true,"_links":{"self":[{"href":"https:\/\/www.aaaseedz.com\/es\/wp-json\/wp\/v2\/product\/10420","targetHints":{"allow":["GET"]}}],"collection":[{"href":"https:\/\/www.aaaseedz.com\/es\/wp-json\/wp\/v2\/product"}],"about":[{"href":"https:\/\/www.aaaseedz.com\/es\/wp-json\/wp\/v2\/types\/product"}],"wp:featuredmedia":[{"embeddable":true,"href":"https:\/\/www.aaaseedz.com\/es\/wp-json\/wp\/v2\/media\/10885"}],"wp:attachment":[{"href":"https:\/\/www.aaaseedz.com\/es\/wp-json\/wp\/v2\/media?parent=10420"}],"wp:term":[{"taxonomy":"product_brand","embeddable":true,"href":"https:\/\/www.aaaseedz.com\/es\/wp-json\/wp\/v2\/product_brand?post=10420"},{"taxonomy":"product_cat","embeddable":true,"href":"https:\/\/www.aaaseedz.com\/es\/wp-json\/wp\/v2\/product_cat?post=10420"},{"taxonomy":"product_tag","embeddable":true,"href":"https:\/\/www.aaaseedz.com\/es\/wp-json\/wp\/v2\/product_tag?post=10420"}],"curies":[{"name":"wp","href":"https:\/\/api.w.org\/{rel}","templated":true}]}}