{"id":10456,"date":"2024-05-04T18:49:46","date_gmt":"2024-05-04T16:49:46","guid":{"rendered":"https:\/\/www.aaaseedz.com\/?post_type=product&#038;p=10456"},"modified":"2025-12-15T09:26:29","modified_gmt":"2025-12-15T08:26:29","slug":"terphogz-x-global-genetics-ztuntz","status":"publish","type":"product","link":"https:\/\/www.aaaseedz.com\/es\/produit\/terphogz-x-global-genetics-ztuntz\/","title":{"rendered":"Ztuntz - Global Genetics"},"content":{"rendered":"<p><strong>Semillas feminizadas<\/strong><br \/>\n<strong>Paquete<\/strong> : 6+1 semillas (7)<br \/>\n<strong>Criador<\/strong> : Global Genetics<br \/>\n<strong>Nombre<\/strong> : Ztuntz<br \/>\n<strong>Cruz<\/strong> : Runtz x The Original Z<\/p>\n<p><em>Advertencia: La posesi\u00f3n y recolecci\u00f3n de semillas est\u00e1n autorizadas en Francia. Estas semillas no deben utilizarse para fines distintos de los autorizados por la legislaci\u00f3n de su pa\u00eds. La germinaci\u00f3n y la venta a menores est\u00e1n estrictamente prohibidas. AAASeedz no se hace responsable en caso de incumplimiento de la legislaci\u00f3n del pa\u00eds de residencia.<\/em><\/p>","protected":false},"excerpt":{"rendered":"<p>Graines F\u00e9minis\u00e9es Pack : 6+1 graines (7) Breeder : Global Genetics Nom : Ztuntz Croisement : Runtz x The Original<\/p>","protected":false},"featured_media":12229,"template":"","meta":[],"product_brand":[],"product_cat":[70],"product_tag":[77,73,76,106,452],"class_list":{"0":"post-10456","1":"product","2":"type-product","3":"status-publish","4":"has-post-thumbnail","6":"product_cat-feminisees","7":"product_tag-feminisee","8":"product_tag-global-genetics","9":"product_tag-runtz","10":"product_tag-terphogz","11":"product_tag-z","13":"first","14":"instock","15":"shipping-taxable","16":"purchasable","17":"product-type-simple"},"jetpack_sharing_enabled":true,"_links":{"self":[{"href":"https:\/\/www.aaaseedz.com\/es\/wp-json\/wp\/v2\/product\/10456","targetHints":{"allow":["GET"]}}],"collection":[{"href":"https:\/\/www.aaaseedz.com\/es\/wp-json\/wp\/v2\/product"}],"about":[{"href":"https:\/\/www.aaaseedz.com\/es\/wp-json\/wp\/v2\/types\/product"}],"wp:featuredmedia":[{"embeddable":true,"href":"https:\/\/www.aaaseedz.com\/es\/wp-json\/wp\/v2\/media\/12229"}],"wp:attachment":[{"href":"https:\/\/www.aaaseedz.com\/es\/wp-json\/wp\/v2\/media?parent=10456"}],"wp:term":[{"taxonomy":"product_brand","embeddable":true,"href":"https:\/\/www.aaaseedz.com\/es\/wp-json\/wp\/v2\/product_brand?post=10456"},{"taxonomy":"product_cat","embeddable":true,"href":"https:\/\/www.aaaseedz.com\/es\/wp-json\/wp\/v2\/product_cat?post=10456"},{"taxonomy":"product_tag","embeddable":true,"href":"https:\/\/www.aaaseedz.com\/es\/wp-json\/wp\/v2\/product_tag?post=10456"}],"curies":[{"name":"wp","href":"https:\/\/api.w.org\/{rel}","templated":true}]}}