{"id":10463,"date":"2024-05-04T19:07:55","date_gmt":"2024-05-04T17:07:55","guid":{"rendered":"https:\/\/www.aaaseedz.com\/?post_type=product&#038;p=10463"},"modified":"2025-06-11T18:40:36","modified_gmt":"2025-06-11T16:40:36","slug":"terphogz-x-global-genetics-zlemonade","status":"publish","type":"product","link":"https:\/\/www.aaaseedz.com\/es\/produit\/terphogz-x-global-genetics-zlemonade\/","title":{"rendered":"Zlemonade - Terphogz x Global Genetics"},"content":{"rendered":"<p><strong>Semillas regulares<\/strong><br \/>\n<strong>Paquete<\/strong> 10 semillas<br \/>\n<strong>Criador<\/strong> : Terphogz x Global Genetics x Farming Stoned Gentics<br \/>\n<strong>Nombre<\/strong> : Zlemonade<br \/>\n<strong>Cruz<\/strong> (The Original Z x Lavender Lemonade) x Papaya 3.0<\/p>\n<p><em>Advertencia: La posesi\u00f3n y recolecci\u00f3n de semillas est\u00e1n autorizadas en Francia. Estas semillas no deben utilizarse para fines distintos de los autorizados por la legislaci\u00f3n de su pa\u00eds. La germinaci\u00f3n y la venta a menores est\u00e1n estrictamente prohibidas. AAASeedz no se hace responsable en caso de incumplimiento de las leyes del pa\u00eds de residencia.<\/em><\/p>","protected":false},"excerpt":{"rendered":"<p>Graines R\u00e9guli\u00e8res Pack : 10 graines Breeder : Terphogz x Global Genetics x Farming Stoned Gentics Nom : Zlemonade Croisement<\/p>","protected":false},"featured_media":12232,"template":"","meta":[],"product_brand":[],"product_cat":[71],"product_tag":[194,73,193,183,109,106,452,192],"class_list":{"0":"post-10463","1":"product","2":"type-product","3":"status-publish","4":"has-post-thumbnail","6":"product_cat-regulieres","7":"product_tag-farming-stoned-gentics","8":"product_tag-global-genetics","9":"product_tag-lavender-lemonade","10":"product_tag-papaya-3-0","11":"product_tag-regulieres","12":"product_tag-terphogz","13":"product_tag-z","14":"product_tag-zlemonade","16":"first","17":"instock","18":"shipping-taxable","19":"purchasable","20":"product-type-simple"},"jetpack_sharing_enabled":true,"_links":{"self":[{"href":"https:\/\/www.aaaseedz.com\/es\/wp-json\/wp\/v2\/product\/10463","targetHints":{"allow":["GET"]}}],"collection":[{"href":"https:\/\/www.aaaseedz.com\/es\/wp-json\/wp\/v2\/product"}],"about":[{"href":"https:\/\/www.aaaseedz.com\/es\/wp-json\/wp\/v2\/types\/product"}],"wp:featuredmedia":[{"embeddable":true,"href":"https:\/\/www.aaaseedz.com\/es\/wp-json\/wp\/v2\/media\/12232"}],"wp:attachment":[{"href":"https:\/\/www.aaaseedz.com\/es\/wp-json\/wp\/v2\/media?parent=10463"}],"wp:term":[{"taxonomy":"product_brand","embeddable":true,"href":"https:\/\/www.aaaseedz.com\/es\/wp-json\/wp\/v2\/product_brand?post=10463"},{"taxonomy":"product_cat","embeddable":true,"href":"https:\/\/www.aaaseedz.com\/es\/wp-json\/wp\/v2\/product_cat?post=10463"},{"taxonomy":"product_tag","embeddable":true,"href":"https:\/\/www.aaaseedz.com\/es\/wp-json\/wp\/v2\/product_tag?post=10463"}],"curies":[{"name":"wp","href":"https:\/\/api.w.org\/{rel}","templated":true}]}}