{"id":10470,"date":"2024-05-04T19:23:44","date_gmt":"2024-05-04T17:23:44","guid":{"rendered":"https:\/\/www.aaaseedz.com\/?post_type=product&#038;p=10470"},"modified":"2025-06-11T17:26:15","modified_gmt":"2025-06-11T15:26:15","slug":"terphogz-x-hella-seed-co-zanana-breath","status":"publish","type":"product","link":"https:\/\/www.aaaseedz.com\/es\/produit\/terphogz-x-hella-seed-co-zanana-breath\/","title":{"rendered":"Zanana Breath - Terphogz x Hella Seed Co"},"content":{"rendered":"<p><strong>Semillas regulares<\/strong><br \/>\n<strong>Paquete<\/strong> 10 semillas<br \/>\n<strong>Criador<\/strong> : Terphogz x Hella Seed Co<br \/>\n<strong>Nombre<\/strong> : Zanana Breath<br \/>\n<strong>Cruz<\/strong> : Puppy Breath x Zanana<\/p>\n<p><em>Advertencia: La posesi\u00f3n y recolecci\u00f3n de semillas est\u00e1n autorizadas en Francia. Estas semillas no deben utilizarse para fines distintos de los autorizados por la legislaci\u00f3n de su pa\u00eds. La germinaci\u00f3n y la venta a menores est\u00e1n estrictamente prohibidas. AAASeedz no se hace responsable en caso de incumplimiento de las leyes del pa\u00eds de residencia.<\/em><\/p>","protected":false},"excerpt":{"rendered":"<p>Graines R\u00e9guli\u00e8res Pack : 10 graines Breeder : Terphogz x Hella Seed Co Nom : Zanana Breath Croisement : Puppy<\/p>","protected":false},"featured_media":10918,"template":"","meta":[],"product_brand":[],"product_cat":[71],"product_tag":[195,204,109,106,198,203],"class_list":{"0":"post-10470","1":"product","2":"type-product","3":"status-publish","4":"has-post-thumbnail","6":"product_cat-regulieres","7":"product_tag-hella-seed-co","8":"product_tag-puppy-breath","9":"product_tag-regulieres","10":"product_tag-terphogz","11":"product_tag-zanana","12":"product_tag-zanana-breath","14":"first","15":"instock","16":"shipping-taxable","17":"purchasable","18":"product-type-simple"},"jetpack_sharing_enabled":true,"_links":{"self":[{"href":"https:\/\/www.aaaseedz.com\/es\/wp-json\/wp\/v2\/product\/10470","targetHints":{"allow":["GET"]}}],"collection":[{"href":"https:\/\/www.aaaseedz.com\/es\/wp-json\/wp\/v2\/product"}],"about":[{"href":"https:\/\/www.aaaseedz.com\/es\/wp-json\/wp\/v2\/types\/product"}],"wp:featuredmedia":[{"embeddable":true,"href":"https:\/\/www.aaaseedz.com\/es\/wp-json\/wp\/v2\/media\/10918"}],"wp:attachment":[{"href":"https:\/\/www.aaaseedz.com\/es\/wp-json\/wp\/v2\/media?parent=10470"}],"wp:term":[{"taxonomy":"product_brand","embeddable":true,"href":"https:\/\/www.aaaseedz.com\/es\/wp-json\/wp\/v2\/product_brand?post=10470"},{"taxonomy":"product_cat","embeddable":true,"href":"https:\/\/www.aaaseedz.com\/es\/wp-json\/wp\/v2\/product_cat?post=10470"},{"taxonomy":"product_tag","embeddable":true,"href":"https:\/\/www.aaaseedz.com\/es\/wp-json\/wp\/v2\/product_tag?post=10470"}],"curies":[{"name":"wp","href":"https:\/\/api.w.org\/{rel}","templated":true}]}}