{"id":10706,"date":"2024-05-05T01:16:10","date_gmt":"2024-05-04T23:16:10","guid":{"rendered":"https:\/\/www.aaaseedz.com\/?post_type=product&#038;p=10706"},"modified":"2025-06-11T16:31:34","modified_gmt":"2025-06-11T14:31:34","slug":"terphogz-x-global-genetics-nuttiez","status":"publish","type":"product","link":"https:\/\/www.aaaseedz.com\/es\/produit\/terphogz-x-global-genetics-nuttiez\/","title":{"rendered":"Nuttiez - Terphogz x Global Genetics"},"content":{"rendered":"<p><strong>Semillas regulares<\/strong><br \/>\n<strong>Paquete<\/strong> 10 semillas<br \/>\n<strong>Criador<\/strong> : Terphogz x Global Genetics x Weeds The People<br \/>\n<strong>Nombre<\/strong> : Nuttiez<br \/>\n<strong>Cruz<\/strong> (The Original Z x Zereal Milk) x Pistacho<\/p>\n<p><em>Advertencia: La posesi\u00f3n y recolecci\u00f3n de semillas est\u00e1n autorizadas en Francia. Estas semillas no deben utilizarse para fines distintos de los autorizados por la legislaci\u00f3n de su pa\u00eds. La germinaci\u00f3n y la venta a menores est\u00e1n estrictamente prohibidas. AAASeedz no se hace responsable en caso de incumplimiento de las leyes del pa\u00eds de residencia.<\/em><\/p>","protected":false},"excerpt":{"rendered":"<p>Graines R\u00e9guli\u00e8res Pack : 10 graines Breeder : Terphogz x Global Genetics x Weeds The People Nom : Nuttiez Croisement<\/p>","protected":false},"featured_media":12236,"template":"","meta":[],"product_brand":[],"product_cat":[71],"product_tag":[73,261,262,109,106,346,452,255],"class_list":{"0":"post-10706","1":"product","2":"type-product","3":"status-publish","4":"has-post-thumbnail","6":"product_cat-regulieres","7":"product_tag-global-genetics","8":"product_tag-nuttiez","9":"product_tag-pistachio","10":"product_tag-regulieres","11":"product_tag-terphogz","12":"product_tag-weeds-the-people","13":"product_tag-z","14":"product_tag-zereal-milk","16":"first","17":"instock","18":"shipping-taxable","19":"purchasable","20":"product-type-simple"},"jetpack_sharing_enabled":true,"_links":{"self":[{"href":"https:\/\/www.aaaseedz.com\/es\/wp-json\/wp\/v2\/product\/10706","targetHints":{"allow":["GET"]}}],"collection":[{"href":"https:\/\/www.aaaseedz.com\/es\/wp-json\/wp\/v2\/product"}],"about":[{"href":"https:\/\/www.aaaseedz.com\/es\/wp-json\/wp\/v2\/types\/product"}],"wp:featuredmedia":[{"embeddable":true,"href":"https:\/\/www.aaaseedz.com\/es\/wp-json\/wp\/v2\/media\/12236"}],"wp:attachment":[{"href":"https:\/\/www.aaaseedz.com\/es\/wp-json\/wp\/v2\/media?parent=10706"}],"wp:term":[{"taxonomy":"product_brand","embeddable":true,"href":"https:\/\/www.aaaseedz.com\/es\/wp-json\/wp\/v2\/product_brand?post=10706"},{"taxonomy":"product_cat","embeddable":true,"href":"https:\/\/www.aaaseedz.com\/es\/wp-json\/wp\/v2\/product_cat?post=10706"},{"taxonomy":"product_tag","embeddable":true,"href":"https:\/\/www.aaaseedz.com\/es\/wp-json\/wp\/v2\/product_tag?post=10706"}],"curies":[{"name":"wp","href":"https:\/\/api.w.org\/{rel}","templated":true}]}}