{"id":10726,"date":"2024-05-05T15:56:13","date_gmt":"2024-05-05T13:56:13","guid":{"rendered":"https:\/\/www.aaaseedz.com\/?post_type=product&#038;p=10726"},"modified":"2025-06-10T17:12:16","modified_gmt":"2025-06-10T15:12:16","slug":"arbol-perfecto-chantilly-2","status":"publish","type":"product","link":"https:\/\/www.aaaseedz.com\/es\/produit\/perfect-tree-chantilly-2\/","title":{"rendered":"Chantilly - Perfect Tree"},"content":{"rendered":"<p>Perfect Tree Chantilly es una variedad que te derretir\u00e1 el coraz\u00f3n. Con cogollos densos y resina en abundancia, esta peque\u00f1a maravilla es como un postre exquisito esperando a ser saboreado. Imagina flores tan llenas de tricomas que casi parecen brillar, listas para ofrecerte una experiencia gustativa inolvidable.<\/p>\n<p>Chantilly es el fruto de un delicioso matrimonio entre L.A Kush Cake y Jet A, un h\u00edbrido que se inclina hacia la dominancia \u00edndica. En s\u00f3lo 8 semanas de floraci\u00f3n, esta belleza te recompensar\u00e1 con unos rendimientos impresionantes. Cada calada es un aut\u00e9ntico festival de sabores, en el que se mezclan notas de galletas reci\u00e9n horneadas, crema suave y especias hechizantes. Es como saborear un postre gourmet mientras disfrutas de los beneficios del cannabis.<\/p>\n<p>Aunque la Chantilly no es una planta gigante, lo compensa con su robustez. Sus robustas ramas producen unas flores magn\u00edficas y compactas que son un aut\u00e9ntico regalo para la vista. Para maximizar su cosecha, no dude en podar varias veces la rama principal. Esto permitir\u00e1 que tu planta se convierta en un arbusto frondoso, rebosante de cogollos listos para ser cosechados. Y sea cual sea el fenotipo que elijas, siempre ser\u00e1s recompensado con una generosa capa de resina que brilla como las estrellas.<\/p>\n<p>Hablando de sabores, Chantilly no decepciona. Aromas dulces que recuerdan a la masa de galletas, la nata montada e incluso toques de avellana. Pero eso no es todo. Las notas especiadas tambi\u00e9n pueden hacer su aparici\u00f3n, a\u00f1adiendo una dimensi\u00f3n m\u00e1s intensa a su experiencia. Piense en matices de gas intenso y cardamomo que excitar\u00e1n sus sentidos y le sumergir\u00e1n en un mundo de delicias.<\/p>\n<p>La producci\u00f3n de resina de Chantilly es sencillamente fenomenal, lo que la convierte en una opci\u00f3n de primera para quienes desean producir extracciones de alta calidad. Tanto si te gusta el ice-o-lator como el rosin, esta variedad destaca en el arte de crear sabrosos concentrados.<\/p>\n<p>En resumen, Chantilly es la compa\u00f1era ideal para aquellos que buscan una experiencia con un fuerte sabor a Indica. Te sumergir\u00e1 en un oc\u00e9ano de dulzura y relajaci\u00f3n, perfecto para desconectar despu\u00e9s de un largo d\u00eda. As\u00ed que prep\u00e1rate para dejarte llevar por esta deliciosa cepa y saborea cada momento.<\/p>\n<p><strong>Semillas feminizadas<\/strong><br \/>\n<strong>Paquete<\/strong> 6+3 semillas gratuitas (LH2P) (9)<br \/>\n<strong>Criador<\/strong> : Perfect Tree<br \/>\n<strong>Nombre<\/strong> : Chantilly<br \/>\n<strong>Cruz<\/strong> : L.A Kush Cake x Jet A<br \/>\n<strong>Rendimiento<\/strong> : Media a alta<br \/>\n<strong>Gen\u00e9tica<\/strong> H\u00edbrido con dominancia Indica<br \/>\n<strong>Periodo de floraci\u00f3n<\/strong> 56-60 d\u00edas<br \/>\n<strong>Pruebe<\/strong> Galletas, nata y especias<br \/>\n<strong>Experiencia<\/strong> Indica potente<\/p>\n<p><em>Advertencia: La posesi\u00f3n y recolecci\u00f3n de semillas est\u00e1n autorizadas en Francia. Estas semillas no deben utilizarse para fines distintos de los autorizados por la legislaci\u00f3n de su pa\u00eds. La germinaci\u00f3n y la venta a menores est\u00e1n estrictamente prohibidas. AAASeedz no se hace responsable en caso de incumplimiento de las leyes del pa\u00eds de residencia.<\/em><\/p>","protected":false},"excerpt":{"rendered":"<p>Perfect Tree Chantilly es una variedad que har\u00e1 que te derritas de placer. Con sus densos cogollos<\/p>","protected":false},"featured_media":12325,"template":"","meta":[],"product_brand":[],"product_cat":[70],"product_tag":[282,77,281,283,278],"class_list":{"0":"post-10726","1":"product","2":"type-product","3":"status-publish","4":"has-post-thumbnail","6":"product_cat-feminisees","7":"product_tag-chantilly","8":"product_tag-feminisee","9":"product_tag-jet-a","10":"product_tag-l-a-kush-cake","11":"product_tag-perfect-tree","13":"first","14":"instock","15":"shipping-taxable","16":"purchasable","17":"product-type-simple"},"jetpack_sharing_enabled":true,"_links":{"self":[{"href":"https:\/\/www.aaaseedz.com\/es\/wp-json\/wp\/v2\/product\/10726","targetHints":{"allow":["GET"]}}],"collection":[{"href":"https:\/\/www.aaaseedz.com\/es\/wp-json\/wp\/v2\/product"}],"about":[{"href":"https:\/\/www.aaaseedz.com\/es\/wp-json\/wp\/v2\/types\/product"}],"wp:featuredmedia":[{"embeddable":true,"href":"https:\/\/www.aaaseedz.com\/es\/wp-json\/wp\/v2\/media\/12325"}],"wp:attachment":[{"href":"https:\/\/www.aaaseedz.com\/es\/wp-json\/wp\/v2\/media?parent=10726"}],"wp:term":[{"taxonomy":"product_brand","embeddable":true,"href":"https:\/\/www.aaaseedz.com\/es\/wp-json\/wp\/v2\/product_brand?post=10726"},{"taxonomy":"product_cat","embeddable":true,"href":"https:\/\/www.aaaseedz.com\/es\/wp-json\/wp\/v2\/product_cat?post=10726"},{"taxonomy":"product_tag","embeddable":true,"href":"https:\/\/www.aaaseedz.com\/es\/wp-json\/wp\/v2\/product_tag?post=10726"}],"curies":[{"name":"wp","href":"https:\/\/api.w.org\/{rel}","templated":true}]}}