{"id":10730,"date":"2024-05-05T16:01:08","date_gmt":"2024-05-05T14:01:08","guid":{"rendered":"https:\/\/www.aaaseedz.com\/?post_type=product&#038;p=10730"},"modified":"2025-06-11T16:29:31","modified_gmt":"2025-06-11T14:29:31","slug":"arbol-perfecto-loukoum","status":"publish","type":"product","link":"https:\/\/www.aaaseedz.com\/es\/produit\/perfect-tree-loukoum-2\/","title":{"rendered":"Loukoum - Perfect Tree"},"content":{"rendered":"<p>Prep\u00e1rate para sumergirte en un mundo de sabores encantadores con Loukoum de Perfect Tree, la estrella de los h\u00edbridos de predominancia \u00edndica que har\u00e1 bailar a tus papilas gustativas. Imagina un cruce tan complejo como una obra maestra culinaria, donde las notas florales de los p\u00e9talos de rosa se entrelazan con toques de gas, nata y Gelato. Si buscas terpenos intensos que te transporten a un jard\u00edn secreto, \u00a1Loukoum es la elecci\u00f3n perfecta para ti!<\/p>\n<p>Loukoum es como un matrimonio entre California Black Rose y Jet A, un exquisito h\u00edbrido que seguro que te conquistar\u00e1. Con un periodo de floraci\u00f3n de 8 a 9 semanas, esta variedad no s\u00f3lo es hermosa, \u00a1tambi\u00e9n es generosa! Espera altos rendimientos que har\u00e1n que quieras compartir (o no) tu tesoro. Y hablemos de los sabores: recuerdan a Loukoum, esa dulce delicia turca que se deshace en la boca, mientras te ofrece un efecto \u00edndica calmante y relajante que acaricia tu cuerpo como una suave brisa de verano.<\/p>\n<p>Lo que distingue a Loukoum son sus magn\u00edficos cogollos. Imag\u00ednese flores delicadamente adornadas con brillantes tricomas, centelleando como estrellas en un cielo nocturno. Estas peque\u00f1as maravillas tienen un bouquet sutil y \u00fanico que le har\u00e1 so\u00f1ar. Piense en notas florales de jazm\u00edn, rosas e incluso la ex\u00f3tica esencia del lichi, todo ello en una fascinante mezcla que baila armoniosamente con Gelato, gas y nata. Es como si cada calada fuera una invitaci\u00f3n a un baile floral donde los aromas se mezclan y entrelazan.<\/p>\n<p>Los cogollos de Loukoum, por su parte, se extienden en grandes colas, prometiendo rendimientos excepcionales que har\u00e1n las delicias de los cultivadores. Si buscas un perfil de terpenos \u00fanico, pero tambi\u00e9n una experiencia sorprendentemente relajante sin ser abrumadora, Loukoum es el ep\u00edtome de lo que buscas. Es como un c\u00e1lido abrazo despu\u00e9s de un largo d\u00eda, que te envuelve en una sensaci\u00f3n de bienestar.<\/p>\n<p>En resumen, Loukoum es mucho m\u00e1s que una variedad de cannabis; es una experiencia sensorial por derecho propio. Tanto si eres un entendido como un novato, este h\u00edbrido de predominancia Indica te encantar\u00e1 con sus sabores florales y su efecto relajante. As\u00ed que prep\u00e1rate para saborear cada calada y deja que Loukoum te lleve a un viaje floral inolvidable.<\/p>\n<p><strong>Semillas feminizadas<\/strong><br \/>\n<strong>Paquete<\/strong> 6+3 semillas gratuitas (LH2P) (9)<br \/>\n<strong>Criador<\/strong> : Perfect Tree<br \/>\n<strong>Nombre<\/strong> : Loukoum<br \/>\n<strong>Cruz<\/strong> : California Black Roze x Jet A<br \/>\n<strong>Rendimiento<\/strong> : Media a alta<br \/>\n<strong>Gen\u00e9tica<\/strong> H\u00edbrido con dominancia Indica<br \/>\n<strong>Periodo de floraci\u00f3n<\/strong> 56-60 d\u00edas<br \/>\n<strong>Pruebe<\/strong> : Loukoum<br \/>\n<strong>Experiencia<\/strong> Efecto Indica agradablemente relajante<\/p>\n<p><em>Advertencia: La posesi\u00f3n y recolecci\u00f3n de semillas est\u00e1n autorizadas en Francia. Estas semillas no deben utilizarse para fines distintos de los autorizados por la legislaci\u00f3n de su pa\u00eds. La germinaci\u00f3n y la venta a menores est\u00e1n estrictamente prohibidas. AAASeedz no se hace responsable en caso de incumplimiento de las leyes del pa\u00eds de residencia.<\/em><\/p>","protected":false},"excerpt":{"rendered":"<p>Pr\u00e9parez-vous \u00e0 plonger dans un monde de saveurs envo\u00fbtantes avec Loukoum de Perfect Tree, la star des hybrides \u00e0 dominance<\/p>","protected":false},"featured_media":12343,"template":"","meta":[],"product_brand":[],"product_cat":[70],"product_tag":[288,77,281,289,278],"class_list":{"0":"post-10730","1":"product","2":"type-product","3":"status-publish","4":"has-post-thumbnail","6":"product_cat-feminisees","7":"product_tag-california-black-roze","8":"product_tag-feminisee","9":"product_tag-jet-a","10":"product_tag-loukoum","11":"product_tag-perfect-tree","13":"first","14":"instock","15":"shipping-taxable","16":"purchasable","17":"product-type-simple"},"jetpack_sharing_enabled":true,"_links":{"self":[{"href":"https:\/\/www.aaaseedz.com\/es\/wp-json\/wp\/v2\/product\/10730","targetHints":{"allow":["GET"]}}],"collection":[{"href":"https:\/\/www.aaaseedz.com\/es\/wp-json\/wp\/v2\/product"}],"about":[{"href":"https:\/\/www.aaaseedz.com\/es\/wp-json\/wp\/v2\/types\/product"}],"wp:featuredmedia":[{"embeddable":true,"href":"https:\/\/www.aaaseedz.com\/es\/wp-json\/wp\/v2\/media\/12343"}],"wp:attachment":[{"href":"https:\/\/www.aaaseedz.com\/es\/wp-json\/wp\/v2\/media?parent=10730"}],"wp:term":[{"taxonomy":"product_brand","embeddable":true,"href":"https:\/\/www.aaaseedz.com\/es\/wp-json\/wp\/v2\/product_brand?post=10730"},{"taxonomy":"product_cat","embeddable":true,"href":"https:\/\/www.aaaseedz.com\/es\/wp-json\/wp\/v2\/product_cat?post=10730"},{"taxonomy":"product_tag","embeddable":true,"href":"https:\/\/www.aaaseedz.com\/es\/wp-json\/wp\/v2\/product_tag?post=10730"}],"curies":[{"name":"wp","href":"https:\/\/api.w.org\/{rel}","templated":true}]}}