{"id":10732,"date":"2024-05-05T16:04:25","date_gmt":"2024-05-05T14:04:25","guid":{"rendered":"https:\/\/www.aaaseedz.com\/?post_type=product&#038;p=10732"},"modified":"2025-06-11T16:34:34","modified_gmt":"2025-06-11T14:34:34","slug":"lassi-de-melocoton-del-arbol-perfecto-3","status":"publish","type":"product","link":"https:\/\/www.aaaseedz.com\/es\/produit\/perfect-tree-peach-lassi-2\/","title":{"rendered":"Peach Lassi - Perfect Tree"},"content":{"rendered":"<p>La Peach Lassi de Perfect Tree es un poco como tomar un sorbo de sol de una botella, \u00a1pero en forma de cannabis! Ganadora del primer puesto en la Canna French Cup 2023 en la categor\u00eda de Indica de Exterior, esta variedad es un aut\u00e9ntico festival de sabores que har\u00e1 las delicias de tus papilas gustativas. Imagina un h\u00edbrido que recuerda a la famosa bebida india, Lassi, pero con un toque cann\u00e1bico que te pondr\u00e1 una sonrisa en la cara con cada calada.<\/p>\n<p>Nacida de la deliciosa uni\u00f3n de Peach Ozz y Jet A, Peach Lassi es una aut\u00e9ntica delicia para los amantes de los terpenos afrutados y cremosos. En s\u00f3lo 8 semanas de floraci\u00f3n, esta belleza se transforma en una planta robusta que produce flores densas y resinosas. Con un alto rendimiento, te ofrece una experiencia de sabor inolvidable, combinando sabores frescos, cremosos y ligeramente carbonatados. Prep\u00e1rate para ser transportado a un mundo de sensaciones donde tu esp\u00edritu se eleva y tu cuerpo se relaja.<\/p>\n<p>Lo que hace tan especial al Peach Lassi es su brillante aspecto. Sus flores son tan frescas y afrutadas que recuerdan al instante a la emblem\u00e1tica bebida que se encuentra en todas las mesas de la India. Con su crecimiento r\u00e1pido y vigoroso, esta planta es un espect\u00e1culo para la vista. Sus gruesos pistilos, heredados del Peach Ozz, a\u00f1aden un toque de color y textura que atraer\u00e1 todas las miradas. Y eso sin mencionar la producci\u00f3n de resina. Es un verdadero tesoro para los amantes de las extracciones sin disolventes.<\/p>\n<p>Peach Lassi es el h\u00edbrido perfecto para aquellos que buscan una experiencia cann\u00e1bica refrescante. Cada inhalaci\u00f3n es como un bocado de felicidad, que captura la esencia de una bebida afrutada cl\u00e1sica fusion\u00e1ndola con el mundo del cannabis. Tanto si te relajas tras un largo d\u00eda como si celebras un momento especial con amigos, esta cepa a\u00f1adir\u00e1 un toque de magia a tu velada.<\/p>\n<p>En resumen, Peach Lassi es mucho m\u00e1s que una variedad de cannabis. Es una aventura sensorial que te invita a explorar deliciosos sabores a la vez que te ofrece una profunda relajaci\u00f3n. As\u00ed que no dudes en llevar esta maravilla a tu jard\u00edn y \u00a1d\u00e9jate llevar por el embriagador sabor de Peach Lassi!<\/p>\n<p><strong>Semillas feminizadas<\/strong><br \/>\n<strong>Paquete<\/strong> 6+3 semillas gratuitas (LH2P) (9)<br \/>\n<strong>Criador<\/strong> : Perfect Tree<br \/>\n<strong>Nombre<\/strong> : Peach Lassi<br \/>\n<strong>Cruz<\/strong> : Peach Ozz x Jet A<br \/>\n<strong>Rendimiento<\/strong> : Media a alta<br \/>\n<strong>Gen\u00e9tica<\/strong> H\u00edbrido con dominancia Indica<br \/>\n<strong>Periodo de floraci\u00f3n<\/strong> 56-60 d\u00edas<br \/>\n<strong>Pruebe<\/strong> : Melocot\u00f3n, Nata, Gelato<br \/>\n<strong>Experiencia<\/strong> Indica potente<\/p>\n<p><em>Advertencia: La posesi\u00f3n y recolecci\u00f3n de semillas est\u00e1n autorizadas en Francia. Estas semillas no deben utilizarse para fines distintos de los autorizados por la legislaci\u00f3n de su pa\u00eds. La germinaci\u00f3n y la venta a menores est\u00e1n estrictamente prohibidas. AAASeedz no se hace responsable en caso de incumplimiento de las leyes del pa\u00eds de residencia.<\/em><\/p>","protected":false},"excerpt":{"rendered":"<p>La Peach Lassi de Perfect Tree, c\u2019est un peu comme si vous preniez une gorg\u00e9e de soleil en bouteille, mais<\/p>","protected":false},"featured_media":12351,"template":"","meta":[],"product_brand":[],"product_cat":[70],"product_tag":[77,281,292,293,278],"class_list":{"0":"post-10732","1":"product","2":"type-product","3":"status-publish","4":"has-post-thumbnail","6":"product_cat-feminisees","7":"product_tag-feminisee","8":"product_tag-jet-a","9":"product_tag-peach-lassi","10":"product_tag-peach-ozz","11":"product_tag-perfect-tree","13":"first","14":"instock","15":"shipping-taxable","16":"purchasable","17":"product-type-simple"},"jetpack_sharing_enabled":true,"_links":{"self":[{"href":"https:\/\/www.aaaseedz.com\/es\/wp-json\/wp\/v2\/product\/10732","targetHints":{"allow":["GET"]}}],"collection":[{"href":"https:\/\/www.aaaseedz.com\/es\/wp-json\/wp\/v2\/product"}],"about":[{"href":"https:\/\/www.aaaseedz.com\/es\/wp-json\/wp\/v2\/types\/product"}],"wp:featuredmedia":[{"embeddable":true,"href":"https:\/\/www.aaaseedz.com\/es\/wp-json\/wp\/v2\/media\/12351"}],"wp:attachment":[{"href":"https:\/\/www.aaaseedz.com\/es\/wp-json\/wp\/v2\/media?parent=10732"}],"wp:term":[{"taxonomy":"product_brand","embeddable":true,"href":"https:\/\/www.aaaseedz.com\/es\/wp-json\/wp\/v2\/product_brand?post=10732"},{"taxonomy":"product_cat","embeddable":true,"href":"https:\/\/www.aaaseedz.com\/es\/wp-json\/wp\/v2\/product_cat?post=10732"},{"taxonomy":"product_tag","embeddable":true,"href":"https:\/\/www.aaaseedz.com\/es\/wp-json\/wp\/v2\/product_tag?post=10732"}],"curies":[{"name":"wp","href":"https:\/\/api.w.org\/{rel}","templated":true}]}}