{"id":10733,"date":"2024-05-05T16:06:09","date_gmt":"2024-05-05T14:06:09","guid":{"rendered":"https:\/\/www.aaaseedz.com\/?post_type=product&#038;p=10733"},"modified":"2025-06-11T16:36:13","modified_gmt":"2025-06-11T14:36:13","slug":"arbol-perfecto-rosa-gasolina-3","status":"publish","type":"product","link":"https:\/\/www.aaaseedz.com\/es\/produit\/perfect-tree-pink-gasoline-2\/","title":{"rendered":"Pink Gasoline - Perfect Tree"},"content":{"rendered":"<p>Preparaos, aficionados al cannabis, para descubrir la Pink Gasoline de Perfect Tree, \u00a1una variedad que llama la atenci\u00f3n y no deja indiferente a nadie! Con un 2\u00ba puesto en la Secret Cup Bizkaia en 2020 y una rotunda victoria en la Caribbean Cup de Santa Marta en 2023, esta belleza es una aut\u00e9ntica joya en el mundo del cannabis. \u00a1Prep\u00e1rate para descubrir una planta que combina potencia, aromas hechizantes y generosos rendimientos!<\/p>\n<p>Pink Gasoline es un poco como recorrer una carretera costera en un descapotable, con el viento en el pelo y el aroma de los c\u00edtricos en el aire. Su potente aroma a combustible te golpea en cuanto te acercas, y cr\u00e9eme, \u00a1no deja indiferente a nadie! Imagina una mezcla explosiva de gasolina y helado, con sutiles notas OG heredadas de su linaje Atom Splitter. Cada calada es una aventura sensorial que te transporta a un mundo de sabores intensos y sensaciones inolvidables.<\/p>\n<p>Lo que hace a\u00fan m\u00e1s especial a la Pink Gasoline es su capacidad para producir flores densas y resinosas. En s\u00f3lo 8 semanas, puedes esperar ver c\u00f3mo estas bellezas se convierten en verdaderas obras de arte bot\u00e1nico. Tanto si cultivas en interior como en exterior, esta variedad se adapta a cualquier entorno. Es como el superh\u00e9roe del jard\u00edn, capaz de prosperar en una gran variedad de condiciones al tiempo que ofrece unos rendimientos impresionantes.<\/p>\n<p>Pink Gasoline es el resultado de un explosivo matrimonio entre 33 Splitter y Peach Ozz, lo que la convierte en un h\u00edbrido de predominancia Indica con mucho car\u00e1cter. Con su imponente estatura, llama la atenci\u00f3n y atrae todas las miradas. Los cultivadores que buscan altos rendimientos estar\u00e1n encantados, ya que esta planta es conocida por su excepcional producci\u00f3n de resina. Prep\u00e1rate para cosechar generosas cantidades de esta preciosa sustancia, \u00a1que sin duda har\u00e1 las delicias de los amantes de los concentrados!<\/p>\n<p>Cultivar Pink Gasoline es como asistir a una fiesta a la que todo el mundo est\u00e1 invitado. Es resistente, adaptable y llena de vida, lo que la convierte en una opci\u00f3n ideal para cultivadores de todos los niveles. Tanto si eres un experto como un novato, esta variedad te recompensar\u00e1 con hermosas flores y un aroma que perfuma el aire.<\/p>\n<p>Pink Gasoline es mucho m\u00e1s que una variedad de cannabis; es una experiencia por derecho propio. Con sus aromas hechizantes, su robustez y sus impresionantes rendimientos, se merece un lugar especial en tu jard\u00edn. As\u00ed que prep\u00e1rate para una experiencia sensacional con esta maravilla del cannabis que seguro que te conquistar\u00e1.<\/p>\n<p><strong>Semillas feminizadas<\/strong><br \/>\n<strong>Paquete<\/strong> 6+3 semillas gratuitas (LH2P) (9)<br \/>\n<strong>Criador<\/strong> : Perfect Tree<br \/>\n<strong>Nombre<\/strong> : Pink Gasoline<br \/>\n<strong>Cruz<\/strong> : 33 Splitter x Peach Ozz<br \/>\n<strong>Rendimiento<\/strong> : Media a alta<br \/>\n<strong>Gen\u00e9tica<\/strong> H\u00edbrido con dominancia Indica<br \/>\n<strong>Periodo de floraci\u00f3n<\/strong> 56-60 d\u00edas<br \/>\n<strong>Pruebe<\/strong> Gas un poco suavizado por Peach Ozz<br \/>\n<strong>Experiencia<\/strong> Relajante<\/p>\n<p><em>Advertencia: La posesi\u00f3n y recolecci\u00f3n de semillas est\u00e1n autorizadas en Francia. Estas semillas no deben utilizarse para fines distintos de los autorizados por la legislaci\u00f3n de su pa\u00eds. La germinaci\u00f3n y la venta a menores est\u00e1n estrictamente prohibidas. AAASeedz no se hace responsable en caso de incumplimiento de las leyes del pa\u00eds de residencia.<\/em><\/p>","protected":false},"excerpt":{"rendered":"<p>Pr\u00e9parez-vous, passionn\u00e9s de cannabis, \u00e0 d\u00e9couvrir la Pink Gasoline de Perfect Tree, une vari\u00e9t\u00e9 qui attire tous les regards et<\/p>","protected":false},"featured_media":12355,"template":"","meta":[],"product_brand":[],"product_cat":[70],"product_tag":[285,77,293,278,294],"class_list":{"0":"post-10733","1":"product","2":"type-product","3":"status-publish","4":"has-post-thumbnail","6":"product_cat-feminisees","7":"product_tag-33-splitter","8":"product_tag-feminisee","9":"product_tag-peach-ozz","10":"product_tag-perfect-tree","11":"product_tag-pink-gasoline","13":"first","14":"instock","15":"shipping-taxable","16":"purchasable","17":"product-type-simple"},"jetpack_sharing_enabled":true,"_links":{"self":[{"href":"https:\/\/www.aaaseedz.com\/es\/wp-json\/wp\/v2\/product\/10733","targetHints":{"allow":["GET"]}}],"collection":[{"href":"https:\/\/www.aaaseedz.com\/es\/wp-json\/wp\/v2\/product"}],"about":[{"href":"https:\/\/www.aaaseedz.com\/es\/wp-json\/wp\/v2\/types\/product"}],"wp:featuredmedia":[{"embeddable":true,"href":"https:\/\/www.aaaseedz.com\/es\/wp-json\/wp\/v2\/media\/12355"}],"wp:attachment":[{"href":"https:\/\/www.aaaseedz.com\/es\/wp-json\/wp\/v2\/media?parent=10733"}],"wp:term":[{"taxonomy":"product_brand","embeddable":true,"href":"https:\/\/www.aaaseedz.com\/es\/wp-json\/wp\/v2\/product_brand?post=10733"},{"taxonomy":"product_cat","embeddable":true,"href":"https:\/\/www.aaaseedz.com\/es\/wp-json\/wp\/v2\/product_cat?post=10733"},{"taxonomy":"product_tag","embeddable":true,"href":"https:\/\/www.aaaseedz.com\/es\/wp-json\/wp\/v2\/product_tag?post=10733"}],"curies":[{"name":"wp","href":"https:\/\/api.w.org\/{rel}","templated":true}]}}