{"id":10735,"date":"2024-05-05T16:09:15","date_gmt":"2024-05-05T14:09:15","guid":{"rendered":"https:\/\/www.aaaseedz.com\/?post_type=product&#038;p=10735"},"modified":"2025-06-11T16:38:48","modified_gmt":"2025-06-11T14:38:48","slug":"arbol-perfecto-vino-tinto-3","status":"publish","type":"product","link":"https:\/\/www.aaaseedz.com\/es\/produit\/perfect-tree-red-red-wine-2\/","title":{"rendered":"Red Red Wine - Perfect Tree"},"content":{"rendered":"<p>Perfect Tree's Red Red Wine es una variedad que le conquistar\u00e1 con su irresistible encanto. Imagina flores de un violeta tan intenso que parecen casi negras, con un toque de verde que se esconde t\u00edmidamente bajo las hojas. Esta belleza es un regalo para la vista, y su resina resplandeciente brilla como diamantes en la luz. Si eres un amante del cannabis, \u00a1te encantar\u00e1 esta peque\u00f1a maravilla!<\/p>\n<p>Red Red Wine es como una obra de arte viviente en tu jard\u00edn. Sus cogollos son tan densos y bien formados que parecen estar apilados unos sobre otros, creando una estructura floral que har\u00eda sonrojar de envidia a cualquier cultivador. Con un estrecho espaciado internodal, estas flores son un sue\u00f1o para cultivar. \u00bfY lo mejor? Hay tan pocas hojas que recortarlas se convierte en un juego de ni\u00f1os. Puedes pasar m\u00e1s tiempo admirando tu cosecha que prepar\u00e1ndola.<\/p>\n<p>Pero hablemos un poco de lo que se esconde detr\u00e1s de esta belleza: \u00a1sus terpenos! Red Red Wine ofrece una mezcla de sabores que te dejar\u00e1 boquiabierto. Imagina notas de caramelo dulce, fruta jugosa y un toque de vino refinado. Los aromas son tan encantadores que te sentir\u00e1s como en un soleado vi\u00f1edo del sur de Francia. Las notas de combustible de Jet A a\u00f1aden una dimensi\u00f3n \u00fanica, transformando cada inhalaci\u00f3n en una experiencia sensorial inolvidable.<\/p>\n<p>En t\u00e9rminos de crecimiento, la Red Red Wine es una planta de tama\u00f1o medio, \u00a1pero no dejes que su estatura te enga\u00f1e! Es robusta y fuerte, lo que la convierte en una compa\u00f1era fiable para todos los cultivadores, ya sean novatos o experimentados. Puedes estar seguro de que te recompensar\u00e1 con cosechas impresionantes, listas para ser disfrutadas.<\/p>\n<p>Y cuando llegue el momento de la cosecha, \u00a1prep\u00e1rese para quedar deslumbrado! Los rendimientos son sencillamente incre\u00edbles, testimonio de la generosidad de esta variedad. Cada cogollo es un peque\u00f1o tesoro, lleno de resina y sabores que te transportar\u00e1n a un mundo de delicias.<\/p>\n<p>En resumen, Red Red Wine es mucho m\u00e1s que una variedad de cannabis. Es una experiencia visual y gustativa que te enamorar\u00e1 con cada calada. As\u00ed que no dudes en llevar esta belleza a tu jard\u00edn y \u00a1d\u00e9jate hechizar por su irresistible encanto!<\/p>\n<p><strong>Semillas feminizadas<\/strong><br \/>\n<strong>Paquete<\/strong> 6+3 semillas gratuitas (LH2P) (9)<br \/>\n<strong>Criador<\/strong> : Perfect Tree<br \/>\n<strong>Nombre<\/strong> : Red Red Wine<br \/>\n<strong>Cruz<\/strong> : Rozay F2 x Jet A<br \/>\n<strong>Rendimiento<\/strong> : Media a alta<br \/>\n<strong>Gen\u00e9tica<\/strong> : H\u00edbrido<br \/>\n<strong>Periodo de floraci\u00f3n<\/strong> 56-60 d\u00edas<br \/>\n<strong>Pruebe<\/strong> Combustible, Vino, Fruta, Gas<br \/>\n<strong>Experiencia<\/strong> : Intoxicante<\/p>\n<p><em>Advertencia: La posesi\u00f3n y recolecci\u00f3n de semillas est\u00e1n autorizadas en Francia. Estas semillas no deben utilizarse para fines distintos de los autorizados por la legislaci\u00f3n de su pa\u00eds. La germinaci\u00f3n y la venta a menores est\u00e1n estrictamente prohibidas. AAASeedz no se hace responsable en caso de incumplimiento de las leyes del pa\u00eds de residencia.<\/em><\/p>","protected":false},"excerpt":{"rendered":"<p>La Red Red Wine de Perfect Tree, est une vari\u00e9t\u00e9 qui ne manquera pas de vous s\u00e9duire avec son charme<\/p>","protected":false},"featured_media":12359,"template":"","meta":[],"product_brand":[],"product_cat":[70],"product_tag":[77,281,278,297,298],"class_list":{"0":"post-10735","1":"product","2":"type-product","3":"status-publish","4":"has-post-thumbnail","6":"product_cat-feminisees","7":"product_tag-feminisee","8":"product_tag-jet-a","9":"product_tag-perfect-tree","10":"product_tag-red-red-wine","11":"product_tag-rozay-f2","13":"first","14":"instock","15":"shipping-taxable","16":"purchasable","17":"product-type-simple"},"jetpack_sharing_enabled":true,"_links":{"self":[{"href":"https:\/\/www.aaaseedz.com\/es\/wp-json\/wp\/v2\/product\/10735","targetHints":{"allow":["GET"]}}],"collection":[{"href":"https:\/\/www.aaaseedz.com\/es\/wp-json\/wp\/v2\/product"}],"about":[{"href":"https:\/\/www.aaaseedz.com\/es\/wp-json\/wp\/v2\/types\/product"}],"wp:featuredmedia":[{"embeddable":true,"href":"https:\/\/www.aaaseedz.com\/es\/wp-json\/wp\/v2\/media\/12359"}],"wp:attachment":[{"href":"https:\/\/www.aaaseedz.com\/es\/wp-json\/wp\/v2\/media?parent=10735"}],"wp:term":[{"taxonomy":"product_brand","embeddable":true,"href":"https:\/\/www.aaaseedz.com\/es\/wp-json\/wp\/v2\/product_brand?post=10735"},{"taxonomy":"product_cat","embeddable":true,"href":"https:\/\/www.aaaseedz.com\/es\/wp-json\/wp\/v2\/product_cat?post=10735"},{"taxonomy":"product_tag","embeddable":true,"href":"https:\/\/www.aaaseedz.com\/es\/wp-json\/wp\/v2\/product_tag?post=10735"}],"curies":[{"name":"wp","href":"https:\/\/api.w.org\/{rel}","templated":true}]}}