{"id":10736,"date":"2024-05-05T16:10:48","date_gmt":"2024-05-05T14:10:48","guid":{"rendered":"https:\/\/www.aaaseedz.com\/?post_type=product&#038;p=10736"},"modified":"2025-06-11T16:41:13","modified_gmt":"2025-06-11T14:41:13","slug":"arbol-perfecto-manzana-podrida-2","status":"publish","type":"product","link":"https:\/\/www.aaaseedz.com\/es\/produit\/perfect-tree-rotten-apple-2\/","title":{"rendered":"Rotten Apple - Perfect Tree"},"content":{"rendered":"<p>La manzana podrida de Perfect Tree es una variedad que te har\u00e1 volver la cabeza con sus aromas hechizantes y sabores irresistibles. Imagina una mezcla explosiva de notas gaseosas y manzanas \u00e1cidas, creando un aroma fermentado que te transporta directamente a un huerto en plena cosecha. Es como si cada calada fuera un fest\u00edn para tus sentidos, con algunos fenotipos a\u00f1adiendo un toque dulce de caramelo reci\u00e9n horneado, que recuerda al sabor del sirope de sidra de manzana. \u00bfQui\u00e9n puede resistirse a eso?<\/p>\n<p>Rotten Apple es la uni\u00f3n perfecta entre los terpenos del combustible y el delicioso aroma de Sour Apple. Esta armoniosa mezcla crea una fragancia intrigante que seguro que te conquistar\u00e1. A medida que explores esta variedad, descubrir\u00e1s notas ocultas que recuerdan a manzanas jugosas, reci\u00e9n recolectadas y listas para ser disfrutadas. \u00a1Te espera una aut\u00e9ntica alquimia terp\u00e9nica!<\/p>\n<p>En el coraz\u00f3n de Rotten Apple se encuentra un delicioso perfil de terpenos. La fusi\u00f3n de olores a gas y combustible crea una interacci\u00f3n din\u00e1mica que es simplemente \u00fanica. Cuando estos dos mundos se encuentran con el aroma de Sour Apple, emerge un aroma fermentado que te sumerge en una atm\u00f3sfera de bodega de sidra donde el aire est\u00e1 cargado del complejo extracto de manzanas en fermentaci\u00f3n. Es una experiencia sensorial sin igual.<\/p>\n<p>Pero espere, \u00a1hay m\u00e1s! La manzana podrida a\u00fan guarda algunas sorpresas en la manga. Algunos fenotipos se inclinan hacia el lado dulce de la vida, con toques de caramelo que te har\u00e1n la boca agua. Imagina un bouquet dulce que a\u00f1ade una capa de indulgencia a tu experiencia general. Es como si cada inhalaci\u00f3n fuera un peque\u00f1o bocado de felicidad.<\/p>\n<p>Adem\u00e1s de sus deliciosos sabores, la Manzana podrida tambi\u00e9n es una delicia para los cultivadores. Estas plantas son famosas por su facilidad de cultivo, lo que las convierte en una opci\u00f3n ideal tanto para novatos como para expertos. Con s\u00f3lo unas pocas variaciones de fenotipo para explorar, tendr\u00e1s la oportunidad de descubrir las diferentes facetas de esta fascinante variedad.<\/p>\n<p>Con un poco de suerte y ojo avizor, puede que tropieces con esta planta excepcional que te cautivar\u00e1. La Rotten Apple es una planta que querr\u00e1s cultivar y atesorar para siempre, gracias a su delicioso subid\u00f3n y a su inolvidable perfil de terpenos. As\u00ed que prep\u00e1rate para saborear cada momento con esta variedad que promete encantarte con cada calada.<\/p>\n<p><strong>Semillas feminizadas<\/strong><br \/>\n<strong>Paquete<\/strong> 6+3 semillas gratuitas (LH2P) (9)<br \/>\n<strong>Criador<\/strong> : Perfect Tree<br \/>\n<strong>Nombre<\/strong> : Rotten Apple<br \/>\n<strong>Cruz<\/strong> : Lemon Buttercream x Jet A<br \/>\n<strong>Rendimiento<\/strong> : Media a alta<br \/>\n<strong>Gen\u00e9tica<\/strong> : H\u00edbrido<br \/>\n<strong>Periodo de floraci\u00f3n<\/strong> 56-60 d\u00edas<br \/>\n<strong>Pruebe<\/strong> Caramelo, Gas, Fruta fresca<br \/>\n<strong>Experiencia<\/strong> Relajante<\/p>\n<p><em>Advertencia: La posesi\u00f3n y recolecci\u00f3n de semillas est\u00e1n autorizadas en Francia. Estas semillas no deben utilizarse para fines distintos de los autorizados por la legislaci\u00f3n de su pa\u00eds. La germinaci\u00f3n y la venta a menores est\u00e1n estrictamente prohibidas. AAASeedz no se hace responsable en caso de incumplimiento de las leyes del pa\u00eds de residencia.<\/em><\/p>","protected":false},"excerpt":{"rendered":"<p>la Rotten Apple de Perfect Tree, est une vari\u00e9t\u00e9 qui va vous faire tourner la t\u00eate avec ses ar\u00f4mes envo\u00fbtants<\/p>","protected":false},"featured_media":12361,"template":"","meta":[],"product_brand":[],"product_cat":[70],"product_tag":[77,281,300,278,299],"class_list":{"0":"post-10736","1":"product","2":"type-product","3":"status-publish","4":"has-post-thumbnail","6":"product_cat-feminisees","7":"product_tag-feminisee","8":"product_tag-jet-a","9":"product_tag-lemon-buttercream","10":"product_tag-perfect-tree","11":"product_tag-rotten-apple","13":"first","14":"instock","15":"shipping-taxable","16":"purchasable","17":"product-type-simple"},"jetpack_sharing_enabled":true,"_links":{"self":[{"href":"https:\/\/www.aaaseedz.com\/es\/wp-json\/wp\/v2\/product\/10736","targetHints":{"allow":["GET"]}}],"collection":[{"href":"https:\/\/www.aaaseedz.com\/es\/wp-json\/wp\/v2\/product"}],"about":[{"href":"https:\/\/www.aaaseedz.com\/es\/wp-json\/wp\/v2\/types\/product"}],"wp:featuredmedia":[{"embeddable":true,"href":"https:\/\/www.aaaseedz.com\/es\/wp-json\/wp\/v2\/media\/12361"}],"wp:attachment":[{"href":"https:\/\/www.aaaseedz.com\/es\/wp-json\/wp\/v2\/media?parent=10736"}],"wp:term":[{"taxonomy":"product_brand","embeddable":true,"href":"https:\/\/www.aaaseedz.com\/es\/wp-json\/wp\/v2\/product_brand?post=10736"},{"taxonomy":"product_cat","embeddable":true,"href":"https:\/\/www.aaaseedz.com\/es\/wp-json\/wp\/v2\/product_cat?post=10736"},{"taxonomy":"product_tag","embeddable":true,"href":"https:\/\/www.aaaseedz.com\/es\/wp-json\/wp\/v2\/product_tag?post=10736"}],"curies":[{"name":"wp","href":"https:\/\/api.w.org\/{rel}","templated":true}]}}