{"id":10739,"date":"2024-05-05T16:15:18","date_gmt":"2024-05-05T14:15:18","guid":{"rendered":"https:\/\/www.aaaseedz.com\/?post_type=product&#038;p=10739"},"modified":"2025-06-11T16:24:37","modified_gmt":"2025-06-11T14:24:37","slug":"arbol-perfecto-melocoton-helado-3","status":"publish","type":"product","link":"https:\/\/www.aaaseedz.com\/es\/produit\/perfect-tree-iced-peach-2\/","title":{"rendered":"Iced Peach - Perfect Tree"},"content":{"rendered":"<p>Iced Peach de Perfect Tree es el resultado de una uni\u00f3n explosiva entre nuestra selecci\u00f3n de Frozay de Relentless Genetics y la deliciosa Peach Ozz de Dying Breed Seeds. Imagina una mezcla perfecta que combina la frescura de un jugoso melocot\u00f3n con la potencia de una buena Frozay. Es como tener un c\u00f3ctel de verano en tu jard\u00edn, \u00a1listo para refrescarte y embriagarte con sus irresistibles sabores!<\/p>\n<p>En cuanto veas esta belleza, te maravillar\u00e1 su gruesa capa de brillantes tricomas. Estos peque\u00f1os cristales no est\u00e1n ah\u00ed s\u00f3lo para parecer bonitos; son un signo de calidad excepcional. Los cogollos son incre\u00edblemente densos y te encantar\u00e1 manipularlos. Cada cogollo es un peque\u00f1o tesoro que promete una experiencia inolvidable. Prep\u00e1rese para quedar deslumbrado por la belleza de estos cogollos, que parecen demasiado perfectos para ser reales.<\/p>\n<p>Si le gustan las extracciones, Iced Peach es su nuevo mejor amigo. Esta variedad es muy recomendable para todo tipo de extracciones sin disolventes. Tanto si quieres crear sabrosos concentrados como potentes aceites, esta planta te proporcionar\u00e1 todo lo que necesitas para realizar tus proyectos m\u00e1s salvajes. Su riqueza en resina es simplemente incre\u00edble, y te encantar\u00e1 ver lo que puedes sacar de ella. Imagina las delicias que puedes preparar con esta maravilla.<\/p>\n<p>Pero hablemos de lo que ocurre una vez que has probado esta belleza. \u00a1Te espera una potencia que te dejar\u00e1 clavado al sof\u00e1! Iced Peach tiene un efecto narc\u00f3tico y relajante que te envuelve como una manta c\u00e1lida. Es la compa\u00f1era perfecta para una tarde tranquila en casa o para relajarse despu\u00e9s de un largo d\u00eda. Te sentir\u00e1s relajado y feliz, listo para saborear cada momento.<\/p>\n<p>Y no olvidemos el espect\u00e1culo visual que ofrece esta variedad a medida que crece. Una vez que pase a la fase de floraci\u00f3n, espere un buen estiramiento de estas damas. Se estirar\u00e1n y desarrollar\u00e1n, ofreci\u00e9ndote un verdadero espect\u00e1culo de color y textura. El perfil de terpenos es una fascinante mezcla de notas terrosas y especiadas, con toques de melocot\u00f3n Ozz de fondo para excitar tus sentidos.<\/p>\n<p>En resumen, Iced Peach es mucho m\u00e1s que una variedad de cannabis. Es una experiencia sensorial completa que combina sabores deliciosos, una potencia incre\u00edble y facilidad de cultivo. Tanto si eres un cultivador experimentado como un novato entusiasta, esta planta es un imprescindible que aportar\u00e1 un toque de magia a tu jard\u00edn. As\u00ed que prep\u00e1rate para saborear cada momento con Iced Peach y d\u00e9jate llevar por su irresistible encanto.<\/p>\n<p><strong>Semillas feminizadas<\/strong><br \/>\n<strong>Paquete<\/strong> 6+3 semillas gratuitas (LH2P) (9)<br \/>\n<strong>Criador<\/strong> : Perfect Tree<br \/>\n<strong>Nombre<\/strong> : Iced Peach<br \/>\n<strong>Cruz<\/strong> : Frozay x Peach Ozz<br \/>\n<strong>Rendimiento<\/strong> : Media a alta<br \/>\n<strong>Gen\u00e9tica<\/strong> H\u00edbrido con dominancia Indica<br \/>\n<strong>Periodo de floraci\u00f3n<\/strong> 56-60 d\u00edas<br \/>\n<strong>Pruebe<\/strong> : Terroso, Pino<br \/>\n<strong>Experiencia<\/strong> Efecto narc\u00f3tico muy fuerte<\/p>\n<p><em>Advertencia: La posesi\u00f3n y recolecci\u00f3n de semillas est\u00e1n autorizadas en Francia. Estas semillas no deben utilizarse para fines distintos de los autorizados por la legislaci\u00f3n de su pa\u00eds. La germinaci\u00f3n y la venta a menores est\u00e1n estrictamente prohibidas. AAASeedz no se hace responsable en caso de incumplimiento de las leyes del pa\u00eds de residencia.<\/em><\/p>","protected":false},"excerpt":{"rendered":"<p>Iced Peach de Perfect Tree es el resultado de una uni\u00f3n explosiva entre nuestra selecci\u00f3n de Relentless Frozay.<\/p>","protected":false},"featured_media":12337,"template":"","meta":[],"product_brand":[],"product_cat":[70],"product_tag":[77,306,305,293,278],"class_list":{"0":"post-10739","1":"product","2":"type-product","3":"status-publish","4":"has-post-thumbnail","6":"product_cat-feminisees","7":"product_tag-feminisee","8":"product_tag-frozay","9":"product_tag-iced-peach","10":"product_tag-peach-ozz","11":"product_tag-perfect-tree","13":"first","14":"instock","15":"shipping-taxable","16":"purchasable","17":"product-type-simple"},"jetpack_sharing_enabled":true,"_links":{"self":[{"href":"https:\/\/www.aaaseedz.com\/es\/wp-json\/wp\/v2\/product\/10739","targetHints":{"allow":["GET"]}}],"collection":[{"href":"https:\/\/www.aaaseedz.com\/es\/wp-json\/wp\/v2\/product"}],"about":[{"href":"https:\/\/www.aaaseedz.com\/es\/wp-json\/wp\/v2\/types\/product"}],"wp:featuredmedia":[{"embeddable":true,"href":"https:\/\/www.aaaseedz.com\/es\/wp-json\/wp\/v2\/media\/12337"}],"wp:attachment":[{"href":"https:\/\/www.aaaseedz.com\/es\/wp-json\/wp\/v2\/media?parent=10739"}],"wp:term":[{"taxonomy":"product_brand","embeddable":true,"href":"https:\/\/www.aaaseedz.com\/es\/wp-json\/wp\/v2\/product_brand?post=10739"},{"taxonomy":"product_cat","embeddable":true,"href":"https:\/\/www.aaaseedz.com\/es\/wp-json\/wp\/v2\/product_cat?post=10739"},{"taxonomy":"product_tag","embeddable":true,"href":"https:\/\/www.aaaseedz.com\/es\/wp-json\/wp\/v2\/product_tag?post=10739"}],"curies":[{"name":"wp","href":"https:\/\/api.w.org\/{rel}","templated":true}]}}