{"id":10740,"date":"2024-05-05T16:16:55","date_gmt":"2024-05-05T14:16:55","guid":{"rendered":"https:\/\/www.aaaseedz.com\/?post_type=product&#038;p=10740"},"modified":"2025-06-11T16:34:18","modified_gmt":"2025-06-11T14:34:18","slug":"arbol-perfecto-melocoton-nubes-3","status":"publish","type":"product","link":"https:\/\/www.aaaseedz.com\/es\/produit\/perfect-tree-peach-clouds-2\/","title":{"rendered":"Peach Clouds - Perfect Tree"},"content":{"rendered":"<p>\u00a1La Peach Clouds de Perfect Tree es una variedad que te derretir\u00e1 el coraz\u00f3n! Imagina un atrevido cruce entre nuestro clon Kushmints F2, cuidadosamente seleccionado por los expertos de Seed Junky Genetics, y la deliciosa Peach Ozz de Dying Breed Seeds. Esta mezcla explosiva crea una experiencia de sabor y olor que te transportar\u00e1 a un jugoso huerto de melocotones, mientras te envuelve en el reconfortante poder de Kushmints.<\/p>\n<p>Peach Ozz, con sus hechizantes aromas de melocot\u00f3n dulce, combina a la perfecci\u00f3n con el rico y complejo perfil de terpenos de Kushmints. Es como saborear un postre afrutado mientras disfrutas de un momento de relajaci\u00f3n absoluta. Cada calada es una invitaci\u00f3n a relajarse, dej\u00e1ndote pegado al sof\u00e1 con una sonrisa de felicidad en la cara. Es el compa\u00f1ero perfecto para una velada tranquila, ya sea solo o con amigos.<\/p>\n<p>Pero espere, \u00a1hay m\u00e1s! Cuando las temperaturas empiezan a bajar, Peach Clouds revela profundas tonalidades p\u00farpuras que a\u00f1aden un toque de misterio a su aspecto. Estos vibrantes colores no s\u00f3lo son un regalo para la vista, sino tambi\u00e9n un testimonio de la excepcional calidad de esta variedad. Tendr\u00e1 la sensaci\u00f3n de tener una obra maestra bot\u00e1nica en su jard\u00edn.<\/p>\n<p>Adem\u00e1s de su atractivo aspecto, Peach Clouds tambi\u00e9n es una excelente productora de resina. Si eres un fan de las extracciones, \u00a1esta es tu variedad! Su generosa producci\u00f3n de resina la convierte en la elecci\u00f3n perfecta para crear sabrosos y potentes concentrados. Tanto si quieres hacer aceites, ceras u otras delicias, Peach Clouds te proporcionar\u00e1 todo lo que necesitas para satisfacer tus deseos creativos.<\/p>\n<p>En resumen, Peach Clouds es mucho m\u00e1s que una variedad de cannabis. Es una experiencia sensorial completa que combina sabores deliciosos, aspecto impresionante y rendimientos impresionantes. Tanto si eres un cultivador \u00e1vido como un novato curioso, esta planta es imprescindible y aportar\u00e1 un toque de magia a tu jard\u00edn. As\u00ed que prep\u00e1rate para saborear cada momento con Peach Clouds y d\u00e9jate llevar por su irresistible encanto.<\/p>\n<p><strong>Semillas feminizadas<\/strong><br \/>\n<strong>Paquete<\/strong> 6+3 semillas gratuitas (LH2P) (9)<br \/>\n<strong>Criador<\/strong> : Perfect Tree<br \/>\n<strong>Nombre<\/strong> : Peach Clouds<br \/>\n<strong>Cruz<\/strong> : Kush Mint x Peach Ozz<br \/>\n<strong>Rendimiento<\/strong> : Media a alta<br \/>\n<strong>Gen\u00e9tica<\/strong> H\u00edbrido con dominancia Indica<br \/>\n<strong>Periodo de floraci\u00f3n<\/strong> 56-60 d\u00edas<br \/>\n<strong>Pruebe<\/strong> : Gelato, Frutas y avellanas, Galletas<br \/>\n<strong>Experiencia<\/strong> Potente efecto corporal<\/p>\n<p><em>Advertencia: La posesi\u00f3n y recolecci\u00f3n de semillas est\u00e1n autorizadas en Francia. Estas semillas no deben utilizarse para fines distintos de los autorizados por la legislaci\u00f3n de su pa\u00eds. La germinaci\u00f3n y la venta a menores est\u00e1n estrictamente prohibidas. AAASeedz no se hace responsable en caso de incumplimiento de las leyes del pa\u00eds de residencia.<\/em><\/p>","protected":false},"excerpt":{"rendered":"<p>La Peach Clouds de Perfect Tree, est une vari\u00e9t\u00e9 qui va vous faire fondre de plaisir ! Imaginez un croisement<\/p>","protected":false},"featured_media":12349,"template":"","meta":[],"product_brand":[],"product_cat":[70],"product_tag":[77,308,307,293,278],"class_list":{"0":"post-10740","1":"product","2":"type-product","3":"status-publish","4":"has-post-thumbnail","6":"product_cat-feminisees","7":"product_tag-feminisee","8":"product_tag-kush-mint","9":"product_tag-peach-clouds","10":"product_tag-peach-ozz","11":"product_tag-perfect-tree","13":"first","14":"instock","15":"shipping-taxable","16":"purchasable","17":"product-type-simple"},"jetpack_sharing_enabled":true,"_links":{"self":[{"href":"https:\/\/www.aaaseedz.com\/es\/wp-json\/wp\/v2\/product\/10740","targetHints":{"allow":["GET"]}}],"collection":[{"href":"https:\/\/www.aaaseedz.com\/es\/wp-json\/wp\/v2\/product"}],"about":[{"href":"https:\/\/www.aaaseedz.com\/es\/wp-json\/wp\/v2\/types\/product"}],"wp:featuredmedia":[{"embeddable":true,"href":"https:\/\/www.aaaseedz.com\/es\/wp-json\/wp\/v2\/media\/12349"}],"wp:attachment":[{"href":"https:\/\/www.aaaseedz.com\/es\/wp-json\/wp\/v2\/media?parent=10740"}],"wp:term":[{"taxonomy":"product_brand","embeddable":true,"href":"https:\/\/www.aaaseedz.com\/es\/wp-json\/wp\/v2\/product_brand?post=10740"},{"taxonomy":"product_cat","embeddable":true,"href":"https:\/\/www.aaaseedz.com\/es\/wp-json\/wp\/v2\/product_cat?post=10740"},{"taxonomy":"product_tag","embeddable":true,"href":"https:\/\/www.aaaseedz.com\/es\/wp-json\/wp\/v2\/product_tag?post=10740"}],"curies":[{"name":"wp","href":"https:\/\/api.w.org\/{rel}","templated":true}]}}