{"id":10743,"date":"2024-05-05T16:34:05","date_gmt":"2024-05-05T14:34:05","guid":{"rendered":"https:\/\/www.aaaseedz.com\/?post_type=product&#038;p=10743"},"modified":"2025-06-11T16:30:38","modified_gmt":"2025-06-11T14:30:38","slug":"arbol-perfecto-mimozz-3","status":"publish","type":"product","link":"https:\/\/www.aaaseedz.com\/es\/produit\/perfect-tree-mimozz-2\/","title":{"rendered":"Mimozz - Perfect Tree"},"content":{"rendered":"<p>Agarraos los sombreros, fans del cannabis, que nos adentramos en el delicioso mundo de La Mimozz de Perfect Tree, una variedad que emociona los sentidos y que ya ha conquistado el coraz\u00f3n de los jueces en prestigiosas competiciones. Con premios como el 2\u00ba puesto en la Secret Cup Bizkaia en 2020 y el 3\u00ba puesto en la Secret Cup Ibiza en 2022, por no mencionar el 2\u00ba puesto en la Copa de las Flores en 2022 y el 1\u00ba puesto en 2023, \u00a1la Mimozz es claramente una superestrella del jard\u00edn! Y eso no es todo: tambi\u00e9n brill\u00f3 en la Copa de las Flores en Alemania en 2023, donde obtuvo el primer puesto en la categor\u00eda de Rosin. Esta planta sabe c\u00f3mo dar que hablar.<\/p>\n<p>La Mimozz es un h\u00edbrido con sativa dominante que no s\u00f3lo tiene buen aspecto, \u00a1tambi\u00e9n es incre\u00edblemente productiva! Con un tiempo de floraci\u00f3n de s\u00f3lo 7 a 8 semanas, est\u00e1 lista para deleitarte en poco tiempo. Imag\u00ednate unos rendimientos que te har\u00e1n bailar de alegr\u00eda. Pero lo que realmente hace especial a La Mimozz es su perfil de sabor. Piensa en un cremoso caramelo de naranja que se deshace en la boca, mezclado con notas de frutas ex\u00f3ticas y la irresistible dulzura de la Z. Es como un fest\u00edn para las papilas gustativas.<\/p>\n<p>Mimozz es el compa\u00f1ero ideal para tus d\u00edas soleados. Combina efectos relajantes y estimulantes, permiti\u00e9ndote relajarte mientras te mantienes activo. \u00a1Es lo mejor de ambos mundos! Tanto si quieres relajarte despu\u00e9s de un largo d\u00eda como embarcarte en una aventura creativa, La Mimozz est\u00e1 ah\u00ed para ayudarte.<\/p>\n<p>Visualmente, La Mimozz es un verdadero fest\u00edn para los ojos. Sus flores no s\u00f3lo son extremadamente perfumadas, sino tambi\u00e9n coloridas y ricas en resina. Te maravillar\u00e1 la belleza de sus cogollos, que pueden revelar fenotipos p\u00farpura oscuro dependiendo de la temperatura de tu jard\u00edn. Es como si cada planta fuera una obra de arte viva, lista para ser admirada.<\/p>\n<p>Si eres fan de los apetitosos terpenos de La Mimozz, prep\u00e1rate para querer esta planta en tu jard\u00edn para siempre. Con su mezcla de sabores dulces, efectos equilibrados y aspecto impresionante, es sencillamente irresistible. As\u00ed que no esperes m\u00e1s, haz de La Mimozz la estrella de tu jard\u00edn y \u00a1d\u00e9jate llevar por esta inolvidable experiencia sensorial!<\/p>\n<p><strong>Semillas feminizadas<\/strong><br \/>\n<strong>Paquete<\/strong> 6+3 semillas gratuitas (LH2P) (9)<br \/>\n<strong>Criador<\/strong> : Perfect Tree<br \/>\n<strong>Nombre<\/strong> : Mimozz<br \/>\n<strong>Cruz<\/strong> : Mimosa x Peach Ozz<br \/>\n<strong>Rendimiento<\/strong> : Media a alta<br \/>\n<strong>Gen\u00e9tica<\/strong> H\u00edbrido con dominancia Indica<br \/>\n<strong>Periodo de floraci\u00f3n<\/strong> 50-56 d\u00edas<br \/>\n<strong>Pruebe<\/strong> Muy dulce, caramelo de naranja, crema<br \/>\n<strong>Experiencia<\/strong> Ideal para el d\u00eda, con efectos relajantes y estimulantes<\/p>\n<p><em>Advertencia: La posesi\u00f3n y recolecci\u00f3n de semillas est\u00e1n autorizadas en Francia. Estas semillas no deben utilizarse para fines distintos de los autorizados por la legislaci\u00f3n de su pa\u00eds. La germinaci\u00f3n y la venta a menores est\u00e1n estrictamente prohibidas. AAASeedz no se hace responsable en caso de incumplimiento de las leyes del pa\u00eds de residencia.<\/em><\/p>","protected":false},"excerpt":{"rendered":"<p>Agarraos los sombreros, amantes del cannabis, que nos adentramos en el delicioso mundo de La Mimozz de Perfect Tree, una variedad que<\/p>","protected":false},"featured_media":12347,"template":"","meta":[],"product_brand":[],"product_cat":[70],"product_tag":[77,302,313,293,278],"class_list":{"0":"post-10743","1":"product","2":"type-product","3":"status-publish","4":"has-post-thumbnail","6":"product_cat-feminisees","7":"product_tag-feminisee","8":"product_tag-mimosa","9":"product_tag-mimozz","10":"product_tag-peach-ozz","11":"product_tag-perfect-tree","13":"first","14":"instock","15":"shipping-taxable","16":"purchasable","17":"product-type-simple"},"jetpack_sharing_enabled":true,"_links":{"self":[{"href":"https:\/\/www.aaaseedz.com\/es\/wp-json\/wp\/v2\/product\/10743","targetHints":{"allow":["GET"]}}],"collection":[{"href":"https:\/\/www.aaaseedz.com\/es\/wp-json\/wp\/v2\/product"}],"about":[{"href":"https:\/\/www.aaaseedz.com\/es\/wp-json\/wp\/v2\/types\/product"}],"wp:featuredmedia":[{"embeddable":true,"href":"https:\/\/www.aaaseedz.com\/es\/wp-json\/wp\/v2\/media\/12347"}],"wp:attachment":[{"href":"https:\/\/www.aaaseedz.com\/es\/wp-json\/wp\/v2\/media?parent=10743"}],"wp:term":[{"taxonomy":"product_brand","embeddable":true,"href":"https:\/\/www.aaaseedz.com\/es\/wp-json\/wp\/v2\/product_brand?post=10743"},{"taxonomy":"product_cat","embeddable":true,"href":"https:\/\/www.aaaseedz.com\/es\/wp-json\/wp\/v2\/product_cat?post=10743"},{"taxonomy":"product_tag","embeddable":true,"href":"https:\/\/www.aaaseedz.com\/es\/wp-json\/wp\/v2\/product_tag?post=10743"}],"curies":[{"name":"wp","href":"https:\/\/api.w.org\/{rel}","templated":true}]}}