{"id":10744,"date":"2024-05-05T16:35:35","date_gmt":"2024-05-05T14:35:35","guid":{"rendered":"https:\/\/www.aaaseedz.com\/?post_type=product&#038;p=10744"},"modified":"2025-06-11T16:34:49","modified_gmt":"2025-06-11T14:34:49","slug":"arbol-perfecto-sorbete-de-melocoton-og-3","status":"publish","type":"product","link":"https:\/\/www.aaaseedz.com\/es\/produit\/perfect-tree-peach-sherbert-og-2\/","title":{"rendered":"Peach Sherbert Og - Perfect Tree"},"content":{"rendered":"<p>Descubre la Peach Sherbert OG de Perfect Tree, \u00a1una variedad que obtuvo brillantemente el 2\u00ba puesto en la Canna French Cup 2022 en la categor\u00eda de extractos! Esta peque\u00f1a joya es el resultado de un cruce entre Falcon 9 y Peach Ozz, y seguro que te impresionar\u00e1. Si buscas una planta que combine potencia y rendimiento, \u00a1has llegado al lugar adecuado! Esta peque\u00f1a joya es el resultado de un matrimonio explosivo entre Falcon 9 y Peach Ozz, y cr\u00e9eme, no te decepcionar\u00e1. Si buscas una planta que combine potencia y rendimiento, \u00a1has venido al lugar adecuado!<\/p>\n<p>Peach Sherbert OG es un h\u00edbrido con indica dominante que destaca por su robustez y productividad. Imagina flores densas y ultra pegajosas cubiertas de una resina brillante que casi parece demasiado buena para ser verdad. Estos cogollos son perfectos para aquellos a los que les gusta hacer extracciones sin disolventes, ya que est\u00e1n repletos de terpenos que dar\u00e1n a tus concentrados un sabor inolvidable. Un verdadero tesoro para los amantes del cannabis que buscan una experiencia de sabor rica e intensa.<\/p>\n<p>Para maximizar el potencial de esta variedad, recomendamos podarla una o dos veces antes de la floraci\u00f3n. Esto permite que Peach Sherbert OG se convierta en un frondoso arbusto, repleto de preciosas flores moradas que asombrar\u00e1n a tus ojos. En s\u00f3lo 9 semanas, podr\u00e1s admirar los resultados de tus esfuerzos, con cogollos que parecen casi demasiado perfectos para cosecharlos. Es como si cada planta fuera una obra de arte viviente, \u00a1lista para ser celebrada!<\/p>\n<p>El aroma de Peach Sherbert OG es una fiesta para los sentidos. Con potentes terpenos OG mezclados con frescas notas de melocot\u00f3n ligeramente maduro, cada inhalaci\u00f3n es una explosi\u00f3n de sabor que te transporta a un soleado huerto. Tanto si eliges disfrutar de esta variedad en flor o como extracci\u00f3n, quedar\u00e1s encantado con su delicioso sabor y su embriagadora potencia.<\/p>\n<p>En resumen, Peach Sherbert OG es una variedad imprescindible para cualquiera que aprecie la potencia de la OG y los rendimientos generosos. Tanto si eres un cultivador experimentado como un novato entusiasta, esta planta te conquistar\u00e1 con su belleza, robustez y aromas hechizantes. As\u00ed que no esperes m\u00e1s para llevar Peach Sherbert OG a tu jard\u00edn y descubrir todo lo que tiene que ofrecer.<\/p>\n<p><strong>Semillas feminizadas<\/strong><br \/>\n<strong>Paquete<\/strong> 6+3 semillas gratuitas (LH2P) (9)<br \/>\n<strong>Criador<\/strong> : Perfect Tree<br \/>\n<strong>Nombre<\/strong> : Peach Sherbert Og<br \/>\n<strong>Cruz<\/strong> : Falcon 9 x Peach Ozz<br \/>\n<strong>Rendimiento<\/strong> : Media a alta<br \/>\n<strong>Gen\u00e9tica<\/strong> H\u00edbrido con dominancia Indica<br \/>\n<strong>Periodo de floraci\u00f3n<\/strong> 56-60 d\u00edas<br \/>\n<strong>Pruebe<\/strong> : OG Fresco y Gas<br \/>\n<strong>Experiencia<\/strong> Potencia Indica fuerte<\/p>\n<p><em>Advertencia: La posesi\u00f3n y recolecci\u00f3n de semillas est\u00e1n autorizadas en Francia. Estas semillas no deben utilizarse para fines distintos de los autorizados por la legislaci\u00f3n de su pa\u00eds. La germinaci\u00f3n y la venta a menores est\u00e1n estrictamente prohibidas. AAASeedz no se hace responsable en caso de incumplimiento de las leyes del pa\u00eds de residencia.<\/em><\/p>","protected":false},"excerpt":{"rendered":"<p>D\u00e9couvrez la Peach Sherbert OG de Perfect Tree, une vari\u00e9t\u00e9 qui a brillamment remport\u00e9 la 2\u00e8me place \u00e0 la Canna<\/p>","protected":false},"featured_media":12353,"template":"","meta":[],"product_brand":[],"product_cat":[70],"product_tag":[315,77,293,314,278],"class_list":{"0":"post-10744","1":"product","2":"type-product","3":"status-publish","4":"has-post-thumbnail","6":"product_cat-feminisees","7":"product_tag-falcon-9","8":"product_tag-feminisee","9":"product_tag-peach-ozz","10":"product_tag-peach-sherbert-og","11":"product_tag-perfect-tree","13":"first","14":"instock","15":"shipping-taxable","16":"purchasable","17":"product-type-simple"},"jetpack_sharing_enabled":true,"_links":{"self":[{"href":"https:\/\/www.aaaseedz.com\/es\/wp-json\/wp\/v2\/product\/10744","targetHints":{"allow":["GET"]}}],"collection":[{"href":"https:\/\/www.aaaseedz.com\/es\/wp-json\/wp\/v2\/product"}],"about":[{"href":"https:\/\/www.aaaseedz.com\/es\/wp-json\/wp\/v2\/types\/product"}],"wp:featuredmedia":[{"embeddable":true,"href":"https:\/\/www.aaaseedz.com\/es\/wp-json\/wp\/v2\/media\/12353"}],"wp:attachment":[{"href":"https:\/\/www.aaaseedz.com\/es\/wp-json\/wp\/v2\/media?parent=10744"}],"wp:term":[{"taxonomy":"product_brand","embeddable":true,"href":"https:\/\/www.aaaseedz.com\/es\/wp-json\/wp\/v2\/product_brand?post=10744"},{"taxonomy":"product_cat","embeddable":true,"href":"https:\/\/www.aaaseedz.com\/es\/wp-json\/wp\/v2\/product_cat?post=10744"},{"taxonomy":"product_tag","embeddable":true,"href":"https:\/\/www.aaaseedz.com\/es\/wp-json\/wp\/v2\/product_tag?post=10744"}],"curies":[{"name":"wp","href":"https:\/\/api.w.org\/{rel}","templated":true}]}}