{"id":10746,"date":"2024-05-05T16:39:02","date_gmt":"2024-05-05T14:39:02","guid":{"rendered":"https:\/\/www.aaaseedz.com\/?post_type=product&#038;p=10746"},"modified":"2025-06-10T17:11:35","modified_gmt":"2025-06-10T15:11:35","slug":"arbol-perfecto-capri-zun-3","status":"publish","type":"product","link":"https:\/\/www.aaaseedz.com\/es\/produit\/perfect-tree-capri-zun-2\/","title":{"rendered":"Capri Zun - Perfect Tree"},"content":{"rendered":"<p>Prep\u00e1rate para descubrir CapriZun de Perfect Tree, la estrella emergente de las variedades h\u00edbridas con sativa dominante, que emocionar\u00e1 tus sentidos como nunca. Imagina una mezcla explosiva de terpenos, sabores y sensaciones, todo ello envasado en una bolsita tan resplandeciente como la Alhambra en pleno verano. Esta creaci\u00f3n es el resultado del duro trabajo de entusiastas que han puesto todo su coraz\u00f3n en la selecci\u00f3n de semillas de cannabis de la mejor calidad. Si te gustan las emociones fuertes, \u00a1te encantar\u00e1 CapriZun!<\/p>\n<p>Nada m\u00e1s abrir esta bolsita espumosa, un aut\u00e9ntico festival de dulzura afrutada golpea tu nariz. Es como un chute de vitaminas para las papilas gustativas, con sabores complejos que mezclan notas dulces y \u00e1cidas. A diferencia de algunas variedades que pierden su brillo cuando maduran, CapriZun es una aut\u00e9ntica superestrella que nunca deja de brillar. Los regordetes tricomas de esta flor, cubiertos de una generosa resina, har\u00e1n que quieras volver una y otra vez, ya sea para fumar o para disfrutar despu\u00e9s de la extracci\u00f3n.<\/p>\n<p>Esta peque\u00f1a maravilla es el resultado de un cruce entre la famosa Sunset Sherbert bx1 y la chispeante Peach Ozz. En s\u00f3lo 8 o 9 semanas de floraci\u00f3n, te ver\u00e1s recompensado con cogollos densos y resinosos que centellean como estrellas. Tanto si cultivas en interior como en exterior, esta variedad se adapta a cualquier entorno, y su rendimiento es nada menos que impresionante. Seguro que cosechar\u00e1s flores que dar\u00e1n mucho que hablar.<\/p>\n<p>CapriZun no es s\u00f3lo una hermosa planta; tambi\u00e9n es un aut\u00e9ntico concentrado de sensaciones. Con un contenido muy alto de THC, te sumir\u00e1 en un estado de relajaci\u00f3n euf\u00f3rica, perfecto para desconectar despu\u00e9s de un largo d\u00eda. Su efecto es a la vez calmante y estimulante, dej\u00e1ndote con una sonrisa de felicidad en la cara. Es la compa\u00f1era ideal para tus momentos de relax o para compartir con los amigos en una fiesta.<\/p>\n<p>Cultivar CapriZun es un verdadero placer, tanto si eres un jardinero novato como un experto. El banco de semillas Perfect Tree ha desarrollado esta variedad cuidando de probar cada lote con diferentes cultivadores, garantizando una experiencia de cultivo \u00f3ptima. Cada etapa, desde la germinaci\u00f3n hasta la cosecha, ha sido dise\u00f1ada para ofrecerte una experiencia inolvidable.<\/p>\n<p>\u00a1Y eso no es todo! Al comprar una bolsa de seis semillas CapriZun, recibir\u00e1 de regalo un paquete de tres semillas Tropic'Ozz. \u00a1Es una oportunidad de oro para diversificar tu jard\u00edn con sabores a\u00fan m\u00e1s ex\u00f3ticos!<\/p>\n<p>En resumen, CapriZun es mucho m\u00e1s que una variedad de cannabis. Es una experiencia sensorial completa que combina sabores deliciosos, facilidad de cultivo y efectos potentes. \u00a1As\u00ed que no esperes m\u00e1s! Sum\u00e9rgete en el mundo de CapriZun y d\u00e9jate llevar por esta explosi\u00f3n de frutas y sensaciones. \u00a1No te decepcionar\u00e1!<\/p>\n<p><strong>Semillas feminizadas<\/strong><br \/>\n<strong>Paquete<\/strong> 6+3 semillas gratuitas (LH2P) (9)<br \/>\n<strong>Criador<\/strong> : Perfect Tree<br \/>\n<strong>Nombre<\/strong> : Capri Zun<br \/>\n<strong>Cruz<\/strong> : Sunset Sherbert BX1 x Peach Ozz<br \/>\n<strong>Rendimiento<\/strong> : Media a alta<br \/>\n<strong>Gen\u00e9tica<\/strong> H\u00edbrido con sativa dominante<br \/>\n<strong>Periodo de floraci\u00f3n<\/strong> 60-66 d\u00edas<br \/>\n<strong>Pruebe<\/strong> Afrutado, acidulado<br \/>\n<strong>Experiencia<\/strong> : Alto efecto<\/p>\n<p><em>Advertencia: La posesi\u00f3n y recolecci\u00f3n de semillas est\u00e1n autorizadas en Francia. Estas semillas no deben utilizarse para fines distintos de los autorizados por la legislaci\u00f3n de su pa\u00eds. La germinaci\u00f3n y la venta a menores est\u00e1n estrictamente prohibidas. AAASeedz no se hace responsable en caso de incumplimiento de las leyes del pa\u00eds de residencia.<\/em><\/p>","protected":false},"excerpt":{"rendered":"<p>Pr\u00e9parez-vous \u00e0 d\u00e9couvrir CapriZun de Perfect Tree, l&rsquo;\u00e9toile montante des vari\u00e9t\u00e9s hybrides \u00e0 dominance sativa, qui va faire vibrer vos<\/p>","protected":false},"featured_media":12323,"template":"","meta":[],"product_brand":[],"product_cat":[70],"product_tag":[318,77,293,278,319],"class_list":{"0":"post-10746","1":"product","2":"type-product","3":"status-publish","4":"has-post-thumbnail","6":"product_cat-feminisees","7":"product_tag-capri-zun","8":"product_tag-feminisee","9":"product_tag-peach-ozz","10":"product_tag-perfect-tree","11":"product_tag-sunset-sherbert-bx1","13":"first","14":"instock","15":"shipping-taxable","16":"purchasable","17":"product-type-simple"},"jetpack_sharing_enabled":true,"_links":{"self":[{"href":"https:\/\/www.aaaseedz.com\/es\/wp-json\/wp\/v2\/product\/10746","targetHints":{"allow":["GET"]}}],"collection":[{"href":"https:\/\/www.aaaseedz.com\/es\/wp-json\/wp\/v2\/product"}],"about":[{"href":"https:\/\/www.aaaseedz.com\/es\/wp-json\/wp\/v2\/types\/product"}],"wp:featuredmedia":[{"embeddable":true,"href":"https:\/\/www.aaaseedz.com\/es\/wp-json\/wp\/v2\/media\/12323"}],"wp:attachment":[{"href":"https:\/\/www.aaaseedz.com\/es\/wp-json\/wp\/v2\/media?parent=10746"}],"wp:term":[{"taxonomy":"product_brand","embeddable":true,"href":"https:\/\/www.aaaseedz.com\/es\/wp-json\/wp\/v2\/product_brand?post=10746"},{"taxonomy":"product_cat","embeddable":true,"href":"https:\/\/www.aaaseedz.com\/es\/wp-json\/wp\/v2\/product_cat?post=10746"},{"taxonomy":"product_tag","embeddable":true,"href":"https:\/\/www.aaaseedz.com\/es\/wp-json\/wp\/v2\/product_tag?post=10746"}],"curies":[{"name":"wp","href":"https:\/\/api.w.org\/{rel}","templated":true}]}}