{"id":11696,"date":"2024-05-21T15:35:45","date_gmt":"2024-05-21T13:35:45","guid":{"rendered":"https:\/\/www.aaaseedz.com\/?post_type=product&#038;p=11696"},"modified":"2026-01-18T07:56:22","modified_gmt":"2026-01-18T06:56:22","slug":"arbol-perfecto-caliz-de-coco-3","status":"publish","type":"product","link":"https:\/\/www.aaaseedz.com\/es\/produit\/perfect-tree-coconut-chalice-2\/","title":{"rendered":"Coconut Chalice - Perfect Tree"},"content":{"rendered":"<p>El C\u00e1liz de Coco de Perfect Tree est\u00e1 a punto de proporcionarte una experiencia inolvidable. Este sensacional h\u00edbrido es el resultado de un atrevido matrimonio entre el famoso Gelato #41, tambi\u00e9n conocido como Bacio Gelato, y la cremosa Leche de Coco. Imagine una fusi\u00f3n que combina lo mejor de ambos mundos: la riqueza de la Gelato y la dulzura del coco. Con sus entrenudos cortos, esta variedad no s\u00f3lo produce cogollos, sino que te da verdaderas obras de arte que parecen bates de b\u00e9isbol, \u00a1listas para hacer girar cabezas en tu jard\u00edn!<\/p>\n<p>La Coconut Chalice es una aut\u00e9ntica delicia para los cultivadores, ya sean novatos o expertos. Su facilidad de cultivo la convierte en una opci\u00f3n ideal para cualquiera que desee embarcarse en la aventura de la jardiner\u00eda cann\u00e1bica. No hace falta ser un experto en bot\u00e1nica para tener \u00e9xito con esta belleza. Con sus internodos compactos, forma flores incre\u00edblemente densas, relucientes de tricomas centelleantes. Te encantar\u00e1 la forma en que se desarrollan estos cogollos, que muestran tonalidades p\u00farpuras que recuerdan a las m\u00e1s bellas tardes de verano.<\/p>\n<p>Y hablemos del periodo de floraci\u00f3n. La Coconut Chalice no te har\u00e1 esperar demasiado. En s\u00f3lo 8 breves semanas, estar\u00e1 listo para cosechar sus tesoros. Perfecta para los que no tienen la paciencia de esperar meses para saborear sus esfuerzos. Le encantar\u00e1 la rapidez con la que esta variedad le recompensa, manteniendo al mismo tiempo una calidad excepcional.<\/p>\n<p>Pero eso no es todo. El aroma del C\u00e1liz de Coco es una aut\u00e9ntica explosi\u00f3n sensorial. A medida que la planta madura, libera fragancias embriagadoras que llenan el aire de una intensidad cautivadora. Las dulces notas del Gelato se mezclan con la cremosa dulzura de la Leche de Coco, creando una sinfon\u00eda olfativa que te har\u00e1 la boca agua. \u00a1La anticipaci\u00f3n de estos deliciosos aromas har\u00e1 que todos los d\u00edas previos a la cosecha parezcan una eternidad!<\/p>\n<p>En resumen, Coconut Chalice es mucho m\u00e1s que una variedad de cannabis. Es una aventura de sabor y olor que te transportar\u00e1 a un mundo de delicias. Tanto si eres un cultivador en ciernes como un profesional de la jardiner\u00eda, esta planta es un imprescindible que aportar\u00e1 un toque de magia a tu jard\u00edn. As\u00ed que prep\u00e1rate para saborear cada momento con la Coconut Chalice y d\u00e9jate llevar por su irresistible encanto.<\/p>\n<p><strong>Semillas feminizadas<\/strong><br \/>\n<strong>Paquete<\/strong> : 6+3 semillas de regalo (Coco Milk S1) (9)<br \/>\n<strong>Criador<\/strong> : Perfect Tree<br \/>\n<strong>Nombre<\/strong> : Coconut Chalice<br \/>\n<strong>Cruz<\/strong> : Gelato #41 x Coco Milk<br \/>\n<strong>Rendimiento<\/strong> : Media a alta<br \/>\n<strong>Gen\u00e9tica<\/strong> H\u00edbrido con dominancia Indica<br \/>\n<strong>Periodo de floraci\u00f3n<\/strong> 56-60 d\u00edas<br \/>\n<strong>Pruebe<\/strong> : Gelato, Nata<br \/>\n<strong>Experiencia<\/strong> Relajante<\/p>\n<p><em><u>Advertencia<\/u> La posesi\u00f3n y recolecci\u00f3n de semillas est\u00e1n autorizadas en Francia. Estas semillas no deben utilizarse para fines distintos de los autorizados por la legislaci\u00f3n de su pa\u00eds. La germinaci\u00f3n y la venta a menores est\u00e1n estrictamente prohibidas. AAASeedz no se hace responsable en caso de incumplimiento de las leyes del pa\u00eds de residencia.<\/em><\/p>","protected":false},"excerpt":{"rendered":"<p>La Coconut Chalice de Perfect Tree est sur le point de vous faire vivre une exp\u00e9rience inoubliable ! Cet hybride<\/p>","protected":false},"featured_media":12329,"template":"","meta":[],"product_brand":[],"product_cat":[70],"product_tag":[321,393,77,394,278],"class_list":{"0":"post-11696","1":"product","2":"type-product","3":"status-publish","4":"has-post-thumbnail","6":"product_cat-feminisees","7":"product_tag-coco-milk","8":"product_tag-coconut-chalice","9":"product_tag-feminisee","10":"product_tag-gelato-41","11":"product_tag-perfect-tree","13":"first","14":"instock","15":"shipping-taxable","16":"purchasable","17":"product-type-simple"},"jetpack_sharing_enabled":true,"_links":{"self":[{"href":"https:\/\/www.aaaseedz.com\/es\/wp-json\/wp\/v2\/product\/11696","targetHints":{"allow":["GET"]}}],"collection":[{"href":"https:\/\/www.aaaseedz.com\/es\/wp-json\/wp\/v2\/product"}],"about":[{"href":"https:\/\/www.aaaseedz.com\/es\/wp-json\/wp\/v2\/types\/product"}],"wp:featuredmedia":[{"embeddable":true,"href":"https:\/\/www.aaaseedz.com\/es\/wp-json\/wp\/v2\/media\/12329"}],"wp:attachment":[{"href":"https:\/\/www.aaaseedz.com\/es\/wp-json\/wp\/v2\/media?parent=11696"}],"wp:term":[{"taxonomy":"product_brand","embeddable":true,"href":"https:\/\/www.aaaseedz.com\/es\/wp-json\/wp\/v2\/product_brand?post=11696"},{"taxonomy":"product_cat","embeddable":true,"href":"https:\/\/www.aaaseedz.com\/es\/wp-json\/wp\/v2\/product_cat?post=11696"},{"taxonomy":"product_tag","embeddable":true,"href":"https:\/\/www.aaaseedz.com\/es\/wp-json\/wp\/v2\/product_tag?post=11696"}],"curies":[{"name":"wp","href":"https:\/\/api.w.org\/{rel}","templated":true}]}}