{"id":11697,"date":"2024-05-21T15:37:25","date_gmt":"2024-05-21T13:37:25","guid":{"rendered":"https:\/\/www.aaaseedz.com\/?post_type=product&#038;p=11697"},"modified":"2025-06-10T17:17:33","modified_gmt":"2025-06-10T15:17:33","slug":"crema-de-coco-perfect-tree-3","status":"publish","type":"product","link":"https:\/\/www.aaaseedz.com\/es\/produit\/perfect-tree-coconut-cream-2\/","title":{"rendered":"Coconut Cream - Perfect Tree"},"content":{"rendered":"<p>Perfect Tree's Coconut Cream es un poco como mezclar un delicioso helado con un toque de magia cann\u00e1bica. Imagina un matrimonio perfecto entre la famosa LA Kush Cake de Seed Junky y la dulce Coco Milk. Este d\u00fao explosivo crea una variedad que no s\u00f3lo es sabrosa, sino un aut\u00e9ntico festival de resina y tricomas. \u00a1Prep\u00e1rate para sumergirte en un mundo de dulzura y potencia!<\/p>\n<p>De estatura media a alta, esta planta es un fest\u00edn para la vista. En s\u00f3lo 8 semanas de floraci\u00f3n, se transforma en una belleza que produce cogollos de una calidad excepcional. Cada flor es como una peque\u00f1a obra de arte, brillante y escarchada, un verdadero reclamo. Es como tener un jard\u00edn lleno de esculturas de hielo, listas para ser admiradas y disfrutadas.<\/p>\n<p>Coconut Cream es mucho m\u00e1s que un h\u00edbrido; es una verdadera fusi\u00f3n de las mejores caracter\u00edsticas de sus padres. LA Kush Cake aporta un irresistible sabor a Kushmint, combinado con el poder embriagador de Wedding Cake. Pero espera, \u00a1hay m\u00e1s! La magia realmente ocurre cuando estos sabores se realzan con la textura cremosa heredada de Coco Milk, que a\u00f1ade una dimensi\u00f3n aterciopelada a cada calada. \u00a1Es como saborear un postre cremoso mientras disfrutas de los beneficios del cannabis!<\/p>\n<p>Lo mejor de la Coconut Cream es que ofrece el equilibrio perfecto entre tama\u00f1o manejable y rendimientos impresionantes. Tanto si eres un cultivador novato como un experto, esta variedad es f\u00e1cil de manejar y te recompensar\u00e1 con generosas cosechas. No tendr\u00e1s que preocuparte por la altura de tus plantas, ya que se adaptan perfectamente a tu espacio de cultivo.<\/p>\n<p>En resumen, Coconut Cream es una experiencia sensorial que no te puedes perder. Con sus preciosas flores, encantadores aromas y deliciosa potencia, seguro que atrae a todos los amantes del cannabis. Si quieres relajarte despu\u00e9s de un largo d\u00eda o simplemente disfrutar de un momento de pura felicidad, esta cepa est\u00e1 aqu\u00ed para acompa\u00f1arte. As\u00ed que prep\u00e1rate para disfrutar de Coconut Cream y d\u00e9jate llevar por su irresistible dulzura.<\/p>\n<p><strong>Semillas feminizadas<\/strong><br \/>\n<strong>Paquete<\/strong> : 6+3 semillas de regalo (Coco Milk S1) (9)<br \/>\n<strong>Criador<\/strong> : Perfect Tree<br \/>\n<strong>Nombre<\/strong> : Coconut Cream<br \/>\n<strong>Cruz<\/strong> : LA Kush Cake x Coco Milk<br \/>\n<strong>Rendimiento<\/strong> : Media a alta<br \/>\n<strong>Gen\u00e9tica<\/strong> H\u00edbrido con dominancia Indica<br \/>\n<strong>Periodo de floraci\u00f3n<\/strong> 56-60 d\u00edas<br \/>\n<strong>Pruebe<\/strong> : Esencia y Crema<br \/>\n<strong>Experiencia<\/strong> Indica potente<\/p>\n<p><em><u>Advertencia<\/u> La posesi\u00f3n y recolecci\u00f3n de semillas est\u00e1n autorizadas en Francia. Estas semillas no deben utilizarse para fines distintos de los autorizados por la legislaci\u00f3n de su pa\u00eds. La germinaci\u00f3n y la venta a menores est\u00e1n estrictamente prohibidas. AAASeedz no se hace responsable en caso de incumplimiento de las leyes del pa\u00eds de residencia.<\/em><\/p>","protected":false},"excerpt":{"rendered":"<p>Perfect Tree's Coconut Cream es un poco como mezclar un delicioso helado con un toque de<\/p>","protected":false},"featured_media":12331,"template":"","meta":[],"product_brand":[],"product_cat":[70],"product_tag":[321,395,77,396,278],"class_list":{"0":"post-11697","1":"product","2":"type-product","3":"status-publish","4":"has-post-thumbnail","6":"product_cat-feminisees","7":"product_tag-coco-milk","8":"product_tag-coconut-cream","9":"product_tag-feminisee","10":"product_tag-la-kush-cake","11":"product_tag-perfect-tree","13":"first","14":"instock","15":"shipping-taxable","16":"purchasable","17":"product-type-simple"},"jetpack_sharing_enabled":true,"_links":{"self":[{"href":"https:\/\/www.aaaseedz.com\/es\/wp-json\/wp\/v2\/product\/11697","targetHints":{"allow":["GET"]}}],"collection":[{"href":"https:\/\/www.aaaseedz.com\/es\/wp-json\/wp\/v2\/product"}],"about":[{"href":"https:\/\/www.aaaseedz.com\/es\/wp-json\/wp\/v2\/types\/product"}],"wp:featuredmedia":[{"embeddable":true,"href":"https:\/\/www.aaaseedz.com\/es\/wp-json\/wp\/v2\/media\/12331"}],"wp:attachment":[{"href":"https:\/\/www.aaaseedz.com\/es\/wp-json\/wp\/v2\/media?parent=11697"}],"wp:term":[{"taxonomy":"product_brand","embeddable":true,"href":"https:\/\/www.aaaseedz.com\/es\/wp-json\/wp\/v2\/product_brand?post=11697"},{"taxonomy":"product_cat","embeddable":true,"href":"https:\/\/www.aaaseedz.com\/es\/wp-json\/wp\/v2\/product_cat?post=11697"},{"taxonomy":"product_tag","embeddable":true,"href":"https:\/\/www.aaaseedz.com\/es\/wp-json\/wp\/v2\/product_tag?post=11697"}],"curies":[{"name":"wp","href":"https:\/\/api.w.org\/{rel}","templated":true}]}}