{"id":11698,"date":"2024-05-21T15:39:09","date_gmt":"2024-05-21T13:39:09","guid":{"rendered":"https:\/\/www.aaaseedz.com\/?post_type=product&#038;p=11698"},"modified":"2025-06-10T17:17:50","modified_gmt":"2025-06-10T15:17:50","slug":"arbol-perfecto-coco-fresco-3","status":"publish","type":"product","link":"https:\/\/www.aaaseedz.com\/es\/produit\/perfect-tree-coconut-fresh-2\/","title":{"rendered":"Coconut Fresh - Perfect Tree"},"content":{"rendered":"<p>Coco Fresh de Perfect Tree es una variedad que te transporta directamente a una playa paradis\u00edaca. Imag\u00ednate tumbado en la c\u00e1lida arena, con las olas susurrando en tus o\u00eddos, mientras bebes deliciosa y fresca agua de coco. Eso es exactamente lo que te ofrece esta planta: una escapada tropical con cada bocanada. Con sus tricomas centelleantes que brillan como estrellas, Coco Fresh es una aut\u00e9ntica belleza que seguro que a\u00f1ade un toque de magia a tu jard\u00edn.<\/p>\n<p>Esta variedad es una aut\u00e9ntica campeona de la producci\u00f3n, y merece un lugar preferente en cualquier espacio de cultivo. Su crecimiento es erguido y majestuoso, y es capaz de producir cogollos de una calidad excepcional. Si buscas una planta que combine est\u00e9tica y rendimiento, Coco Fresh es tu aliada ideal.<\/p>\n<p>\u00a1Pero eso no es todo! Coco Fresh es el resultado de un delicioso cruce entre la famosa Runtz y la dulce Coco Milk. Esta mezcla explosiva da lugar a un perfil de terpenos \u00fanico que combina notas frescas y carbonatadas con un dulzor cremoso. Cada inhalaci\u00f3n es un fest\u00edn para tus papilas gustativas, transport\u00e1ndote a un mundo de sabores ex\u00f3ticos. Te encantar\u00e1 el embriagador aroma que llena el aire, record\u00e1ndote los placeres sencillos de la vida.<\/p>\n<p>Adem\u00e1s de por sus deliciosos sabores, Coco Fresh tambi\u00e9n es conocido por sus efectos relajantes y calmantes. Tanto si busca relajarse despu\u00e9s de un d\u00eda ajetreado como si simplemente quiere sumergirse en un estado de meditaci\u00f3n profunda, esta variedad est\u00e1 ah\u00ed para usted. Tiene el poder de transportarte a un remanso de paz, donde el estr\u00e9s y las preocupaciones se evaporan como por arte de magia. Imag\u00ednese flotando en una nube de tranquilidad, con una sonrisa de felicidad en la cara.<\/p>\n<p>Y por si fuera poco, Coco Fresh es un sue\u00f1o para cultivar. Tanto si eres un jardinero experimentado como un novato entusiasta, esta planta es incre\u00edblemente f\u00e1cil de cuidar. Es resistente y no requiere atenci\u00f3n constante, lo que la convierte en una opci\u00f3n perfecta para todos los cultivadores. Con Coco Fresh en tu jard\u00edn, tendr\u00e1s la garant\u00eda de cosechar no s\u00f3lo hermosas flores, sino tambi\u00e9n una saludable dosis de felicidad y satisfacci\u00f3n.<\/p>\n<p>\u00bfA qu\u00e9 est\u00e1s esperando? D\u00e9jate seducir por Coco Fresh y prep\u00e1rate para una experiencia inolvidable que despertar\u00e1 tus sentidos y calmar\u00e1 tu esp\u00edritu.<\/p>\n<p><strong>Semillas feminizadas<\/strong><br \/>\n<strong>Paquete<\/strong> : 6+3 semillas de regalo (Coco Milk S1) (9)<br \/>\n<strong>Criador<\/strong> : Perfect Tree<br \/>\n<strong>Nombre<\/strong> : Coconut Fresh<br \/>\n<strong>Cruz<\/strong> : Runtz x Coco Milk<br \/>\n<strong>Rendimiento<\/strong> : Media a alta<br \/>\n<strong>Gen\u00e9tica<\/strong> H\u00edbrido con dominancia Indica<br \/>\n<strong>Periodo de floraci\u00f3n<\/strong> 56-60 d\u00edas<br \/>\n<strong>Pruebe<\/strong> : Gas suave<br \/>\n<strong>Experiencia<\/strong> Relajaci\u00f3n intensa<\/p>\n<p><em><u>Advertencia<\/u> La posesi\u00f3n y recolecci\u00f3n de semillas est\u00e1n autorizadas en Francia. Estas semillas no deben utilizarse para fines distintos de los autorizados por la legislaci\u00f3n de su pa\u00eds. La germinaci\u00f3n y la venta a menores est\u00e1n estrictamente prohibidas. AAASeedz no se hace responsable en caso de incumplimiento de las leyes del pa\u00eds de residencia.<\/em><\/p>","protected":false},"excerpt":{"rendered":"<p>La Coco Fresh de Perfect Tree, est une vari\u00e9t\u00e9 qui vous emm\u00e8ne directement sur une plage paradisiaque ! Imaginez-vous allong\u00e9<\/p>","protected":false},"featured_media":12333,"template":"","meta":[],"product_brand":[],"product_cat":[70],"product_tag":[321,397,77,278,76],"class_list":{"0":"post-11698","1":"product","2":"type-product","3":"status-publish","4":"has-post-thumbnail","6":"product_cat-feminisees","7":"product_tag-coco-milk","8":"product_tag-coconut-fresh","9":"product_tag-feminisee","10":"product_tag-perfect-tree","11":"product_tag-runtz","13":"first","14":"instock","15":"shipping-taxable","16":"purchasable","17":"product-type-simple"},"jetpack_sharing_enabled":true,"_links":{"self":[{"href":"https:\/\/www.aaaseedz.com\/es\/wp-json\/wp\/v2\/product\/11698","targetHints":{"allow":["GET"]}}],"collection":[{"href":"https:\/\/www.aaaseedz.com\/es\/wp-json\/wp\/v2\/product"}],"about":[{"href":"https:\/\/www.aaaseedz.com\/es\/wp-json\/wp\/v2\/types\/product"}],"wp:featuredmedia":[{"embeddable":true,"href":"https:\/\/www.aaaseedz.com\/es\/wp-json\/wp\/v2\/media\/12333"}],"wp:attachment":[{"href":"https:\/\/www.aaaseedz.com\/es\/wp-json\/wp\/v2\/media?parent=11698"}],"wp:term":[{"taxonomy":"product_brand","embeddable":true,"href":"https:\/\/www.aaaseedz.com\/es\/wp-json\/wp\/v2\/product_brand?post=11698"},{"taxonomy":"product_cat","embeddable":true,"href":"https:\/\/www.aaaseedz.com\/es\/wp-json\/wp\/v2\/product_cat?post=11698"},{"taxonomy":"product_tag","embeddable":true,"href":"https:\/\/www.aaaseedz.com\/es\/wp-json\/wp\/v2\/product_tag?post=11698"}],"curies":[{"name":"wp","href":"https:\/\/api.w.org\/{rel}","templated":true}]}}