{"id":11711,"date":"2024-05-23T16:42:03","date_gmt":"2024-05-23T14:42:03","guid":{"rendered":"https:\/\/www.aaaseedz.com\/?post_type=product&#038;p=11711"},"modified":"2025-06-10T17:16:20","modified_gmt":"2025-06-10T15:16:20","slug":"arbol-perfecto-cherrytini-s1-2","status":"publish","type":"product","link":"https:\/\/www.aaaseedz.com\/es\/produit\/perfect-tree-cherrytini-s1-2\/","title":{"rendered":"CherryTini S1 - Perfect Tree"},"content":{"rendered":"<p>Cherrytini S1 de Perfect Tree es una variedad que har\u00e1 bailar tus papilas gustativas y arder tus sentidos. Imagina una suave brisa de jugosas cerezas, mezcladas con potentes notas de gas que te recuerdan a las mejores tardes de verano. Cherrytini es simplemente una variedad imprescindible para todos los amantes del cannabis que adoran los sabores dulces y afrutados.<\/p>\n<p>Esta peque\u00f1a maravilla es el resultado de un atrevido cruce entre dos fenotipos de Cherrytini, lo que la convierte en un h\u00edbrido con mucho car\u00e1cter. En s\u00f3lo 8 semanas de floraci\u00f3n, ser\u00e1s recompensado con cogollos densos y resinosos que brillan con la luz. Tanto si eres un cultivador experimentado como un novato entusiasta, esta variedad es f\u00e1cil de cultivar y promete rendimientos medios y altos. Te encantar\u00e1 ver c\u00f3mo tus plantas crecen y se transforman en verdaderas obras de arte bot\u00e1nico.<\/p>\n<p>Cherrytini S1 es el resultado de nuestra pasi\u00f3n por la experimentaci\u00f3n. Empezamos con nuestras selecciones de Cherry Noir de Aficionado Mendocino, polinizadas por nuestro macho Jet A. Para esta versi\u00f3n S1, decidimos cruzar nuestro mejor fenotipo con ella misma, \u00a1y los resultados fueron simplemente impresionantes! Cada calada de esta variedad te transporta a un mundo de delicias afrutadas, donde el hechizante aroma a caramelo de cereza se mezcla con notas de gas que a\u00f1aden una incre\u00edble profundidad a la experiencia.<\/p>\n<p>Cuando se trata de sabor, \u00a1espera un aut\u00e9ntico festival para tus papilas gustativas! Cherrytini S1 ofrece una explosi\u00f3n de sabor con toques de cereza dulce que le recordar\u00e1n a los dulces de su infancia, a la vez que se realza con ese toque de gas que le da su car\u00e1cter \u00fanico. Es una combinaci\u00f3n que sin duda atraer\u00e1 a los aficionados a las flores dulces y afrutadas.<\/p>\n<p>Pero eso no es todo. La experiencia de Cherrytini S1 es igual de memorable. Con su potente efecto narc\u00f3tico, esta variedad te envuelve en una sensaci\u00f3n de profunda relajaci\u00f3n, perfecta para desconectar despu\u00e9s de un largo d\u00eda. Te sentir\u00e1s ligero y feliz, listo para aprovechar al m\u00e1ximo cada momento.<\/p>\n<p>En resumen, Cherrytini S1 es mucho m\u00e1s que una variedad de cannabis. Es una aventura sensorial que combina deliciosos sabores, facilidad de cultivo y potentes efectos. Tanto si eres un cultivador apasionado como un aficionado curioso, esta planta es un imprescindible que aportar\u00e1 un toque de magia a tu jard\u00edn. As\u00ed que prep\u00e1rate para saborear cada momento con Cherrytini S1 y d\u00e9jate llevar por su irresistible encanto.<\/p>\n<p><strong>Semillas feminizadas<\/strong><br \/>\n<strong>Paquete<\/strong> 6+3 semillas de regalo (Frozini) (9)<br \/>\n<strong>Criador<\/strong> : Perfect Tree<br \/>\n<strong>Nombre<\/strong> : CherryTini S1<br \/>\n<strong>Cruz<\/strong> : CherryTini x CherryTini<br \/>\n<strong>Rendimiento<\/strong> : Media a alta<br \/>\n<strong>Gen\u00e9tica<\/strong> : H\u00edbrido<br \/>\n<strong>Periodo de floraci\u00f3n<\/strong> 56-60 d\u00edas<br \/>\n<strong>Pruebe<\/strong> : Caramelo de cereza - Gas potente<br \/>\n<strong>Experiencia<\/strong> Potente efecto narc\u00f3tico<\/p>\n<p><em><u>Advertencia<\/u> La posesi\u00f3n y recolecci\u00f3n de semillas est\u00e1n autorizadas en Francia. Estas semillas no deben utilizarse para fines distintos de los autorizados por la legislaci\u00f3n de su pa\u00eds. La germinaci\u00f3n y la venta a menores est\u00e1n estrictamente prohibidas. AAASeedz no se hace responsable en caso de incumplimiento de las leyes del pa\u00eds de residencia.<\/em><\/p>","protected":false},"excerpt":{"rendered":"<p>Cherrytini S1 de Perfect Tree es una variedad que seguro har\u00e1 bailar tus papilas gustativas y arder tus sentidos.<\/p>","protected":false},"featured_media":12327,"template":"","meta":[],"product_brand":[],"product_cat":[70],"product_tag":[398,401,77,278],"class_list":{"0":"post-11711","1":"product","2":"type-product","3":"status-publish","4":"has-post-thumbnail","6":"product_cat-feminisees","7":"product_tag-cherrytini","8":"product_tag-cherrytini-s1","9":"product_tag-feminisee","10":"product_tag-perfect-tree","12":"first","13":"instock","14":"shipping-taxable","15":"purchasable","16":"product-type-simple"},"jetpack_sharing_enabled":true,"_links":{"self":[{"href":"https:\/\/www.aaaseedz.com\/es\/wp-json\/wp\/v2\/product\/11711","targetHints":{"allow":["GET"]}}],"collection":[{"href":"https:\/\/www.aaaseedz.com\/es\/wp-json\/wp\/v2\/product"}],"about":[{"href":"https:\/\/www.aaaseedz.com\/es\/wp-json\/wp\/v2\/types\/product"}],"wp:featuredmedia":[{"embeddable":true,"href":"https:\/\/www.aaaseedz.com\/es\/wp-json\/wp\/v2\/media\/12327"}],"wp:attachment":[{"href":"https:\/\/www.aaaseedz.com\/es\/wp-json\/wp\/v2\/media?parent=11711"}],"wp:term":[{"taxonomy":"product_brand","embeddable":true,"href":"https:\/\/www.aaaseedz.com\/es\/wp-json\/wp\/v2\/product_brand?post=11711"},{"taxonomy":"product_cat","embeddable":true,"href":"https:\/\/www.aaaseedz.com\/es\/wp-json\/wp\/v2\/product_cat?post=11711"},{"taxonomy":"product_tag","embeddable":true,"href":"https:\/\/www.aaaseedz.com\/es\/wp-json\/wp\/v2\/product_tag?post=11711"}],"curies":[{"name":"wp","href":"https:\/\/api.w.org\/{rel}","templated":true}]}}