{"id":12308,"date":"2025-01-28T11:03:18","date_gmt":"2025-01-28T10:03:18","guid":{"rendered":"https:\/\/www.aaaseedz.com\/?post_type=product&#038;p=12308"},"modified":"2025-06-11T17:24:29","modified_gmt":"2025-06-11T15:24:29","slug":"guerra-mundial-g-terphogz-x-mr-sherbinski","status":"publish","type":"product","link":"https:\/\/www.aaaseedz.com\/es\/produit\/world-war-g-terphogz-x-mr-sherbinski\/","title":{"rendered":"Guerra Mundial G - Terphogz x Mr Sherbinski"},"content":{"rendered":"<p><strong>Semillas feminizadas<\/strong><br \/>\n<strong>Paquete<\/strong> 10 semillas<br \/>\n<strong>Criador<\/strong> : Terphogz x Kounter Kulture<br \/>\n<strong>Nombre<\/strong> : Guerra Mundial G<br \/>\n<strong>Cruz<\/strong> Z2.0G421 x Blanco Runtz<\/p>\n<p><em>Advertencia: La posesi\u00f3n y recolecci\u00f3n de semillas est\u00e1n autorizadas en Francia. Estas semillas no deben utilizarse para fines distintos de los autorizados por la legislaci\u00f3n de su pa\u00eds. La germinaci\u00f3n y la venta a menores est\u00e1n estrictamente prohibidas. AAASeedz no se hace responsable en caso de incumplimiento de las leyes del pa\u00eds de residencia.<\/em><\/p>","protected":false},"excerpt":{"rendered":"<p>Semillas feminizadas Pack : 10 semillas Obtentor : Terphogz x Kounter Kulture Nombre : World War G Cruce : Z2.0G421<\/p>","protected":false},"featured_media":12302,"template":"","meta":[],"product_brand":[],"product_cat":[70],"product_tag":[77,463,106,102,461,462],"class_list":{"0":"post-12308","1":"product","2":"type-product","3":"status-publish","4":"has-post-thumbnail","6":"product_cat-feminisees","7":"product_tag-feminisee","8":"product_tag-sherbinski","9":"product_tag-terphogz","10":"product_tag-white-runtz","11":"product_tag-world-war-g","12":"product_tag-z2-0g421","14":"first","15":"instock","16":"shipping-taxable","17":"purchasable","18":"product-type-simple"},"jetpack_sharing_enabled":true,"_links":{"self":[{"href":"https:\/\/www.aaaseedz.com\/es\/wp-json\/wp\/v2\/product\/12308","targetHints":{"allow":["GET"]}}],"collection":[{"href":"https:\/\/www.aaaseedz.com\/es\/wp-json\/wp\/v2\/product"}],"about":[{"href":"https:\/\/www.aaaseedz.com\/es\/wp-json\/wp\/v2\/types\/product"}],"wp:featuredmedia":[{"embeddable":true,"href":"https:\/\/www.aaaseedz.com\/es\/wp-json\/wp\/v2\/media\/12302"}],"wp:attachment":[{"href":"https:\/\/www.aaaseedz.com\/es\/wp-json\/wp\/v2\/media?parent=12308"}],"wp:term":[{"taxonomy":"product_brand","embeddable":true,"href":"https:\/\/www.aaaseedz.com\/es\/wp-json\/wp\/v2\/product_brand?post=12308"},{"taxonomy":"product_cat","embeddable":true,"href":"https:\/\/www.aaaseedz.com\/es\/wp-json\/wp\/v2\/product_cat?post=12308"},{"taxonomy":"product_tag","embeddable":true,"href":"https:\/\/www.aaaseedz.com\/es\/wp-json\/wp\/v2\/product_tag?post=12308"}],"curies":[{"name":"wp","href":"https:\/\/api.w.org\/{rel}","templated":true}]}}