{"id":12491,"date":"2025-03-20T14:09:36","date_gmt":"2025-03-20T13:09:36","guid":{"rendered":"https:\/\/www.aaaseedz.com\/?post_type=product&#038;p=12491"},"modified":"2025-03-20T15:03:06","modified_gmt":"2025-03-20T14:03:06","slug":"tropizai-arbol-perfecto","status":"publish","type":"product","link":"https:\/\/www.aaaseedz.com\/es\/produit\/tropizai-perfect-tree\/","title":{"rendered":"Tropiza\u00ef - \u00c1rbol perfecto"},"content":{"rendered":"<p>Tropiza\u00ef, una explosi\u00f3n de sabores tropicales y potentes efectos. Si buscas una variedad de cannabis que combine aromas hechizantes, buen aspecto y efectos potentes, no busques m\u00e1s, Tropiza\u00ef. Este cruce entre la Tropicanna Cherry de Relentless Genetics y el macho Za\u00efza\u00ef es una verdadera maravilla para los amantes del cannabis. Con sus caracter\u00edsticas \u00fanicas, Tropiza\u00ef est\u00e1 lista para seducir a cultivadores y consumidores por igual.<\/p>\n<p>Nada m\u00e1s abrir un paquete de Tropiza\u00ef, te recibe un incre\u00edble perfil de terpenos. Esta variedad ofrece una explosi\u00f3n de aromas de frutas tropicales, acompa\u00f1ados de notas frescas de ca\u00f1a de az\u00facar. Los matices de Original Z a\u00f1aden una profundidad extra a la fragancia, haciendo que cada inhalaci\u00f3n sea un verdadero placer para los sentidos. Tanto si eres un entendido como un novato, el embriagador aroma de Tropiza\u00ef seguro que te cautivar\u00e1.<\/p>\n<p>La Tropiza\u00ef no s\u00f3lo es deliciosa, sino tambi\u00e9n f\u00e1cil de cultivar. Con un tiempo de floraci\u00f3n de unas 8-9 semanas, esta planta es relativamente r\u00e1pida en alcanzar la plena madurez. Los cultivadores apreciar\u00e1n su capacidad para producir cogollos bien formados y una excelente producci\u00f3n de resina. En t\u00e9rminos de rendimiento, se esperan resultados de medios a altos, por lo que es una opci\u00f3n ideal para aquellos que buscan maximizar su cosecha.<\/p>\n<p>Adem\u00e1s de sus aromas y su rendimiento, Tropiza\u00ef es tambi\u00e9n una planta maravillosa de cultivar. Sus hermosos colores dar\u00e1n un toque est\u00e9tico a tu jard\u00edn. Sus cogollos bien formados y su abundante producci\u00f3n de resina hacen de esta variedad un verdadero regalo para la vista. Tanto si eres un aficionado como un cultivador experimentado, te encantar\u00e1 ver c\u00f3mo prospera esta belleza a tu cuidado.<\/p>\n<p>Cuando se trata de efectos, Tropiza\u00ef no decepciona. Con un efecto fuerte, esta variedad es perfecta para los que buscan una experiencia relajante y euf\u00f3rica. Tanto si quieres desconectar tras un largo d\u00eda como estimular tu creatividad, Tropiza\u00ef est\u00e1 ah\u00ed para acompa\u00f1arte. Es una variedad que podr\u00eda convertirse f\u00e1cilmente en tu nueva favorita, ya sea para uso recreativo o terap\u00e9utico.<\/p>\n<p>Como muchas variedades de la l\u00ednea Za\u00efza\u00ef, Tropiza\u00ef es una muy buena productora, y es probable que encuentres una favorita desde el primer paquete. Esto significa que puedes descubrir una planta que cumpla perfectamente tus expectativas en t\u00e9rminos de sabor y efecto. Para los cultivadores que buscan nuevas variedades para a\u00f1adir a su colecci\u00f3n, Tropiza\u00ef es una obligaci\u00f3n.<\/p>\n<p>En resumen, Tropiza\u00ef es una variedad que combina un perfil de terpenos excepcional, facilidad de cultivo y efectos potentes. Tanto si eres un cultivador aficionado como un entusiasta del cannabis, esta planta merece un lugar en tu jard\u00edn. No pierdas la oportunidad de descubrir esta maravillosa variedad, que promete ofrecerte una experiencia inolvidable. \u00a1Prep\u00e1rate para sumergirte en un mundo de sabores tropicales y efectos relajantes con Tropiza\u00ef!<\/p>\n<p><strong>Semillas regulares<\/strong><br \/>\n<strong>Paquete<\/strong> 12 semillas (12)<br \/>\n<strong>Criador<\/strong> : Perfect Tree<br \/>\n<strong>Nombre<\/strong> : Tropiza\u00ef<br \/>\n<strong>Cruz<\/strong> Tropicana Cherry x Za\u00ef Za\u00ef<br \/>\n<strong>Rendimiento<\/strong> : Media a alta<br \/>\n<strong>Gen\u00e9tica<\/strong> : H\u00edbrido<br \/>\n<strong>Periodo de floraci\u00f3n<\/strong> 60-67 d\u00edas<br \/>\n<strong>Pruebe<\/strong> Frutas tropicales y ca\u00f1a de az\u00facar<br \/>\n<strong>Experiencia<\/strong> Efecto fuerte<\/p>\n<p><em><u>Advertencia<\/u> La posesi\u00f3n y recolecci\u00f3n de semillas est\u00e1n autorizadas en Francia. Estas semillas no deben utilizarse para fines distintos de los autorizados por la legislaci\u00f3n de su pa\u00eds. La germinaci\u00f3n y la venta a menores est\u00e1n estrictamente prohibidas. AAASeedz no se hace responsable en caso de incumplimiento de las leyes del pa\u00eds de residencia.<\/em><\/p>","protected":false},"excerpt":{"rendered":"<p>Tropiza\u00ef, une explosion de saveurs tropicales et d&rsquo;effets puissants. Si vous \u00eates \u00e0 la recherche d&rsquo;une vari\u00e9t\u00e9 de cannabis qui<\/p>","protected":false},"featured_media":12431,"template":"","meta":[],"product_brand":[],"product_cat":[71],"product_tag":[278,109,485,484,303],"class_list":{"0":"post-12491","1":"product","2":"type-product","3":"status-publish","4":"has-post-thumbnail","6":"product_cat-regulieres","7":"product_tag-perfect-tree","8":"product_tag-regulieres","9":"product_tag-tropicana-cherry","10":"product_tag-tropizai","11":"product_tag-zaizai","13":"first","14":"outofstock","15":"shipping-taxable","16":"purchasable","17":"product-type-simple"},"jetpack_sharing_enabled":true,"_links":{"self":[{"href":"https:\/\/www.aaaseedz.com\/es\/wp-json\/wp\/v2\/product\/12491","targetHints":{"allow":["GET"]}}],"collection":[{"href":"https:\/\/www.aaaseedz.com\/es\/wp-json\/wp\/v2\/product"}],"about":[{"href":"https:\/\/www.aaaseedz.com\/es\/wp-json\/wp\/v2\/types\/product"}],"wp:featuredmedia":[{"embeddable":true,"href":"https:\/\/www.aaaseedz.com\/es\/wp-json\/wp\/v2\/media\/12431"}],"wp:attachment":[{"href":"https:\/\/www.aaaseedz.com\/es\/wp-json\/wp\/v2\/media?parent=12491"}],"wp:term":[{"taxonomy":"product_brand","embeddable":true,"href":"https:\/\/www.aaaseedz.com\/es\/wp-json\/wp\/v2\/product_brand?post=12491"},{"taxonomy":"product_cat","embeddable":true,"href":"https:\/\/www.aaaseedz.com\/es\/wp-json\/wp\/v2\/product_cat?post=12491"},{"taxonomy":"product_tag","embeddable":true,"href":"https:\/\/www.aaaseedz.com\/es\/wp-json\/wp\/v2\/product_tag?post=12491"}],"curies":[{"name":"wp","href":"https:\/\/api.w.org\/{rel}","templated":true}]}}