{"id":12492,"date":"2025-03-20T14:19:38","date_gmt":"2025-03-20T13:19:38","guid":{"rendered":"https:\/\/www.aaaseedz.com\/?post_type=product&#038;p=12492"},"modified":"2025-03-20T15:02:36","modified_gmt":"2025-03-20T14:02:36","slug":"picchu-arbol-perfecto","status":"publish","type":"product","link":"https:\/\/www.aaaseedz.com\/es\/produit\/picchu-perfect-tree\/","title":{"rendered":"Picchu - \u00c1rbol perfecto"},"content":{"rendered":"<p>Picchu, una experiencia cann\u00e1bica \u00fanica inspirada en el paisaje peruano. Si buscas una variedad de cannabis que combine potencia, sabores exquisitos y efectos relajantes, no busques m\u00e1s all\u00e1 de Picchu. Este cruce entre Bingsu y Peach Ozz es una aut\u00e9ntica maravilla que promete transportarte a un mundo de sensaciones inolvidables. Con sus caracter\u00edsticas \u00fanicas, Picchu est\u00e1 lista para seducir a cultivadores y consumidores por igual.<\/p>\n<p>Picchu es el resultado de una h\u00e1bil mezcla entre nuestro excepcional esqueje Bingsu y una reversi\u00f3n de Peach Ozz. Esta gen\u00e9tica h\u00edbrida de predominancia \u00edndica ofrece el equilibrio perfecto entre relajaci\u00f3n y placer. Los cultivadores apreciar\u00e1n la robustez de esta planta, que se desarrolla con un vigor impresionante. En s\u00f3lo 8 semanas, podr\u00e1s cosechar tus preciados cogollos, listos para disfrutar.<\/p>\n<p>Uno de los aspectos m\u00e1s cautivadores de Picchu es su complejo perfil de terpenos. Imagina una embriagadora mezcla de crema y gas, perfectamente combinados para crear una experiencia de sabor inolvidable. Cada inhalaci\u00f3n te envuelve en una cremosa dulzura, seguida de una explosi\u00f3n de notas gaseosas que tantalizan tus papilas gustativas. Esta mezcla \u00fanica distingue a Picchu del resto, y sin duda atraer\u00e1 a los amantes de los sabores atrevidos.<\/p>\n<p>Cuando se trata de efectos, Picchu no decepciona. Con una experiencia potente y profundamente relajante, esta variedad es ideal para aquellos que buscan desconectar despu\u00e9s de un largo d\u00eda. Sus efectos duran horas, permiti\u00e9ndote disfrutar de un momento de tranquilidad ininterrumpida. Tanto si quieres relajarte en el sof\u00e1 como disfrutar de una tranquila velada con amigos, Picchu est\u00e1 ah\u00ed para acompa\u00f1arte.<\/p>\n<p>Picchu tambi\u00e9n es conocida por su alt\u00edsimo rendimiento. Esta planta ultra vigorosa desarrolla su potencial sin l\u00edmites, lo que la convierte en una opci\u00f3n ideal para los cultivadores que buscan cosechas generosas. Sin embargo, hay que tener cuidado de no dejarla vegetar demasiado, \u00a1a menos que quieras acabar con una aut\u00e9ntica palmera! Responde muy bien al multi-topping y agradece un buen engorde, para que puedas optimizar su crecimiento y rendimiento.<\/p>\n<p>En resumen, Picchu es una cepa que combina una gen\u00e9tica excepcional, sabores \u00fanicos y efectos potentes. Tanto si eres un cultivador apasionado como un entusiasta del cannabis, esta planta merece un lugar en tu jard\u00edn. Con su mezcla de crema y gas, ofrece una experiencia sensorial inigualable que te transportar\u00e1 a los m\u00edsticos paisajes de Per\u00fa. No pierdas la oportunidad de descubrir Picchu, \u00a1la nueva estrella de tu colecci\u00f3n de cannabis! Prep\u00e1rate para una experiencia inolvidable con esta cepa que promete convertirse en imprescindible.<\/p>\n<p><strong>Semillas feminizadas<\/strong><br \/>\n<strong>Paquete<\/strong> 6+3 semillas gratuitas (LH2P) (9)<br \/>\n<strong>Criador<\/strong> : Perfect Tree<br \/>\n<strong>Nombre<\/strong> Picchu<br \/>\n<strong>Cruz<\/strong> Bingsu x Peach Ozz<br \/>\n<strong>Rendimiento<\/strong> : Media a alta<br \/>\n<strong>Gen\u00e9tica<\/strong> H\u00edbrido con dominancia Indica<br \/>\n<strong>Periodo de floraci\u00f3n<\/strong> 56-60 d\u00edas<br \/>\n<strong>Pruebe<\/strong> : Crema y gas<br \/>\n<strong>Experiencia<\/strong> Potente relajaci\u00f3n profunda<\/p>\n<p><em><u>Advertencia<\/u> La posesi\u00f3n y recolecci\u00f3n de semillas est\u00e1n autorizadas en Francia. Estas semillas no deben utilizarse para fines distintos de los autorizados por la legislaci\u00f3n de su pa\u00eds. La germinaci\u00f3n y la venta a menores est\u00e1n estrictamente prohibidas. AAASeedz no se hace responsable en caso de incumplimiento de las leyes del pa\u00eds de residencia.<\/em><\/p>","protected":false},"excerpt":{"rendered":"<p>Picchu, une exp\u00e9rience unique de cannabis inspir\u00e9e des paysages p\u00e9ruviens. Si vous \u00eates \u00e0 la recherche d&rsquo;une vari\u00e9t\u00e9 de cannabis<\/p>","protected":false},"featured_media":12428,"template":"","meta":[],"product_brand":[],"product_cat":[70],"product_tag":[487,77,293,278,486],"class_list":{"0":"post-12492","1":"product","2":"type-product","3":"status-publish","4":"has-post-thumbnail","6":"product_cat-feminisees","7":"product_tag-bingsu","8":"product_tag-feminisee","9":"product_tag-peach-ozz","10":"product_tag-perfect-tree","11":"product_tag-picchu","13":"first","14":"outofstock","15":"shipping-taxable","16":"purchasable","17":"product-type-simple"},"jetpack_sharing_enabled":true,"_links":{"self":[{"href":"https:\/\/www.aaaseedz.com\/es\/wp-json\/wp\/v2\/product\/12492","targetHints":{"allow":["GET"]}}],"collection":[{"href":"https:\/\/www.aaaseedz.com\/es\/wp-json\/wp\/v2\/product"}],"about":[{"href":"https:\/\/www.aaaseedz.com\/es\/wp-json\/wp\/v2\/types\/product"}],"wp:featuredmedia":[{"embeddable":true,"href":"https:\/\/www.aaaseedz.com\/es\/wp-json\/wp\/v2\/media\/12428"}],"wp:attachment":[{"href":"https:\/\/www.aaaseedz.com\/es\/wp-json\/wp\/v2\/media?parent=12492"}],"wp:term":[{"taxonomy":"product_brand","embeddable":true,"href":"https:\/\/www.aaaseedz.com\/es\/wp-json\/wp\/v2\/product_brand?post=12492"},{"taxonomy":"product_cat","embeddable":true,"href":"https:\/\/www.aaaseedz.com\/es\/wp-json\/wp\/v2\/product_cat?post=12492"},{"taxonomy":"product_tag","embeddable":true,"href":"https:\/\/www.aaaseedz.com\/es\/wp-json\/wp\/v2\/product_tag?post=12492"}],"curies":[{"name":"wp","href":"https:\/\/api.w.org\/{rel}","templated":true}]}}