{"id":12493,"date":"2025-03-20T14:25:20","date_gmt":"2025-03-20T13:25:20","guid":{"rendered":"https:\/\/www.aaaseedz.com\/?post_type=product&#038;p=12493"},"modified":"2025-03-20T15:02:11","modified_gmt":"2025-03-20T14:02:11","slug":"melocoton-azul-arbol-perfecto","status":"publish","type":"product","link":"https:\/\/www.aaaseedz.com\/es\/produit\/blue-peach-perfect-tree\/","title":{"rendered":"Melocot\u00f3n azul - \u00c1rbol perfecto"},"content":{"rendered":"<p>Blue Peach, una deslumbrante fusi\u00f3n de sabor y efecto. Si est\u00e1s buscando una variedad de cannabis que combine dulzor afrutado y potencia, no busques m\u00e1s, Blue Peach es lo que necesitas. Este cruce entre Blue 16 y Peach Ozz es una aut\u00e9ntica revelaci\u00f3n para los amantes del cannabis. Con sus caracter\u00edsticas \u00fanicas, la Blue Peach promete ofrecer un sabor y una experiencia sensorial inolvidables.<\/p>\n<p>Blue Peach es el resultado de un cruce cuidadosamente elaborado entre nuestra selecci\u00f3n Blue 16 (una mezcla de Blue Cookies, Please Object 4516 y Project 4510) y una inversi\u00f3n de Peach Ozz. Esta gen\u00e9tica h\u00edbrida de predominancia \u00edndica ofrece el equilibrio perfecto entre relajaci\u00f3n y placer. Los cultivadores apreciar\u00e1n la robustez de esta planta, que se desarrolla con un vigor impresionante.<\/p>\n<p>Uno de los aspectos m\u00e1s cautivadores de Blue Peach es su perfil de sabor. Esta variedad ofrece una combinaci\u00f3n dulce, afrutada y picante que har\u00e1 las delicias de sus papilas gustativas. Imagina una dulzura afrutada, heredada de Peach Ozz, combinada con notas m\u00e1s fuertes y picantes de Blue 16. Cada inhalaci\u00f3n es una aut\u00e9ntica explosi\u00f3n de sabores que te transportar\u00e1 a un jugoso huerto de melocotones, al tiempo que a\u00f1ade un toque picante para que la experiencia sea a\u00fan m\u00e1s memorable.<\/p>\n<p>Cuando se trata de efectos, la Blue Peach no decepciona. Con una experiencia potente y narc\u00f3tica, esta cepa es ideal para fumadores empedernidos que buscan una relajaci\u00f3n profunda. Sus efectos duran mucho tiempo, permiti\u00e9ndote relajarte despu\u00e9s de un largo d\u00eda o disfrutar de una tarde tranquila. Tanto si quieres relajarte en el sof\u00e1 como disfrutar de un momento social con amigos, la Blue Peach est\u00e1 ah\u00ed para acompa\u00f1arte.<\/p>\n<p>Blue Peach es tambi\u00e9n una planta que responde muy bien al topping, que maximiza la producci\u00f3n de cogollos. Los cultivadores apreciar\u00e1n su capacidad para producir generosos rendimientos, aunque esto depende de la habilidad individual. Con un tiempo de floraci\u00f3n de unas 8 semanas, esta variedad se cosecha relativamente r\u00e1pido, lo que la convierte en una opci\u00f3n ideal para quienes desean disfrutar r\u00e1pidamente de sus esfuerzos.<\/p>\n<p>Adem\u00e1s de sus aromas y efectos, la Blue Peach es una planta maravillosa de cultivar. Sus colores son sublimes, con una llamativa mezcla de verde, morado, plateado y azul oscuro. Esta belleza visual a\u00f1ade una dimensi\u00f3n est\u00e9tica a tu jard\u00edn, haciendo que el cultivo de la Blue Peach sea a\u00fan m\u00e1s gratificante.<\/p>\n<p>En resumen, la Blue Peach es una cepa que combina gen\u00e9tica de calidad, sabores \u00fanicos y efectos potentes. Tanto si eres un cultivador apasionado como un entusiasta del cannabis, esta planta merece un lugar en tu jard\u00edn. Con su mezcla de dulzor afrutado y potencia, ofrece una experiencia sensorial inigualable. No pierdas la oportunidad de descubrir la Blue Peach, \u00a1la variedad que te har\u00e1 volver una y otra vez para saborear sus delicias! \u00a1Prep\u00e1rate para sumergirte en un mundo de sabores y efectos con Blue Peach!<\/p>\n<p><strong>Semillas feminizadas<\/strong><br \/>\n<strong>Paquete<\/strong> 6+3 semillas gratuitas (LH2P) (9)<br \/>\n<strong>Criador<\/strong> : Perfect Tree<br \/>\n<strong>Nombre<\/strong> : Melocot\u00f3n azul<br \/>\n<strong>Cruz<\/strong> : Azul 16 X Melocot\u00f3n Ozz<br \/>\n<strong>Rendimiento<\/strong> : Media a alta<br \/>\n<strong>Gen\u00e9tica<\/strong> H\u00edbrido con dominancia Indica<br \/>\n<strong>Periodo de floraci\u00f3n<\/strong> 56-60 d\u00edas<br \/>\n<strong>Pruebe<\/strong> Dulce, afrutado y picante<br \/>\n<strong>Experiencia<\/strong> Potente relajaci\u00f3n profunda<\/p>\n<p><em><u>Advertencia<\/u> La posesi\u00f3n y recolecci\u00f3n de semillas est\u00e1n autorizadas en Francia. Estas semillas no deben utilizarse para fines distintos de los autorizados por la legislaci\u00f3n de su pa\u00eds. La germinaci\u00f3n y la venta a menores est\u00e1n estrictamente prohibidas. AAASeedz no se hace responsable en caso de incumplimiento de las leyes del pa\u00eds de residencia.<\/em><\/p>","protected":false},"excerpt":{"rendered":"<p>Blue Peach, une fusion \u00e9blouissante de saveurs et d&rsquo;effets. Si vous \u00eates \u00e0 la recherche d&rsquo;une vari\u00e9t\u00e9 de cannabis qui<\/p>","protected":false},"featured_media":12422,"template":"","meta":[],"product_brand":[],"product_cat":[70],"product_tag":[489,488,77,293,278],"class_list":{"0":"post-12493","1":"product","2":"type-product","3":"status-publish","4":"has-post-thumbnail","6":"product_cat-feminisees","7":"product_tag-blue-16","8":"product_tag-blue-peach","9":"product_tag-feminisee","10":"product_tag-peach-ozz","11":"product_tag-perfect-tree","13":"first","14":"outofstock","15":"shipping-taxable","16":"purchasable","17":"product-type-simple"},"jetpack_sharing_enabled":true,"_links":{"self":[{"href":"https:\/\/www.aaaseedz.com\/es\/wp-json\/wp\/v2\/product\/12493","targetHints":{"allow":["GET"]}}],"collection":[{"href":"https:\/\/www.aaaseedz.com\/es\/wp-json\/wp\/v2\/product"}],"about":[{"href":"https:\/\/www.aaaseedz.com\/es\/wp-json\/wp\/v2\/types\/product"}],"wp:featuredmedia":[{"embeddable":true,"href":"https:\/\/www.aaaseedz.com\/es\/wp-json\/wp\/v2\/media\/12422"}],"wp:attachment":[{"href":"https:\/\/www.aaaseedz.com\/es\/wp-json\/wp\/v2\/media?parent=12493"}],"wp:term":[{"taxonomy":"product_brand","embeddable":true,"href":"https:\/\/www.aaaseedz.com\/es\/wp-json\/wp\/v2\/product_brand?post=12493"},{"taxonomy":"product_cat","embeddable":true,"href":"https:\/\/www.aaaseedz.com\/es\/wp-json\/wp\/v2\/product_cat?post=12493"},{"taxonomy":"product_tag","embeddable":true,"href":"https:\/\/www.aaaseedz.com\/es\/wp-json\/wp\/v2\/product_tag?post=12493"}],"curies":[{"name":"wp","href":"https:\/\/api.w.org\/{rel}","templated":true}]}}