{"id":12496,"date":"2025-03-20T14:33:34","date_gmt":"2025-03-20T13:33:34","guid":{"rendered":"https:\/\/www.aaaseedz.com\/?post_type=product&#038;p=12496"},"modified":"2025-03-20T15:00:25","modified_gmt":"2025-03-20T14:00:25","slug":"halo-halo-arbol-perfecto","status":"publish","type":"product","link":"https:\/\/www.aaaseedz.com\/es\/produit\/halo-halo-perfect-tree\/","title":{"rendered":"Halo Halo - \u00c1rbol perfecto"},"content":{"rendered":"<p>Halo Halo, una explosi\u00f3n de sabor y resina. Si buscas una variedad de cannabis que combine calidad, sabor exquisito y producci\u00f3n de resina, no busques m\u00e1s, Halo Halo. Este cruce entre Bingsu y Banana Punch es una aut\u00e9ntica maravilla para los amantes del cannabis, que promete una experiencia sensorial inolvidable. Con sus caracter\u00edsticas \u00fanicas, Halo Halo est\u00e1 lista para seducir a cultivadores y consumidores por igual.<\/p>\n<p>Halo Halo es el resultado de un cruce cuidadosamente elaborado entre Bingsu y Banana Punch. Esta gen\u00e9tica h\u00edbrida de predominancia \u00edndica ofrece el equilibrio perfecto entre relajaci\u00f3n y placer. Los cultivadores apreciar\u00e1n la robustez de esta planta, que se desarrolla con un vigor impresionante. Con un tiempo de floraci\u00f3n de unas 8 semanas, Halo Halo es relativamente r\u00e1pida de cosechar, lo que la convierte en una opci\u00f3n ideal para aquellos que quieren disfrutar r\u00e1pidamente de sus esfuerzos.<\/p>\n<p>Uno de los aspectos m\u00e1s cautivadores de Halo Halo es su perfil de sabor. Esta variedad ofrece una combinaci\u00f3n \u00fanica de nata, gas y pl\u00e1tano, creando una experiencia de sabor que har\u00e1 las delicias de sus papilas gustativas. Imagina un dulzor cremoso, seguido de notas afrutadas de pl\u00e1tano, todo ello envuelto en un toque de gas caliente. Cada inhalaci\u00f3n es una aut\u00e9ntica explosi\u00f3n de sabores que le transportar\u00e1 a un mundo de delicias.<\/p>\n<p>Cuando se trata de efectos, Halo Halo no decepciona. Con un fuerte efecto, esta cepa es ideal para aquellos que buscan una experiencia relajante y narc\u00f3tica. En realidad no est\u00e1 pensada para ser fumada durante el d\u00eda, a menos que est\u00e9s planeando una breve siesta despu\u00e9s de probar sus adictivos terpenos. Si buscas relajarte tras un largo d\u00eda o simplemente disfrutar de un momento tranquilo, Halo Halo est\u00e1 ah\u00ed para acompa\u00f1arte.<\/p>\n<p>Halo Halo es tambi\u00e9n una planta muy satisfactoria para las extracciones sin disolventes. Su calidad de resina es impresionante, y una vez que hayas seleccionado el fenotipo adecuado, te sorprender\u00e1 la riqueza y pureza de su resina. Es una de las mejores opciones para cualquier entusiasta del hach\u00eds, ya que ofrece una experiencia superior que har\u00e1 las delicias de los entendidos.<\/p>\n<p>En t\u00e9rminos de rendimiento, Halo Halo ofrece un potencial medio-alto, lo que la convierte en una opci\u00f3n ideal para los cultivadores que buscan cosechas generosas. Su facilidad de cultivo y robustez la convierten en una variedad accesible, incluso para cultivadores novatos. Con los cuidados y el mantenimiento adecuados, podr\u00e1s maximizar tu cosecha y aprovechar al m\u00e1ximo las delicias que esta planta tiene que ofrecer.<\/p>\n<p>En resumen, Halo Halo es una cepa que combina gen\u00e9tica de calidad, sabores hechizantes y efectos potentes. Tanto si eres un cultivador apasionado como un entusiasta del cannabis, esta planta merece un lugar en tu jard\u00edn. Con su mezcla de crema, gas y pl\u00e1tano, ofrece una experiencia sensorial inigualable. No pierdas la oportunidad de descubrir Halo Halo, \u00a1la cepa que te har\u00e1 volver una y otra vez para saborear sus delicias! \u00a1Prep\u00e1rate para sumergirte en un mundo de sabores y efectos con Halo Halo!<\/p>\n<p><strong>Semillas regulares<\/strong><br \/>\n<strong>Paquete<\/strong> 12 semillas (12)<br \/>\n<strong>Criador<\/strong> : Perfect Tree<br \/>\n<strong>Nombre<\/strong> : Halo Halo<br \/>\n<strong>Cruz<\/strong> Bingsu x Ponche de pl\u00e1tano<br \/>\n<strong>Rendimiento<\/strong> : Media a alta<br \/>\n<strong>Gen\u00e9tica<\/strong> H\u00edbrido con dominancia Indica<br \/>\n<strong>Periodo de floraci\u00f3n<\/strong> 56-60 d\u00edas<br \/>\n<strong>Pruebe<\/strong> : Crema, gas y pl\u00e1tanos<br \/>\n<strong>Experiencia<\/strong> Efecto fuerte<\/p>\n<p><em><u>Advertencia<\/u> La posesi\u00f3n y recolecci\u00f3n de semillas est\u00e1n autorizadas en Francia. Estas semillas no deben utilizarse para fines distintos de los autorizados por la legislaci\u00f3n de su pa\u00eds. La germinaci\u00f3n y la venta a menores est\u00e1n estrictamente prohibidas. AAASeedz no se hace responsable en caso de incumplimiento de las leyes del pa\u00eds de residencia.<\/em><\/p>","protected":false},"excerpt":{"rendered":"<p>Halo Halo, une explosion de saveurs et de r\u00e9sine. Si vous \u00eates \u00e0 la recherche d&rsquo;une vari\u00e9t\u00e9 de cannabis qui<\/p>","protected":false},"featured_media":12437,"template":"","meta":[],"product_brand":[],"product_cat":[71],"product_tag":[491,487,490,278,109],"class_list":{"0":"post-12496","1":"product","2":"type-product","3":"status-publish","4":"has-post-thumbnail","6":"product_cat-regulieres","7":"product_tag-banana-punch","8":"product_tag-bingsu","9":"product_tag-halo-halo","10":"product_tag-perfect-tree","11":"product_tag-regulieres","13":"first","14":"outofstock","15":"shipping-taxable","16":"purchasable","17":"product-type-simple"},"jetpack_sharing_enabled":true,"_links":{"self":[{"href":"https:\/\/www.aaaseedz.com\/es\/wp-json\/wp\/v2\/product\/12496","targetHints":{"allow":["GET"]}}],"collection":[{"href":"https:\/\/www.aaaseedz.com\/es\/wp-json\/wp\/v2\/product"}],"about":[{"href":"https:\/\/www.aaaseedz.com\/es\/wp-json\/wp\/v2\/types\/product"}],"wp:featuredmedia":[{"embeddable":true,"href":"https:\/\/www.aaaseedz.com\/es\/wp-json\/wp\/v2\/media\/12437"}],"wp:attachment":[{"href":"https:\/\/www.aaaseedz.com\/es\/wp-json\/wp\/v2\/media?parent=12496"}],"wp:term":[{"taxonomy":"product_brand","embeddable":true,"href":"https:\/\/www.aaaseedz.com\/es\/wp-json\/wp\/v2\/product_brand?post=12496"},{"taxonomy":"product_cat","embeddable":true,"href":"https:\/\/www.aaaseedz.com\/es\/wp-json\/wp\/v2\/product_cat?post=12496"},{"taxonomy":"product_tag","embeddable":true,"href":"https:\/\/www.aaaseedz.com\/es\/wp-json\/wp\/v2\/product_tag?post=12496"}],"curies":[{"name":"wp","href":"https:\/\/api.w.org\/{rel}","templated":true}]}}