{"id":12507,"date":"2025-03-24T13:09:29","date_gmt":"2025-03-24T12:09:29","guid":{"rendered":"https:\/\/www.aaaseedz.com\/?post_type=product&#038;p=12507"},"modified":"2025-06-10T18:52:02","modified_gmt":"2025-06-10T16:52:02","slug":"uva-pinana-terphogz-2025","status":"publish","type":"product","link":"https:\/\/www.aaaseedz.com\/es\/produit\/grape-pinana-terphogz-2025\/","title":{"rendered":"Uva Pinana - Terphogz 2025"},"content":{"rendered":"<p><strong>Semillas regulares<\/strong><br \/>\n<strong>Paquete<\/strong> 10 semillas<br \/>\n<strong>Criador<\/strong> : Terphogz 2025<br \/>\n<strong>Nombre<\/strong> : Uva Pinana<br \/>\n<strong>Cruz<\/strong> (Grape Ape x The Original Z) x Pinana Z<\/p>\n<p><em>Advertencia: La posesi\u00f3n y recolecci\u00f3n de semillas est\u00e1n autorizadas en Francia. Estas semillas no deben utilizarse para fines distintos de los autorizados por la legislaci\u00f3n de su pa\u00eds. La germinaci\u00f3n y la venta a menores est\u00e1n estrictamente prohibidas. AAASeedz no se hace responsable en caso de incumplimiento de las leyes del pa\u00eds de residencia.<\/em><\/p>","protected":false},"excerpt":{"rendered":"<p>Semillas regulares Pack : 10 semillas Criador : Terphogz 2025 Nombre : Grape Pinana Cruce : (Grape Ape x The<\/p>","protected":false},"featured_media":12452,"template":"","meta":[],"product_brand":[],"product_cat":[71],"product_tag":[507,500,499,496,109,106,470],"class_list":{"0":"post-12507","1":"product","2":"type-product","3":"status-publish","4":"has-post-thumbnail","6":"product_cat-regulieres","7":"product_tag-507","8":"product_tag-grape-ape","9":"product_tag-grape-pinana","10":"product_tag-pinana-z","11":"product_tag-regulieres","12":"product_tag-terphogz","13":"product_tag-the-original-z","15":"first","16":"instock","17":"shipping-taxable","18":"purchasable","19":"product-type-simple"},"jetpack_sharing_enabled":true,"_links":{"self":[{"href":"https:\/\/www.aaaseedz.com\/es\/wp-json\/wp\/v2\/product\/12507","targetHints":{"allow":["GET"]}}],"collection":[{"href":"https:\/\/www.aaaseedz.com\/es\/wp-json\/wp\/v2\/product"}],"about":[{"href":"https:\/\/www.aaaseedz.com\/es\/wp-json\/wp\/v2\/types\/product"}],"wp:featuredmedia":[{"embeddable":true,"href":"https:\/\/www.aaaseedz.com\/es\/wp-json\/wp\/v2\/media\/12452"}],"wp:attachment":[{"href":"https:\/\/www.aaaseedz.com\/es\/wp-json\/wp\/v2\/media?parent=12507"}],"wp:term":[{"taxonomy":"product_brand","embeddable":true,"href":"https:\/\/www.aaaseedz.com\/es\/wp-json\/wp\/v2\/product_brand?post=12507"},{"taxonomy":"product_cat","embeddable":true,"href":"https:\/\/www.aaaseedz.com\/es\/wp-json\/wp\/v2\/product_cat?post=12507"},{"taxonomy":"product_tag","embeddable":true,"href":"https:\/\/www.aaaseedz.com\/es\/wp-json\/wp\/v2\/product_tag?post=12507"}],"curies":[{"name":"wp","href":"https:\/\/api.w.org\/{rel}","templated":true}]}}