{"id":12509,"date":"2025-03-20T17:07:18","date_gmt":"2025-03-20T16:07:18","guid":{"rendered":"https:\/\/www.aaaseedz.com\/?post_type=product&#038;p=12509"},"modified":"2025-06-11T16:35:35","modified_gmt":"2025-06-11T14:35:35","slug":"pinana-jack-terphogz-2025","status":"publish","type":"product","link":"https:\/\/www.aaaseedz.com\/es\/produit\/pinana-jack-terphogz-2025\/","title":{"rendered":"Pinana Jack - Terphogz 2025"},"content":{"rendered":"<p><strong>Semillas regulares<\/strong><br \/>\n<strong>Paquete<\/strong> 10 semillas<br \/>\n<strong>Criador<\/strong> : Terphogz 2025<br \/>\n<strong>Nombre<\/strong> : Pinana Jack<br \/>\n<strong>Cruz<\/strong> Key Lime Jack x Pinana Z<\/p>\n<p><em>Advertencia: La posesi\u00f3n y recolecci\u00f3n de semillas est\u00e1n autorizadas en Francia. Estas semillas no deben utilizarse para fines distintos de los autorizados por la legislaci\u00f3n de su pa\u00eds. La germinaci\u00f3n y la venta a menores est\u00e1n estrictamente prohibidas. AAASeedz no se hace responsable en caso de incumplimiento de las leyes del pa\u00eds de residencia.<\/em><\/p>","protected":false},"excerpt":{"rendered":"<p>Semillas regulares Pack : 10 semillas Criador : Terphogz 2025 Nombre : Pinana Jack Cruce : Key Lime Jack x<\/p>","protected":false},"featured_media":12456,"template":"","meta":[],"product_brand":[],"product_cat":[71],"product_tag":[507,504,503,496,109,106],"class_list":{"0":"post-12509","1":"product","2":"type-product","3":"status-publish","4":"has-post-thumbnail","6":"product_cat-regulieres","7":"product_tag-507","8":"product_tag-key-lime-jack","9":"product_tag-pinana-jack","10":"product_tag-pinana-z","11":"product_tag-regulieres","12":"product_tag-terphogz","14":"first","15":"instock","16":"shipping-taxable","17":"purchasable","18":"product-type-simple"},"jetpack_sharing_enabled":true,"_links":{"self":[{"href":"https:\/\/www.aaaseedz.com\/es\/wp-json\/wp\/v2\/product\/12509","targetHints":{"allow":["GET"]}}],"collection":[{"href":"https:\/\/www.aaaseedz.com\/es\/wp-json\/wp\/v2\/product"}],"about":[{"href":"https:\/\/www.aaaseedz.com\/es\/wp-json\/wp\/v2\/types\/product"}],"wp:featuredmedia":[{"embeddable":true,"href":"https:\/\/www.aaaseedz.com\/es\/wp-json\/wp\/v2\/media\/12456"}],"wp:attachment":[{"href":"https:\/\/www.aaaseedz.com\/es\/wp-json\/wp\/v2\/media?parent=12509"}],"wp:term":[{"taxonomy":"product_brand","embeddable":true,"href":"https:\/\/www.aaaseedz.com\/es\/wp-json\/wp\/v2\/product_brand?post=12509"},{"taxonomy":"product_cat","embeddable":true,"href":"https:\/\/www.aaaseedz.com\/es\/wp-json\/wp\/v2\/product_cat?post=12509"},{"taxonomy":"product_tag","embeddable":true,"href":"https:\/\/www.aaaseedz.com\/es\/wp-json\/wp\/v2\/product_tag?post=12509"}],"curies":[{"name":"wp","href":"https:\/\/api.w.org\/{rel}","templated":true}]}}