{"id":12517,"date":"2025-03-23T10:57:11","date_gmt":"2025-03-23T09:57:11","guid":{"rendered":"https:\/\/www.aaaseedz.com\/?post_type=product&#038;p=12517"},"modified":"2025-06-11T17:24:06","modified_gmt":"2025-06-11T15:24:06","slug":"sandia-sundae-terphogz-x-kounter-kulture","status":"publish","type":"product","link":"https:\/\/www.aaaseedz.com\/es\/produit\/watermelon-sundae-terphogz-x-kounter-kulture\/","title":{"rendered":"Sand\u00eda Sundae - Terphogz x Kounter Kulture"},"content":{"rendered":"<p><strong>Semillas feminizadas<\/strong><br \/>\n<strong>Paquete<\/strong> 10 semillas<br \/>\n<strong>Criador<\/strong> : Terphogz x Kounter Kulture<br \/>\n<strong>Nombre<\/strong> Sand\u00eda: Sundae de sand\u00eda<br \/>\n<strong>Cruz<\/strong> Sand\u00eda Z Spritzer x Fatso Sundae<\/p>\n<p><em>Advertencia: La posesi\u00f3n y recolecci\u00f3n de semillas est\u00e1n autorizadas en Francia. Estas semillas no deben utilizarse para fines distintos de los autorizados por la legislaci\u00f3n de su pa\u00eds. La germinaci\u00f3n y la venta a menores est\u00e1n estrictamente prohibidas. AAASeedz no se hace responsable en caso de incumplimiento de las leyes del pa\u00eds de residencia.<\/em><\/p>","protected":false},"excerpt":{"rendered":"<p>Semillas Feminizadas Pack : 10 semillas Obtentor : Terphogz x Kounter Kulture Nombre : Watermelon Sundae Cruce : Watermelon Z<\/p>","protected":false},"featured_media":12474,"template":"","meta":[],"product_brand":[],"product_cat":[70],"product_tag":[512,77,209,106,518,519],"class_list":{"0":"post-12517","1":"product","2":"type-product","3":"status-publish","4":"has-post-thumbnail","6":"product_cat-feminisees","7":"product_tag-fatso-sundae","8":"product_tag-feminisee","9":"product_tag-kounter-kulture","10":"product_tag-terphogz","11":"product_tag-watermelon-sundae","12":"product_tag-watermelon-z-spritzer","14":"first","15":"instock","16":"shipping-taxable","17":"purchasable","18":"product-type-simple"},"jetpack_sharing_enabled":true,"_links":{"self":[{"href":"https:\/\/www.aaaseedz.com\/es\/wp-json\/wp\/v2\/product\/12517","targetHints":{"allow":["GET"]}}],"collection":[{"href":"https:\/\/www.aaaseedz.com\/es\/wp-json\/wp\/v2\/product"}],"about":[{"href":"https:\/\/www.aaaseedz.com\/es\/wp-json\/wp\/v2\/types\/product"}],"wp:featuredmedia":[{"embeddable":true,"href":"https:\/\/www.aaaseedz.com\/es\/wp-json\/wp\/v2\/media\/12474"}],"wp:attachment":[{"href":"https:\/\/www.aaaseedz.com\/es\/wp-json\/wp\/v2\/media?parent=12517"}],"wp:term":[{"taxonomy":"product_brand","embeddable":true,"href":"https:\/\/www.aaaseedz.com\/es\/wp-json\/wp\/v2\/product_brand?post=12517"},{"taxonomy":"product_cat","embeddable":true,"href":"https:\/\/www.aaaseedz.com\/es\/wp-json\/wp\/v2\/product_cat?post=12517"},{"taxonomy":"product_tag","embeddable":true,"href":"https:\/\/www.aaaseedz.com\/es\/wp-json\/wp\/v2\/product_tag?post=12517"}],"curies":[{"name":"wp","href":"https:\/\/api.w.org\/{rel}","templated":true}]}}