{"id":12520,"date":"2025-03-23T10:56:54","date_gmt":"2025-03-23T09:56:54","guid":{"rendered":"https:\/\/www.aaaseedz.com\/?post_type=product&#038;p=12520"},"modified":"2025-06-11T18:45:55","modified_gmt":"2025-06-11T16:45:55","slug":"zuava-sundae-terphogz-x-kounter-kulture","status":"publish","type":"product","link":"https:\/\/www.aaaseedz.com\/es\/produit\/zuava-sundae-terphogz-x-kounter-kulture\/","title":{"rendered":"Zuava Sundae - Terphogz x Kounter Kulture"},"content":{"rendered":"<p><strong>Semillas feminizadas<\/strong><br \/>\n<strong>Paquete<\/strong> 10 semillas<br \/>\n<strong>Criador<\/strong> : Terphogz x Kounter Kulture<br \/>\n<strong>Nombre<\/strong> : Zuava Sundae<br \/>\n<strong>Cruz<\/strong> Zuava x Fatso Sundae<\/p>\n<p><em>Advertencia: La posesi\u00f3n y recolecci\u00f3n de semillas est\u00e1n autorizadas en Francia. Estas semillas no deben utilizarse para fines distintos de los autorizados por la legislaci\u00f3n de su pa\u00eds. La germinaci\u00f3n y la venta a menores est\u00e1n estrictamente prohibidas. AAASeedz no se hace responsable en caso de incumplimiento de las leyes del pa\u00eds de residencia.<\/em><\/p>","protected":false},"excerpt":{"rendered":"<p>Semillas Feminizadas Pack : 10 semillas Obtentor : Terphogz x Kounter Kulture Nombre : Zuava Sundae Cruce : Zuava x<\/p>","protected":false},"featured_media":12484,"template":"","meta":[],"product_brand":[],"product_cat":[70],"product_tag":[512,77,209,106,210,523],"class_list":{"0":"post-12520","1":"product","2":"type-product","3":"status-publish","4":"has-post-thumbnail","6":"product_cat-feminisees","7":"product_tag-fatso-sundae","8":"product_tag-feminisee","9":"product_tag-kounter-kulture","10":"product_tag-terphogz","11":"product_tag-zuava","12":"product_tag-zuava-sundae","14":"first","15":"instock","16":"shipping-taxable","17":"purchasable","18":"product-type-simple"},"jetpack_sharing_enabled":true,"_links":{"self":[{"href":"https:\/\/www.aaaseedz.com\/es\/wp-json\/wp\/v2\/product\/12520","targetHints":{"allow":["GET"]}}],"collection":[{"href":"https:\/\/www.aaaseedz.com\/es\/wp-json\/wp\/v2\/product"}],"about":[{"href":"https:\/\/www.aaaseedz.com\/es\/wp-json\/wp\/v2\/types\/product"}],"wp:featuredmedia":[{"embeddable":true,"href":"https:\/\/www.aaaseedz.com\/es\/wp-json\/wp\/v2\/media\/12484"}],"wp:attachment":[{"href":"https:\/\/www.aaaseedz.com\/es\/wp-json\/wp\/v2\/media?parent=12520"}],"wp:term":[{"taxonomy":"product_brand","embeddable":true,"href":"https:\/\/www.aaaseedz.com\/es\/wp-json\/wp\/v2\/product_brand?post=12520"},{"taxonomy":"product_cat","embeddable":true,"href":"https:\/\/www.aaaseedz.com\/es\/wp-json\/wp\/v2\/product_cat?post=12520"},{"taxonomy":"product_tag","embeddable":true,"href":"https:\/\/www.aaaseedz.com\/es\/wp-json\/wp\/v2\/product_tag?post=12520"}],"curies":[{"name":"wp","href":"https:\/\/api.w.org\/{rel}","templated":true}]}}