{"id":3,"date":"2024-04-30T15:04:02","date_gmt":"2024-04-30T13:04:02","guid":{"rendered":"http:\/\/aaaseedz.com\/?page_id=3"},"modified":"2024-05-09T14:10:47","modified_gmt":"2024-05-09T12:10:47","slug":"informativa-sulla-privacy","status":"publish","type":"page","link":"https:\/\/www.aaaseedz.com\/it\/politique-de-confidentialite\/","title":{"rendered":"Informativa sulla privacy (RGPD)"},"content":{"rendered":"<p align=\"center\"><img decoding=\"async\" src=\"https:\/\/www.aaaseedz.com\/wp-content\/uploads\/2024\/04\/Logo-AAASeedz-01.png\" \/><\/p>\n<p align=\"center\"><strong>CARTA DELLA PROTEZIONE DEI DATI PERSONALI<\/strong><br \/>\n<span style=\"font-size: small;\"><em>In conformit\u00e0 al Regolamento europeo 2016\/679 del 27 aprile 2016 (RGPD)<\/em><\/span><\/p>\n<p align=\"justify\">La presente Carta della protezione dei dati personali (di seguito: la \"Carta\") descrive l'impegno del Sito AAASeedz, pubblicato da Damien B. in qualit\u00e0 di titolare del trattamento, nei confronti della privacy e della protezione dei dati personali dei suoi utenti. La presente Carta \u00e8 stata redatta per informare l'utente sulle pratiche e le condizioni in base alle quali AAASeedz raccoglie, utilizza e conserva i dati personali dell'utente (di seguito denominati \"Dati\"). Essa descrive i vari Dati che possiamo raccogliere ed elaborare o che voi potete trasmetterci quando accedete e\/o utilizzate il sito www.aaaseedz.com sul quale sono venduti i nostri prodotti. Il termine \"Sito\" si riferisce esclusivamente al sito www.aaaseedz.com.<\/p>\n<p align=\"justify\">Data la costante evoluzione delle leggi e dei regolamenti in materia di tecnologia e protezione dei dati personali, \u00e8 probabile che la presente Carta venga aggiornata. Se siete utenti del Sito, sarete informati di eventuali modifiche via e-mail. Se una delle clausole della presente Carta della Privacy dovesse essere dichiarata non valida o contraria alla normativa, sar\u00e0 considerata non scritta ma non invalider\u00e0 le altre clausole della presente Carta della Privacy.<\/p>\n<p align=\"justify\">La presente Carta si applica ai Dati raccolti:<\/p>\n<p>- Semplicemente navigando nel Sito<br \/>\n- Tramite e-mail o altri messaggi scambiati tra AAASeedz e l'utente<br \/>\n- Quando si crea un account utente sul Sito<br \/>\n- Quando si effettua un ordine sul Sito<br \/>\n- Quando vi iscrivete alla Newsletter (la \"Newsletter\")<\/p>\n<p align=\"justify\">Non si applica alle informazioni raccolte da terzi o tramite siti gestiti da questi ultimi, anche tramite applicazioni o contenuti (compresi gli annunci pubblicitari) che reindirizzano l'utente al Sito. La ringraziamo per aver letto con attenzione la Carta relativa al trattamento dei Suoi Dati e La informiamo che la navigazione sul nostro Sito implica necessariamente l'accettazione della presente Carta. Se non accettate la presente Carta, vi invitiamo a lasciare il nostro Sito. \u00c8 vostra responsabilit\u00e0 verificare che i Dati comunicati ad AAASeedz siano conformi. Se necessario, potete correggerli e aggiornarli nella vostra area \"Il mio account\".<\/p>\n<p><strong>1. Quali dati raccoglie AAASeedz?<\/strong><\/p>\n<p align=\"justify\">A seconda della natura e dello scopo della vostra interazione con AAASeedz (creazione di un account utente, iscrizione alla Newsletter, compilazione di moduli di contatto, nonch\u00e9 durante eventuali scambi telefonici) \u00e8 probabile che raccogliamo i seguenti Dati:<\/p>\n<p align=\"justify\">Il vostro indirizzo e-mail sar\u00e0 richiesto se desiderate creare un account utente, comunicare con noi tramite i moduli di contatto e\/o ricevere la nostra Newsletter.<br \/>\nPotranno essere richiesti dati relativi alla vostra identit\u00e0, quali cognome, nome, indirizzo e-mail, indirizzo postale e numero di telefono.<br \/>\nDati relativi alla navigazione: si tratta di dati relativi al modo in cui l'utente utilizza il Sito, tra cui: indirizzo IP, browser utilizzato, tempo di navigazione, cronologia delle ricerche, sistema operativo utilizzato, lingua e pagine visualizzate.<br \/>\nDati relativi alle vostre visite al Sito, compresi i dati sul traffico, i file di log e altri dati o risorse di comunicazione che utilizzate per accedere al Sito<br \/>\nDati relativi agli ordini: l'indirizzo postale \u00e8 necessario per la fatturazione. Allo stesso modo, \u00e8 necessario fornire le coordinate bancarie dell'utente o di qualsiasi altro partner finanziario per poter pagare l'ordine.<br \/>\nDati relativi all'uso dei social network quando si utilizzano le loro funzionalit\u00e0.<\/p>\n<p><strong>2. Come vengono raccolti i dati?<\/strong><\/p>\n<p align=\"justify\">I dati possono essere raccolti in vari modi sul Sito. I dati possono essere raccolti direttamente quando ce li trasmettete utilizzando i moduli di contatto e di creazione dell'account utente, i moduli di registrazione alla newsletter disponibili sul Sito e\/o comunicati quando ci contattate per telefono. Quando ci contattate con questi vari mezzi, una copia dei vostri scambi con AAASeedz, compresi gli indirizzi e-mail, pu\u00f2 essere fatta e archiviata. AAASeedz raccoglie alcuni Dati anche indirettamente, per mezzo di cookie\/tracker. Vi invitiamo a leggere la nostra Politica sui cookie, che ha lo scopo di aiutarvi a comprendere meglio queste tecnologie e l'uso che ne facciamo sul Sito e nell'ambito dei nostri servizi, applicazioni e strumenti.<\/p>\n<p><strong>3. Perch\u00e9 vengono raccolti i vostri dati?<\/strong><\/p>\n<p align=\"justify\">Se siete un utente comune, raccogliamo i vostri Dati per :<\/p>\n<p align=\"justify\">Per inviarvi la nostra Newsletter e\/o offerte commerciali personalizzate, se avete dato il vostro consenso.<br \/>\nGestione degli ordini ed esecuzione dei contratti<br \/>\nGarantire la sicurezza e la tracciabilit\u00e0 degli acquisti del sito.<br \/>\nInviarvi informazioni sul vostro conto (comprese le fatture di acquisto e lo storico degli ordini)<br \/>\nGestione delle richieste inviate tramite la pagina di contatto<br \/>\nPermettere all'utente di lasciare una recensione dei prodotti e\/o del Sito<br \/>\nPer informare l'utente di modifiche relative al Sito o alla nostra gamma di prodotti e servizi<br \/>\nPer rispettare i nostri diritti e obblighi previsti dai contratti stipulati con gli utenti e per qualsiasi altro scopo legale.<\/p>\n<p align=\"justify\">Possiamo anche utilizzare cookie o tracciatori:<\/p>\n<p align=\"justify\">Per proteggere la navigazione e migliorare l'esperienza dell'utente, in particolare riconoscendo il nome utente e la password gi\u00e0 forniti dall'utente in modo da non doverli inserire in ogni pagina del Sito in cui sono richiesti. Un eventuale rifiuto impedir\u00e0 all'utente di ordinare dal Sito (identificazione impossibile). Analizzare il traffico e i dati del Sito per misurare il numero di utenti del Sito, per facilitarne l'uso e per garantire la capacit\u00e0 di rispondere rapidamente alle vostre richieste.<\/p>\n<p align=\"justify\">Il rifiuto di compilare correttamente i moduli del Sito pu\u00f2 bloccare l'accesso a determinate pagine, in particolare quelle relative all'ordinazione di prodotti o servizi.<\/p>\n<p><strong>4. Chi tratta i vostri dati?<\/strong><\/p>\n<p align=\"justify\">I vostri dati sono trattati dal personale e dai collaboratori di AAASeedz incaricati di: La gestione del Sito (ordini e spedizioni), la gestione del supporto, per rispondere a tutte le vostre domande, la gestione della fatturazione.<\/p>\n<p align=\"justify\">Inoltre, nell'ambito della nostra attivit\u00e0 e ai fini del trattamento, i vostri dati potranno essere comunicati a subappaltatori, fornitori di servizi o altri terzi, in particolare: servizio di posta elettronica, corrieri (La Poste, Colissimo, ecc.), servizi contabili, servizi fiscali, Google Analytics. Ognuno di questi soggetti \u00e8 vincolato da un accordo di riservatezza relativo all'utilizzo e al trattamento dei dati personali.<\/p>\n<p align=\"justify\">Per la gestione dei pagamenti e al fine di facilitare l'esperienza dei propri utenti, AAASeedz offre i seguenti mezzi di pagamento per effettuare acquisti sul Sito: pagamento online con carta di credito (Carte Bleue, Visa, Eurocard \/ Mastercard). AAASeedz non ha accesso agli identificativi e ai numeri di carta di credito degli utenti. Tutte le transazioni sono protette dalla crittografia SSL, che garantisce sia l'identit\u00e0 dell'organizzazione di pagamento sia la riservatezza dei dati.<\/p>\n<p align=\"justify\">Per l'invio delle nostre newsletter, le nostre campagne e-mail sono gestite da AAASeedz.<\/p>\n<p align=\"justify\">Tutti i suddetti subappaltatori, fornitori di servizi, partner o altre terze parti sono vincolati da obblighi contrattuali a rispettare la riservatezza e la protezione dei dati e a trattarli esclusivamente per gli scopi per i quali li trasferiamo loro.<\/p>\n<p align=\"justify\">I dati dell'utente possono essere trasferiti a qualsiasi acquirente o altro successore in caso di fusione, cessione, ristrutturazione, riorganizzazione, scioglimento o altra vendita o trasferimento di alcuni o tutti i beni di AAASeedz a causa di incertezza o fallimento, liquidazione o altri processi in cui i dati dell'utente di AAASeedz sono uno dei beni trasferiti.<\/p>\n<p align=\"justify\">Infine, potremmo anche divulgare i vostri Dati: per ottemperare a qualsiasi mandato richiesto dalle leggi vigenti, comprese le richieste governative e normative. Se riteniamo che la divulgazione sia necessaria o appropriata per proteggere i diritti, la propriet\u00e0 o la sicurezza di AAASeedz, dei suoi clienti o di altre parti interessate. Questa possibile divulgazione include lo scambio di informazioni con altre societ\u00e0 e organizzazioni ai fini della protezione da frodi e contraffazioni.<\/p>\n<p align=\"justify\">Il Sito pu\u00f2 contenere link a vari siti web e piattaforme di social network gestiti su server di terzi, da persone o organizzazioni su cui AAASeedz non ha alcun controllo. Di conseguenza, AAASeedz non pu\u00f2 in alcun caso essere ritenuta responsabile del modo in cui i vostri dati vengono memorizzati o utilizzati sui server di queste terze parti. Vi consigliamo di leggere l'informativa sulla privacy applicabile a ciascun sito web di terzi a cui accedete tramite il Sito per capire come verranno utilizzati i vostri Dati.<\/p>\n<p><strong>5. Per quanto tempo saranno conservati i vostri Dati?<\/strong><\/p>\n<p align=\"justify\">AAASeedz conserver\u00e0 i vostri Dati solo per il tempo necessario a raggiungere le finalit\u00e0 di cui all'Articolo 3. Questo periodo di conservazione non \u00e8 lo stesso a seconda dei dati in questione, poich\u00e9 la natura e lo scopo della raccolta possono variare questo periodo. Allo stesso modo, alcuni obblighi legali impongono un periodo di conservazione specifico.<br \/>\nQuando vi iscrivete alla newsletter, conserviamo il vostro indirizzo e-mail fino a quando non vi cancellate.<\/p>\n<p align=\"justify\">Quando contattate AAASeedz tramite il modulo di contatto o quando comunicate con noi per telefono, i vostri dati possono essere conservati: fino a un (1) anno dall'ultimo contatto, se non avete un account cliente o avete effettuato un ordine sul Sito. Fino a dieci (10) anni (periodo legale) dall'ultimo ordine effettuato sul Sito, se queste informazioni riguardano tale ordine. In tutti gli altri casi, il periodo di conservazione di questi dati scambiati non superer\u00e0 un (1) anno.<\/p>\n<p align=\"justify\">Per quanto riguarda l'account utente, tutti i dati di fatturazione vengono conservati per dieci (10) anni dalla data di acquisto, anche se l'utente ha richiesto la disattivazione dell'account utente.<\/p>\n<p align=\"justify\">Se l'utente richiede la cancellazione dei Dati personali, il suo account utente sul Sito sar\u00e0 disattivato e anonimizzato, per poi essere completamente cancellato al termine dei periodi sopra indicati a partire dal giorno in cui ha effettuato la richiesta. Infine, i Dati raccolti tramite cookie o tracciatori saranno conservati fino a sei (6) mesi per i cookie o i tracciatori che misurano l'audience e fino a tredici (13) mesi per gli altri. Oltre i suddetti periodi di conservazione, i vostri Dati saranno anonimizzati e conservati esclusivamente a fini statistici.<\/p>\n<p><strong>6. Come vengono protetti i vostri dati?<\/strong><\/p>\n<p align=\"justify\">I vostri dati sono archiviati su un server sicuro protetto da un firewall e da un software antivirus. Abbiamo adottato misure tecniche e organizzative per garantire la sicurezza e la riservatezza dei vostri Dati contro la perdita accidentale e contro l'accesso, l'uso, la modifica e la divulgazione non autorizzati. Tuttavia, date le caratteristiche intrinseche di Internet, \u00e8 impossibile per noi garantire la sicurezza ottimale degli scambi di informazioni su questa rete. Ci impegniamo a proteggere i vostri Dati, ma non possiamo garantire la sicurezza assoluta delle informazioni trasmesse al Sito. L'utente accetta di trasmettere i propri Dati a proprio rischio e pericolo. Non possiamo essere ritenuti responsabili del mancato rispetto dei parametri di riservatezza o delle misure di sicurezza in vigore sul Sito.  A questo proposito, l'utente accetta che la sicurezza delle sue informazioni \u00e8 anche una sua responsabilit\u00e0. Ad esempio, \u00e8 vostra responsabilit\u00e0 mantenere segreta la password che vi consente di accedere al vostro account utente. In nessun caso l'utente deve divulgarla a terzi. Allo stesso modo, \u00e8 necessario prestare attenzione quando si divulgano informazioni nelle sezioni pubbliche del Sito, che possono essere consultate da qualsiasi utente del Sito.<\/p>\n<p><strong>7. Quali sono i vostri diritti?<\/strong><\/p>\n<p align=\"justify\">Potete scegliere come utilizzare i dati che ci inviate:<\/p>\n<p align=\"justify\">Potete navigare sul Sito senza fornire alcun Dato. In questo caso, non potr\u00e0 utilizzare alcune funzionalit\u00e0 del Sito e, in particolare, effettuare acquisti (se \u00e8 un utente ordinario) e\/o download dal Sito. Potete rifiutarvi di fornire i vostri dati bancari e\/o indirizzi postali.  In tal caso, non potr\u00e0 effettuare alcun acquisto sul Sito. L'utente pu\u00f2 decidere di non ricevere pi\u00f9 la Newsletter e le nostre offerte personalizzate: \u00e8 sufficiente che acceda al proprio account utente sul Sito o che clicchi sul link contenuto nell'e-mail che gli viene inviata.<\/p>\n<p align=\"justify\">In ogni caso, l'utente pu\u00f2 accedere in qualsiasi momento al proprio account utente per consultare o aggiornare i propri Dati e cancellarsi dalla nostra Newsletter, se si \u00e8 iscritto ad essa. Conformemente alle disposizioni della normativa applicabile alla protezione dei dati personali, in particolare il Regolamento europeo sulla protezione dei dati 2016\/679 (il \"RGPD\") e la legge francese sulla protezione dei dati del 6 gennaio 1978 n. 78-17, e successive modifiche, l'utente ha il diritto di accedere ai propri Dati e di rettificarli. Inoltre, fatte salve le condizioni previste dalla suddetta normativa per l'esercizio di tali diritti, avete diritto a:<\/p>\n<p align=\"justify\">Il diritto alla cancellazione dei vostri Dati (ad eccezione dei dati contabili, che devono essere conservati per 10 anni secondo la legge francese - articolo L123-22 del Codice di Commercio francese).<br \/>\nDiritto di limitare il trattamento dei vostri dati<br \/>\nil diritto di opporsi al trattamento dei vostri Dati per motivi legittimi, ai sensi dell'articolo 21 del RGPD<br \/>\nil diritto alla portabilit\u00e0 dei dati da voi forniti (per i trattamenti automatizzati basati sul consenso o sull'esecuzione di un contratto)<br \/>\nIl diritto di revocare il consenso, qualora vi sia stato richiesto. Qualora il trattamento dei vostri dati avvenga sulla base del vostro consenso, potete revocarlo in qualsiasi momento.<\/p>\n<p align=\"justify\">L'utente riconosce, tuttavia, che il trattamento effettuato prima della revoca del consenso rimane perfettamente valido. Avete inoltre il diritto di opporvi, senza fornire alcuna motivazione, al fatto che AAASeedz analizzi i vostri Dati per condividerli a fini di marketing. Tuttavia, ai sensi dell'articolo 12.6 del RGPD, per esercitare tali diritti, AAASeedz, in qualit\u00e0 di responsabile del trattamento, si riserva il diritto di chiedervi di dimostrare la vostra identit\u00e0. La informiamo che i dati che le consentono di dimostrare la sua identit\u00e0 saranno cancellati una volta che avremo risposto alla sua richiesta. Pu\u00f2 esercitare tali diritti inviando un'e-mail in francese al seguente indirizzo: contact@aaaseedz.com.<\/p>\n<p align=\"justify\">Abbiamo un mese di tempo per rispondere a qualsiasi richiesta relativa all'esercizio dei vostri diritti. Questo termine pu\u00f2 essere prorogato di due mesi se la richiesta \u00e8 troppo complessa o troppo numerosa.<\/p>\n<p><strong>8. Cosa sono i cookie e come posso gestirli?<\/strong><\/p>\n<p align=\"justify\">Un cookie \u00e8 un piccolo file di testo che viene inviato al vostro computer, smartphone o tablet tramite il vostro browser Internet e memorizzato sul disco rigido del vostro terminale quando visitate il nostro sito. I cookie consentono a AAASeedz, per la durata della loro validit\u00e0, di riconoscervi ogni volta che accedete al nostro sito.<\/p>\n<p align=\"justify\">Il periodo di validit\u00e0 e conservazione dei cookie varia a seconda del tipo di cookie. I cookie possono essere temporanei (cookie di sessione) o permanenti. I cookie di sessione sono attivi solo per la durata della visita e vengono eliminati quando si chiude il browser. I cookie permanenti rimangono sul disco rigido del vostro terminale quando lasciate il sito e vi rimangono fino a quando non li cancellate manualmente o il browser li elimina dopo un certo periodo.<\/p>\n<p align=\"justify\">Un cookie registra informazioni anonime relative alla navigazione del vostro terminale sul nostro sito (pagine consultate, data e ora dell'accesso, provider di accesso a Internet, sistema operativo) che possono essere lette per tutto il periodo di validit\u00e0 e utilizzate esclusivamente a fini statistici.<\/p>\n<p align=\"justify\">AAASeedz pu\u00f2 elaborare le informazioni contenute nei cookie relative alla vostra visita per migliorare il contenuto del nostro sito, per identificare le pagine del sito che necessitano di manutenzione, per analizzare i modelli di comportamento degli utenti e per ottimizzare la vostra esperienza di navigazione. I cookie rendono il sito pi\u00f9 facile da navigare e pi\u00f9 semplice da usare.<\/p>\n<p align=\"justify\">AAASeedz utilizza cookie di analisi delle prestazioni per monitorare le prestazioni dei suoi siti web, ad esempio per determinare il numero di volte che una pagina viene visualizzata e il numero di utenti unici sul suo sito web. I servizi di analisi web possono essere sviluppati e gestiti da terzi.<\/p>\n<p align=\"justify\">AAASeedz utilizza soluzioni di terze parti (in particolare Google Analytics) per raccogliere informazioni sui visitatori del sito tramite questi cookie. Queste informazioni possono essere utilizzate dai fornitori di queste soluzioni.<\/p>\n<p align=\"justify\">L'utente \u00e8 informato del fatto che i cookie vengono utilizzati quando si connette al Sito e pu\u00f2 impedire il salvataggio dei cookie configurando le impostazioni del proprio browser. Se necessario, l'utente sar\u00e0 informato che l'accesso a determinati contenuti o funzionalit\u00e0 del Sito potrebbe essere compromesso o impossibile. In questi casi, AAASeedz declina ogni responsabilit\u00e0 per le conseguenze del funzionamento alterato del nostro sito e dei servizi proposti.<\/p>\n<p align=\"justify\">La maggior parte dei browser \u00e8 impostata per accettare i cookie utilizzati sui nostri siti web. Tuttavia, \u00e8 possibile regolare le impostazioni per disattivare i cookie. I seguenti link spiegano come regolare le impostazioni dei cookie del browser:<\/p>\n<p align=\"justify\">- Firefox : Fare clic <a href=\"https:\/\/support.mozilla.org\/fr\/kb\/protection-renforcee-contre-pistage-firefox-ordinateur?redirectlocale=fr&amp;redirectslug=activer-desactiver-cookies\" target=\"blank\" rel=\"noopener\">ICI<\/a><br \/>\n- Internet Explorer: Fare clic su <a href=\"https:\/\/support.microsoft.com\/fr-fr\/help\/278835\/how-to-delete-cookie-files-in-internet-explorer\" target=\"blank\" rel=\"noopener\">ICI<\/a><br \/>\n- Google Chrome: Fare clic su <a href=\"https:\/\/support.google.com\/chrome\/answer\/95647?hl=fr&amp;hlrm=en-GB\" target=\"blank\" rel=\"noopener\">ICI<\/a><br \/>\n- Opera : Fare clic <a href=\"https:\/\/help.opera.com\/en\/latest\/web-preferences\/#cookies\" target=\"blank\" rel=\"noopener\">ICI<\/a><br \/>\n- Safari (iOS): Fare clic su <a href=\"https:\/\/support.apple.com\/fr-fr\/HT201265\" target=\"blank\" rel=\"noopener\">ICI<\/a><\/p>\n<p align=\"justify\">Quando si disattivano i cookie, \u00e8 possibile che alcuni elementi grafici non vengano visualizzati correttamente o che non sia possibile utilizzare alcune applicazioni.<\/p>\n<p align=\"justify\">Infine, quando cliccate sulle icone dedicate ai social network (Twitter, Facebook, Instagram, Youtube, ecc.) presenti sul Sito, e se avete accettato il deposito di cookie proseguendo la navigazione, anche questi social network potrebbero depositare cookie sul vostro terminale.<\/p>\n<p align=\"justify\">Le informazioni relative al vostro consenso ai cookie vengono conservate per un periodo massimo di 13 mesi.<\/p>\n<p><strong>9. Conservazione dei dati raccolti da AAASeedz<\/strong><\/p>\n<p align=\"justify\">I dati raccolti in relazione all'utilizzo del Sito sono conservati esclusivamente su un server situato in Francia, ospitato dalla societ\u00e0 IONOS 7 place de la garre 57200 Sarreguemines.<\/p>\n<p align=\"right\"><em><span style=\"font-size: small;\"> Ultimo aggiornamento: 30\/04\/2024<\/span><\/em><\/p>","protected":false},"excerpt":{"rendered":"<p>CHARTE DE PROTECTION DES DONN\u00c9ES PERSONNELLES Conform\u00e9ment au r\u00e8glement europ\u00e9en 2016\/679 du 27 avril 2016 (RGPD) La pr\u00e9sente charte de<\/p>","protected":false},"author":1,"featured_media":0,"parent":0,"menu_order":0,"comment_status":"closed","ping_status":"open","template":"","meta":{"footnotes":""},"class_list":["post-3","page","type-page","status-publish","hentry"],"jetpack_sharing_enabled":true,"_links":{"self":[{"href":"https:\/\/www.aaaseedz.com\/it\/wp-json\/wp\/v2\/pages\/3","targetHints":{"allow":["GET"]}}],"collection":[{"href":"https:\/\/www.aaaseedz.com\/it\/wp-json\/wp\/v2\/pages"}],"about":[{"href":"https:\/\/www.aaaseedz.com\/it\/wp-json\/wp\/v2\/types\/page"}],"author":[{"embeddable":true,"href":"https:\/\/www.aaaseedz.com\/it\/wp-json\/wp\/v2\/users\/1"}],"replies":[{"embeddable":true,"href":"https:\/\/www.aaaseedz.com\/it\/wp-json\/wp\/v2\/comments?post=3"}],"version-history":[{"count":0,"href":"https:\/\/www.aaaseedz.com\/it\/wp-json\/wp\/v2\/pages\/3\/revisions"}],"wp:attachment":[{"href":"https:\/\/www.aaaseedz.com\/it\/wp-json\/wp\/v2\/media?parent=3"}],"curies":[{"name":"wp","href":"https:\/\/api.w.org\/{rel}","templated":true}]}}