{"id":10399,"date":"2024-05-03T15:00:04","date_gmt":"2024-05-03T13:00:04","guid":{"rendered":"https:\/\/www.aaaseedz.com\/?post_type=product&#038;p=10399"},"modified":"2025-01-28T14:39:21","modified_gmt":"2025-01-28T13:39:21","slug":"deja-vu-della-genetica-globale","status":"publish","type":"product","link":"https:\/\/www.aaaseedz.com\/it\/produit\/global-genetics-deja-vu\/","title":{"rendered":"D\u00e9j\u00e0 Vu - Global Genetics"},"content":{"rendered":"<p><strong>Semi femminizzati<\/strong><br \/>\n<strong>Confezione<\/strong> : 6 semi<br \/>\n<strong>Allevatore<\/strong> : Global Genetics<br \/>\n<strong>Nome<\/strong> : D\u00e9j\u00e0 Vu<br \/>\n<strong>Croce<\/strong> : Biscotti x Runtz<\/p>\n<p><em>Attenzione: Il possesso e la raccolta di semi sono autorizzati in Francia. Questi semi non devono essere utilizzati per scopi diversi da quelli autorizzati dalla legge del proprio Paese. La germinazione e la vendita ai minori sono severamente vietate. AAASeedz non pu\u00f2 essere ritenuta responsabile in caso di mancato rispetto delle leggi del paese di residenza.<\/em><\/p>","protected":false},"excerpt":{"rendered":"<p>Graines F\u00e9minis\u00e9es Pack : 6 graines Breeder : Global Genetics Nom : D\u00e9j\u00e0 Vu Croisement : Biscotti x Runtz Avertissement<\/p>","protected":false},"featured_media":10787,"template":"","meta":[],"product_brand":[],"product_cat":[70],"product_tag":[87,86,77,73,404,403,76],"class_list":{"0":"post-10399","1":"product","2":"type-product","3":"status-publish","4":"has-post-thumbnail","6":"product_cat-feminisees","7":"product_tag-biscotti","8":"product_tag-deja-vu","9":"product_tag-feminisee","10":"product_tag-global-genetics","11":"product_tag-jokes-up","12":"product_tag-nine-weeks","13":"product_tag-runtz","15":"first","16":"outofstock","17":"shipping-taxable","18":"purchasable","19":"product-type-simple"},"jetpack_sharing_enabled":true,"_links":{"self":[{"href":"https:\/\/www.aaaseedz.com\/it\/wp-json\/wp\/v2\/product\/10399","targetHints":{"allow":["GET"]}}],"collection":[{"href":"https:\/\/www.aaaseedz.com\/it\/wp-json\/wp\/v2\/product"}],"about":[{"href":"https:\/\/www.aaaseedz.com\/it\/wp-json\/wp\/v2\/types\/product"}],"wp:featuredmedia":[{"embeddable":true,"href":"https:\/\/www.aaaseedz.com\/it\/wp-json\/wp\/v2\/media\/10787"}],"wp:attachment":[{"href":"https:\/\/www.aaaseedz.com\/it\/wp-json\/wp\/v2\/media?parent=10399"}],"wp:term":[{"taxonomy":"product_brand","embeddable":true,"href":"https:\/\/www.aaaseedz.com\/it\/wp-json\/wp\/v2\/product_brand?post=10399"},{"taxonomy":"product_cat","embeddable":true,"href":"https:\/\/www.aaaseedz.com\/it\/wp-json\/wp\/v2\/product_cat?post=10399"},{"taxonomy":"product_tag","embeddable":true,"href":"https:\/\/www.aaaseedz.com\/it\/wp-json\/wp\/v2\/product_tag?post=10399"}],"curies":[{"name":"wp","href":"https:\/\/api.w.org\/{rel}","templated":true}]}}