{"id":10726,"date":"2024-05-05T15:56:13","date_gmt":"2024-05-05T13:56:13","guid":{"rendered":"https:\/\/www.aaaseedz.com\/?post_type=product&#038;p=10726"},"modified":"2025-06-10T17:12:16","modified_gmt":"2025-06-10T15:12:16","slug":"albero-perfetto-chantilly-3","status":"publish","type":"product","link":"https:\/\/www.aaaseedz.com\/it\/produit\/perfect-tree-chantilly-2\/","title":{"rendered":"Chantilly - Perfect Tree"},"content":{"rendered":"<p>Perfect Tree Chantilly \u00e8 una variet\u00e0 che vi far\u00e0 sciogliere il cuore! Con cime dense e resina a volont\u00e0, questa piccola meraviglia \u00e8 come uno squisito dessert che aspetta solo di essere assaporato. Immaginate fiori cos\u00ec pieni di tricomi che sembrano quasi brillare, pronti ad offrirvi un'esperienza gustativa indimenticabile.<\/p>\n<p>Chantilly \u00e8 il frutto di un delizioso matrimonio tra L.A Kush Cake e Jet A, un ibrido a predominanza indica. In sole 8 settimane di fioritura, questa bellezza vi ricompenser\u00e0 con rese impressionanti. Ogni boccata \u00e8 un vero e proprio festival di sapori, che unisce note di biscotti appena sfornati, crema liscia e spezie ammalianti. \u00c8 come assaporare un dessert da gourmet godendo dei benefici della cannabis!<\/p>\n<p>Sebbene la Chantilly non sia una pianta gigante, compensa con la sua robustezza. I suoi rami robusti producono fiori magnifici e compatti che sono una vera festa per gli occhi. Per massimizzare il raccolto, non esitate a potare pi\u00f9 volte il ramo principale. In questo modo la pianta si svilupper\u00e0 in un cespuglio rigoglioso, traboccante di cime pronte per essere raccolte. E qualsiasi fenotipo scegliate, sarete sempre ricompensati con un generoso strato di resina che scintilla come stelle.<\/p>\n<p>Parlando di sapori, la Chantilly non delude! Aspettatevi aromi dolci che ricordano l'impasto dei biscotti, la panna montata e persino note di nocciola. Ma non \u00e8 tutto! Anche le note speziate possono fare la loro comparsa, aggiungendo una dimensione pi\u00f9 intensa alla vostra esperienza. Pensate a sfumature di gas intenso e cardamomo che stuzzicheranno i vostri sensi e vi faranno immergere in un mondo di delizie.<\/p>\n<p>La produzione di resina della Chantilly \u00e8 semplicemente fenomenale, il che la rende la scelta migliore per chi vuole produrre estrazioni di alta qualit\u00e0. Che siate fan dell'ice-o-lator o della colofonia, questa variet\u00e0 eccelle nell'arte di creare concentrati gustosi.<\/p>\n<p>In breve, Chantilly \u00e8 la compagna ideale per chi cerca un'esperienza dal forte sapore Indica. Vi immerger\u00e0 in un oceano di dolcezza e relax, perfetto per rilassarsi dopo una lunga giornata. Preparatevi quindi a farvi travolgere da questa deliziosa variet\u00e0 e ad assaporare ogni momento!<\/p>\n<p><strong>Semi femminizzati<\/strong><br \/>\n<strong>Confezione<\/strong> 6+3 semi omaggio (LH2P) (9)<br \/>\n<strong>Allevatore<\/strong> : Perfect Tree<br \/>\n<strong>Nome<\/strong> : Chantilly<br \/>\n<strong>Croce<\/strong> : L.A Kush Cake x Jet A<br \/>\n<strong>Prestazioni<\/strong> : medio-alto<br \/>\n<strong>Genetica<\/strong> Ibrido a predominanza Indica<br \/>\n<strong>Periodo di fioritura<\/strong> 56-60 giorni<br \/>\n<strong>Il gusto<\/strong> Biscotti, crema e spezie<br \/>\n<strong>Esperienza<\/strong> Indica potente<\/p>\n<p><em>Attenzione: Il possesso e la raccolta di semi sono autorizzati in Francia. Questi semi non devono essere utilizzati per scopi diversi da quelli autorizzati dalla legge del proprio Paese. La germinazione e la vendita ai minori sono severamente vietate. AAASeedz non pu\u00f2 essere ritenuta responsabile in caso di mancato rispetto delle leggi del paese di residenza.<\/em><\/p>","protected":false},"excerpt":{"rendered":"<p>La Chantilly de Perfect Tree, est une vari\u00e9t\u00e9 qui va vous faire fondre de plaisir ! Avec ses bourgeons denses<\/p>","protected":false},"featured_media":12325,"template":"","meta":[],"product_brand":[],"product_cat":[70],"product_tag":[282,77,281,283,278],"class_list":{"0":"post-10726","1":"product","2":"type-product","3":"status-publish","4":"has-post-thumbnail","6":"product_cat-feminisees","7":"product_tag-chantilly","8":"product_tag-feminisee","9":"product_tag-jet-a","10":"product_tag-l-a-kush-cake","11":"product_tag-perfect-tree","13":"first","14":"instock","15":"shipping-taxable","16":"purchasable","17":"product-type-simple"},"jetpack_sharing_enabled":true,"_links":{"self":[{"href":"https:\/\/www.aaaseedz.com\/it\/wp-json\/wp\/v2\/product\/10726","targetHints":{"allow":["GET"]}}],"collection":[{"href":"https:\/\/www.aaaseedz.com\/it\/wp-json\/wp\/v2\/product"}],"about":[{"href":"https:\/\/www.aaaseedz.com\/it\/wp-json\/wp\/v2\/types\/product"}],"wp:featuredmedia":[{"embeddable":true,"href":"https:\/\/www.aaaseedz.com\/it\/wp-json\/wp\/v2\/media\/12325"}],"wp:attachment":[{"href":"https:\/\/www.aaaseedz.com\/it\/wp-json\/wp\/v2\/media?parent=10726"}],"wp:term":[{"taxonomy":"product_brand","embeddable":true,"href":"https:\/\/www.aaaseedz.com\/it\/wp-json\/wp\/v2\/product_brand?post=10726"},{"taxonomy":"product_cat","embeddable":true,"href":"https:\/\/www.aaaseedz.com\/it\/wp-json\/wp\/v2\/product_cat?post=10726"},{"taxonomy":"product_tag","embeddable":true,"href":"https:\/\/www.aaaseedz.com\/it\/wp-json\/wp\/v2\/product_tag?post=10726"}],"curies":[{"name":"wp","href":"https:\/\/api.w.org\/{rel}","templated":true}]}}