{"id":10727,"date":"2024-05-05T15:57:51","date_gmt":"2024-05-05T13:57:51","guid":{"rendered":"https:\/\/www.aaaseedz.com\/?post_type=product&#038;p=10727"},"modified":"2025-06-10T18:50:31","modified_gmt":"2025-06-10T16:50:31","slug":"granita-allalbero-perfetta","status":"publish","type":"product","link":"https:\/\/www.aaaseedz.com\/it\/produit\/perfect-tree-granita-2\/","title":{"rendered":"Granita - Perfect Tree"},"content":{"rendered":"<p>Perfect Tree's Granita \u00e8 come il dessert ghiacciato che stavate aspettando dopo un pasto abbondante, ma sotto forma di cannabis! Con il suo secondo posto nella Gorilla Verse Cup 2022, questa variet\u00e0 \u00e8 la star delle serate fredde. Preparatevi a mettervi comodi sul divano, perch\u00e9 questo ibrido a predominanza indica vi porter\u00e0 in un viaggio sensoriale che vi far\u00e0 sciogliere di piacere.<\/p>\n<p>Nata dall'unione esplosiva di 33 Splitter e Jet A, Granita \u00e8 una vera opera d'arte botanica. In sole 8 settimane di fioritura, si trasforma in una pianta robusta che produce cime dense e resinose pronte per essere gustate. Immaginate fiori che emanano ammalianti aromi di gelato, gas e spezie, una miscela che stuzzica le narici e fa venire l'acquolina in bocca. \u00c8 come se ogni boccata fosse un invito a una festa di sapori!<\/p>\n<p>La madre di Granita \u00e8 una vera campionessa, piena di forza e vitalit\u00e0. Con la sua struttura impeccabile e il suo impressionante potenziale di produzione, \u00e8 il sogno di ogni coltivatore. La sua capacit\u00e0 di clonare rapidamente la rende anche un candidato ideale per la riproduzione. In breve, se state cercando di creare variet\u00e0 da urlo, Granita \u00e8 la scelta migliore!<\/p>\n<p>Ma parliamo un po' dell'esperienza che questa variet\u00e0 offre. Granita \u00e8 il tipo di cannabis che vi avvolge in un dolce abbraccio, lasciandovi sul divano per ore. \u00c8 la compagna perfetta per quelle serate in cui ci si vuole rilassare dopo una lunga giornata. Che stiate guardando un film, ascoltando musica o semplicemente fissando il soffitto, questa variet\u00e0 vi far\u00e0 dimenticare tutte le preoccupazioni.<\/p>\n<p>E per chi ha difficolt\u00e0 ad addormentarsi, la Granita \u00e8 un vero alleato. Vi aiuter\u00e0 ad addormentarvi in un sonno ristoratore, lasciandovi galleggiare in un mare di sogni. Con le sue cime spesse e scintillanti di tricomi, non \u00e8 solo bella da vedere, ma anche deliziosa da fumare.<\/p>\n<p><strong>Semi femminizzati<\/strong><br \/>\n<strong>Confezione<\/strong> 6+3 semi omaggio (LH2P) (9)<br \/>\n<strong>Allevatore<\/strong> : Perfect Tree<br \/>\n<strong>Nome<\/strong> : Granita<br \/>\n<strong>Croce<\/strong> : 33 Splitter x Jet A<br \/>\n<strong>Prestazioni<\/strong> : medio-alto<br \/>\n<strong>Genetica<\/strong> Ibrido a predominanza Indica<br \/>\n<strong>Periodo di fioritura<\/strong> 56-60 giorni<br \/>\n<strong>Il gusto<\/strong> : Gelato<br \/>\n<strong>Esperienza<\/strong> : congelatore di cervelli<\/p>\n<p><em>Attenzione: Il possesso e la raccolta di semi sono autorizzati in Francia. Questi semi non devono essere utilizzati per scopi diversi da quelli autorizzati dalla legge del proprio Paese. La germinazione e la vendita ai minori sono severamente vietate. AAASeedz non pu\u00f2 essere ritenuta responsabile in caso di mancato rispetto delle leggi del paese di residenza.<\/em><\/p>","protected":false},"excerpt":{"rendered":"<p>La Granita de Perfect Tree, c\u2019est un peu comme le dessert glac\u00e9 que vous attendiez apr\u00e8s un repas copieux, mais<\/p>","protected":false},"featured_media":12335,"template":"","meta":[],"product_brand":[],"product_cat":[70],"product_tag":[285,77,284,281,278],"class_list":{"0":"post-10727","1":"product","2":"type-product","3":"status-publish","4":"has-post-thumbnail","6":"product_cat-feminisees","7":"product_tag-33-splitter","8":"product_tag-feminisee","9":"product_tag-granita","10":"product_tag-jet-a","11":"product_tag-perfect-tree","13":"first","14":"instock","15":"shipping-taxable","16":"purchasable","17":"product-type-simple"},"jetpack_sharing_enabled":true,"_links":{"self":[{"href":"https:\/\/www.aaaseedz.com\/it\/wp-json\/wp\/v2\/product\/10727","targetHints":{"allow":["GET"]}}],"collection":[{"href":"https:\/\/www.aaaseedz.com\/it\/wp-json\/wp\/v2\/product"}],"about":[{"href":"https:\/\/www.aaaseedz.com\/it\/wp-json\/wp\/v2\/types\/product"}],"wp:featuredmedia":[{"embeddable":true,"href":"https:\/\/www.aaaseedz.com\/it\/wp-json\/wp\/v2\/media\/12335"}],"wp:attachment":[{"href":"https:\/\/www.aaaseedz.com\/it\/wp-json\/wp\/v2\/media?parent=10727"}],"wp:term":[{"taxonomy":"product_brand","embeddable":true,"href":"https:\/\/www.aaaseedz.com\/it\/wp-json\/wp\/v2\/product_brand?post=10727"},{"taxonomy":"product_cat","embeddable":true,"href":"https:\/\/www.aaaseedz.com\/it\/wp-json\/wp\/v2\/product_cat?post=10727"},{"taxonomy":"product_tag","embeddable":true,"href":"https:\/\/www.aaaseedz.com\/it\/wp-json\/wp\/v2\/product_tag?post=10727"}],"curies":[{"name":"wp","href":"https:\/\/api.w.org\/{rel}","templated":true}]}}