{"id":10731,"date":"2024-05-05T16:02:46","date_gmt":"2024-05-05T14:02:46","guid":{"rendered":"https:\/\/www.aaaseedz.com\/?post_type=product&#038;p=10731"},"modified":"2025-06-11T16:30:27","modified_gmt":"2025-06-11T14:30:27","slug":"albero-perfetto-tramonto-di-mezzanotte","status":"publish","type":"product","link":"https:\/\/www.aaaseedz.com\/it\/produit\/perfect-tree-midnight-sunset-2\/","title":{"rendered":"Midnight Sunset - Perfect Tree"},"content":{"rendered":"<p>Midnight Sunset di Perfect Tree \u00e8 una variet\u00e0 che illuminer\u00e0 le vostre serate! Con i suoi fiori viola intenso punteggiati da pistilli arancioni brillanti, questa pianta \u00e8 un vero capolavoro della natura. Immaginate un tramonto vibrante, ma in forma di cannabis! Non solo \u00e8 splendida da vedere, ma \u00e8 anche una campionessa di estrazione, con rese impressionanti e un profumo che vi lascer\u00e0 a bocca aperta.<\/p>\n<p>Midnight Sunset \u00e8 un ibrido a predominanza indica che ha ereditato la potenza di una linea Sherbert. Nata dall'unione di Sunset Sherbert Bx1 e Jet A, questa variet\u00e0 ha un periodo di fioritura di 8 settimane che promette uno spettacolo visivo mozzafiato. Ogni bocciolo \u00e8 una piccola meraviglia e sarete stupiti dai ricchi colori che adornano questa pianta. Sfumature di viola si mescolano con esplosioni di arancione, creando un vivace tableau che sicuramente catturer\u00e0 l'attenzione di tutti.<\/p>\n<p>A proposito di crescita, Midnight Sunset ha un potenziale di allungamento impressionante. Ci\u00f2 significa che avrete la possibilit\u00e0 di giocare con le sue dimensioni e la sua forma per massimizzare il raccolto. Se volete massimizzare la fioritura, non esitate a potare un po' per darle la forma perfetta. \u00c8 come dare alla pianta una piccola spinta per raggiungere il suo pieno potenziale!<\/p>\n<p>Quando si tratta di sapori, preparatevi a un'esplosione di sensazioni. I terpeni di questa variet\u00e0 sono una vera delizia per i sensi, con note dolci e cremose che ricordano il famoso sapore Sherbert e un tocco di gas che aggiunge un po' di pepe al mix. Ogni inalazione \u00e8 un'avventura gustativa che vi trasporter\u00e0 in un mondo di delizie.<\/p>\n<p>Ma ci\u00f2 che rende Midnight Sunset davvero speciale \u00e8 il suo effetto rilassante. Essendo una potente variet\u00e0 a predominanza indica, \u00e8 l'alleato perfetto per rilassarsi dopo una lunga giornata. Immaginate di sedervi sul vostro divano, godendovi un momento di pace e tranquillit\u00e0, con un grande sorriso sul viso. Questo \u00e8 esattamente ci\u00f2 che vi offre questa variet\u00e0: una fuga dolce e rilassante che vi far\u00e0 dimenticare tutte le preoccupazioni.<\/p>\n<p>In breve, Midnight Sunset \u00e8 molto pi\u00f9 di una semplice variet\u00e0 di cannabis. \u00c8 un'esperienza sensoriale completa che unisce bellezza, sapori deliziosi ed effetti rilassanti. Preparatevi quindi ad assaporare ogni momento con questa meraviglia e lasciatevi trasportare dalla magia di Midnight Sunset!<\/p>\n<p><strong>Semi femminizzati<\/strong><br \/>\n<strong>Confezione<\/strong> 6+3 semi omaggio (LH2P) (9)<br \/>\n<strong>Allevatore<\/strong> : Perfect Tree<br \/>\n<strong>Nome<\/strong> : Midnight Sunset<br \/>\n<strong>Croce<\/strong> : Sunset Sherbert x Jet A<br \/>\n<strong>Prestazioni<\/strong> : medio-alto<br \/>\n<strong>Genetica<\/strong> Ibrido a predominanza Indica<br \/>\n<strong>Periodo di fioritura<\/strong> 56-60 giorni<br \/>\n<strong>Il gusto<\/strong> : Carburante, gas, crema, freschezza<br \/>\n<strong>Esperienza<\/strong> Intenso, rilassante, perfetto prima di andare a dormire<\/p>\n<p><em>Attenzione: Il possesso e la raccolta di semi sono autorizzati in Francia. Questi semi non devono essere utilizzati per scopi diversi da quelli autorizzati dalla legge del proprio Paese. La germinazione e la vendita ai minori sono severamente vietate. AAASeedz non pu\u00f2 essere ritenuta responsabile in caso di mancato rispetto delle leggi del paese di residenza.<\/em><\/p>","protected":false},"excerpt":{"rendered":"<p>La Midnight Sunset de Perfect Tree, est une vari\u00e9t\u00e9 qui va illuminer vos soir\u00e9es ! Avec ses fleurs d\u2019un violet<\/p>","protected":false},"featured_media":12345,"template":"","meta":[],"product_brand":[],"product_cat":[70],"product_tag":[77,281,290,278,291],"class_list":{"0":"post-10731","1":"product","2":"type-product","3":"status-publish","4":"has-post-thumbnail","6":"product_cat-feminisees","7":"product_tag-feminisee","8":"product_tag-jet-a","9":"product_tag-midnight-sunset","10":"product_tag-perfect-tree","11":"product_tag-sunset-sherbert","13":"first","14":"instock","15":"shipping-taxable","16":"purchasable","17":"product-type-simple"},"jetpack_sharing_enabled":true,"_links":{"self":[{"href":"https:\/\/www.aaaseedz.com\/it\/wp-json\/wp\/v2\/product\/10731","targetHints":{"allow":["GET"]}}],"collection":[{"href":"https:\/\/www.aaaseedz.com\/it\/wp-json\/wp\/v2\/product"}],"about":[{"href":"https:\/\/www.aaaseedz.com\/it\/wp-json\/wp\/v2\/types\/product"}],"wp:featuredmedia":[{"embeddable":true,"href":"https:\/\/www.aaaseedz.com\/it\/wp-json\/wp\/v2\/media\/12345"}],"wp:attachment":[{"href":"https:\/\/www.aaaseedz.com\/it\/wp-json\/wp\/v2\/media?parent=10731"}],"wp:term":[{"taxonomy":"product_brand","embeddable":true,"href":"https:\/\/www.aaaseedz.com\/it\/wp-json\/wp\/v2\/product_brand?post=10731"},{"taxonomy":"product_cat","embeddable":true,"href":"https:\/\/www.aaaseedz.com\/it\/wp-json\/wp\/v2\/product_cat?post=10731"},{"taxonomy":"product_tag","embeddable":true,"href":"https:\/\/www.aaaseedz.com\/it\/wp-json\/wp\/v2\/product_tag?post=10731"}],"curies":[{"name":"wp","href":"https:\/\/api.w.org\/{rel}","templated":true}]}}