{"id":10732,"date":"2024-05-05T16:04:25","date_gmt":"2024-05-05T14:04:25","guid":{"rendered":"https:\/\/www.aaaseedz.com\/?post_type=product&#038;p=10732"},"modified":"2025-06-11T16:34:34","modified_gmt":"2025-06-11T14:34:34","slug":"lassi-di-pesca-dellalbero-perfetto","status":"publish","type":"product","link":"https:\/\/www.aaaseedz.com\/it\/produit\/perfect-tree-peach-lassi-2\/","title":{"rendered":"Peach Lassi - Perfect Tree"},"content":{"rendered":"<p>La Peach Lassi di Perfect Tree \u00e8 un po' come bere un sorso di sole da una bottiglia, ma sotto forma di cannabis! Vincitrice del primo posto alla Canna French Cup 2023 nella categoria Indica Outdoor, questa variet\u00e0 \u00e8 un vero festival di sapori che delizier\u00e0 le vostre papille gustative. Immaginate un ibrido che ricorda la famosa bevanda indiana Lassi, ma con un tocco cannabico che vi far\u00e0 sorridere ad ogni boccata.<\/p>\n<p>Nata dalla deliziosa unione di Peach Ozz e Jet A, Peach Lassi \u00e8 una vera delizia per gli amanti dei terpeni fruttati e cremosi. In sole 8 settimane di fioritura, questa bellezza si trasforma in una pianta robusta che produce fiori densi e resinosi. Con una resa elevata, vi offre un'esperienza gustativa indimenticabile, combinando sapori freschi, cremosi e leggermente gassati. Preparatevi a essere trasportati in un mondo di sensazioni dove il vostro spirito si eleva e il vostro corpo si rilassa.<\/p>\n<p>Ci\u00f2 che rende il Peach Lassi cos\u00ec speciale \u00e8 il suo aspetto luminoso. I suoi fiori sono cos\u00ec freschi e fruttati che ricordano immediatamente l'iconica bevanda che si trova su ogni tavola in India. Con la sua crescita rapida e vigorosa, questa pianta \u00e8 uno spettacolo da vedere. I suoi pistilli spessi, ereditati dal Peach Ozz, aggiungono un tocco di colore e di consistenza che attirer\u00e0 sicuramente l'attenzione di tutti. Senza contare la produzione di resina! \u00c8 un vero tesoro per chi ama fare estratti senza solventi.<\/p>\n<p>Peach Lassi \u00e8 l'ibrido perfetto per chi cerca un'esperienza cannabica rinfrescante. Ogni inalazione \u00e8 come un morso di felicit\u00e0, che cattura l'essenza di una classica bevanda fruttata fondendola con il mondo della cannabis. Che vi stiate rilassando dopo una lunga giornata o stiate celebrando un momento speciale con gli amici, questa variet\u00e0 aggiunger\u00e0 un tocco di magia alla vostra serata.<\/p>\n<p>In breve, Peach Lassi \u00e8 molto pi\u00f9 di una semplice variet\u00e0 di cannabis. \u00c8 un'avventura sensoriale che vi invita a esplorare sapori deliziosi, offrendovi un profondo relax. Non esitate quindi a portare questa meraviglia nel vostro giardino e a lasciarvi trasportare dal gusto inebriante della Peach Lassi!<\/p>\n<p><strong>Semi femminizzati<\/strong><br \/>\n<strong>Confezione<\/strong> 6+3 semi omaggio (LH2P) (9)<br \/>\n<strong>Allevatore<\/strong> : Perfect Tree<br \/>\n<strong>Nome<\/strong> : Peach Lassi<br \/>\n<strong>Croce<\/strong> : Peach Ozz x Jet A<br \/>\n<strong>Prestazioni<\/strong> : medio-alto<br \/>\n<strong>Genetica<\/strong> Ibrido a predominanza Indica<br \/>\n<strong>Periodo di fioritura<\/strong> 56-60 giorni<br \/>\n<strong>Il gusto<\/strong> : Pesca, Crema, Gelato<br \/>\n<strong>Esperienza<\/strong> Indica potente<\/p>\n<p><em>Attenzione: Il possesso e la raccolta di semi sono autorizzati in Francia. Questi semi non devono essere utilizzati per scopi diversi da quelli autorizzati dalla legge del proprio Paese. La germinazione e la vendita ai minori sono severamente vietate. AAASeedz non pu\u00f2 essere ritenuta responsabile in caso di mancato rispetto delle leggi del paese di residenza.<\/em><\/p>","protected":false},"excerpt":{"rendered":"<p>La Peach Lassi de Perfect Tree, c\u2019est un peu comme si vous preniez une gorg\u00e9e de soleil en bouteille, mais<\/p>","protected":false},"featured_media":12351,"template":"","meta":[],"product_brand":[],"product_cat":[70],"product_tag":[77,281,292,293,278],"class_list":{"0":"post-10732","1":"product","2":"type-product","3":"status-publish","4":"has-post-thumbnail","6":"product_cat-feminisees","7":"product_tag-feminisee","8":"product_tag-jet-a","9":"product_tag-peach-lassi","10":"product_tag-peach-ozz","11":"product_tag-perfect-tree","13":"first","14":"instock","15":"shipping-taxable","16":"purchasable","17":"product-type-simple"},"jetpack_sharing_enabled":true,"_links":{"self":[{"href":"https:\/\/www.aaaseedz.com\/it\/wp-json\/wp\/v2\/product\/10732","targetHints":{"allow":["GET"]}}],"collection":[{"href":"https:\/\/www.aaaseedz.com\/it\/wp-json\/wp\/v2\/product"}],"about":[{"href":"https:\/\/www.aaaseedz.com\/it\/wp-json\/wp\/v2\/types\/product"}],"wp:featuredmedia":[{"embeddable":true,"href":"https:\/\/www.aaaseedz.com\/it\/wp-json\/wp\/v2\/media\/12351"}],"wp:attachment":[{"href":"https:\/\/www.aaaseedz.com\/it\/wp-json\/wp\/v2\/media?parent=10732"}],"wp:term":[{"taxonomy":"product_brand","embeddable":true,"href":"https:\/\/www.aaaseedz.com\/it\/wp-json\/wp\/v2\/product_brand?post=10732"},{"taxonomy":"product_cat","embeddable":true,"href":"https:\/\/www.aaaseedz.com\/it\/wp-json\/wp\/v2\/product_cat?post=10732"},{"taxonomy":"product_tag","embeddable":true,"href":"https:\/\/www.aaaseedz.com\/it\/wp-json\/wp\/v2\/product_tag?post=10732"}],"curies":[{"name":"wp","href":"https:\/\/api.w.org\/{rel}","templated":true}]}}