{"id":10733,"date":"2024-05-05T16:06:09","date_gmt":"2024-05-05T14:06:09","guid":{"rendered":"https:\/\/www.aaaseedz.com\/?post_type=product&#038;p=10733"},"modified":"2025-06-11T16:36:13","modified_gmt":"2025-06-11T14:36:13","slug":"albero-perfetto-benzina-rosa-2","status":"publish","type":"product","link":"https:\/\/www.aaaseedz.com\/it\/produit\/perfect-tree-pink-gasoline-2\/","title":{"rendered":"Pink Gasoline - Perfect Tree"},"content":{"rendered":"<p>Preparatevi, appassionati di cannabis, a scoprire la Pink Gasoline di Perfect Tree, una variet\u00e0 che cattura l'attenzione e non lascia indifferenti! Con un 2\u00b0 posto alla Secret Cup Bizkaia nel 2020 e una clamorosa vittoria alla Caribbean Cup di Santa Marta nel 2023, questa bellezza \u00e8 un vero gioiello nel mondo della cannabis. Preparatevi a scoprire una pianta che unisce potenza, aromi ammalianti e rese generose!<\/p>\n<p>Pink Gasoline \u00e8 un po' come percorrere una strada costiera a bordo di una decappottabile, con il vento tra i capelli e il profumo degli agrumi nell'aria. Il suo potente aroma di carburante colpisce non appena ci si avvicina e, credetemi, non lascia indifferenti! Immaginate una miscela esplosiva di gas e gelato, con sottili note OG ereditate dal suo lignaggio Atom Splitter. Ogni boccata \u00e8 un'avventura sensoriale che vi trasporta in un mondo di sapori intensi e sensazioni indimenticabili.<\/p>\n<p>Ci\u00f2 che rende la Pink Gasoline ancora pi\u00f9 speciale \u00e8 la sua capacit\u00e0 di produrre fiori densi e resinosi. In sole 8 settimane, potete aspettarvi di vedere queste bellezze svilupparsi in vere e proprie opere d'arte botanica. Che siate coltivatori indoor o outdoor, questa variet\u00e0 si adatta a qualsiasi ambiente. \u00c8 come il supereroe del giardino, in grado di prosperare in una variet\u00e0 di condizioni e di produrre rese impressionanti.<\/p>\n<p>Pink Gasoline \u00e8 il risultato di un matrimonio esplosivo tra 33 Splitter e Peach Ozz, che la rende un ibrido a predominanza indica con molto carattere. Con la sua imponente statura, \u00e8 un vero e proprio richiamo visivo e un vero e proprio colpo di testa. I coltivatori alla ricerca di rese elevate saranno soddisfatti, poich\u00e9 questa pianta \u00e8 nota per la sua eccezionale produzione di resina. Preparatevi a raccogliere generose quantit\u00e0 di questa preziosa sostanza, che far\u00e0 sicuramente la gioia degli amanti del concentrato!<\/p>\n<p>Coltivare Pink Gasoline \u00e8 come partecipare a una festa in cui tutti sono invitati. \u00c8 resistente, adattabile e piena di vita, il che la rende una scelta ideale per i coltivatori di tutte le capacit\u00e0. Che siate esperti o principianti, questa variet\u00e0 vi ricompenser\u00e0 con fiori bellissimi e un aroma che profuma l'aria.<\/p>\n<p>Pink Gasoline \u00e8 molto pi\u00f9 di una semplice variet\u00e0 di cannabis: \u00e8 un'esperienza a s\u00e9 stante. Con i suoi aromi ammalianti, la sua robustezza e le sue rese impressionanti, merita un posto speciale nel vostro giardino. Preparatevi quindi a vivere un'esperienza sensazionale con questa meraviglia di cannabis che vi conquister\u00e0 sicuramente!<\/p>\n<p><strong>Semi femminizzati<\/strong><br \/>\n<strong>Confezione<\/strong> 6+3 semi omaggio (LH2P) (9)<br \/>\n<strong>Allevatore<\/strong> : Perfect Tree<br \/>\n<strong>Nome<\/strong> : Pink Gasoline<br \/>\n<strong>Croce<\/strong> : 33 Splitter x Peach Ozz<br \/>\n<strong>Prestazioni<\/strong> : medio-alto<br \/>\n<strong>Genetica<\/strong> Ibrido a predominanza Indica<br \/>\n<strong>Periodo di fioritura<\/strong> 56-60 giorni<br \/>\n<strong>Il gusto<\/strong> Gas un po' smussato da Peach Ozz<br \/>\n<strong>Esperienza<\/strong> Rilassante<\/p>\n<p><em>Attenzione: Il possesso e la raccolta di semi sono autorizzati in Francia. Questi semi non devono essere utilizzati per scopi diversi da quelli autorizzati dalla legge del proprio Paese. La germinazione e la vendita ai minori sono severamente vietate. AAASeedz non pu\u00f2 essere ritenuta responsabile in caso di mancato rispetto delle leggi del paese di residenza.<\/em><\/p>","protected":false},"excerpt":{"rendered":"<p>Pr\u00e9parez-vous, passionn\u00e9s de cannabis, \u00e0 d\u00e9couvrir la Pink Gasoline de Perfect Tree, une vari\u00e9t\u00e9 qui attire tous les regards et<\/p>","protected":false},"featured_media":12355,"template":"","meta":[],"product_brand":[],"product_cat":[70],"product_tag":[285,77,293,278,294],"class_list":{"0":"post-10733","1":"product","2":"type-product","3":"status-publish","4":"has-post-thumbnail","6":"product_cat-feminisees","7":"product_tag-33-splitter","8":"product_tag-feminisee","9":"product_tag-peach-ozz","10":"product_tag-perfect-tree","11":"product_tag-pink-gasoline","13":"first","14":"instock","15":"shipping-taxable","16":"purchasable","17":"product-type-simple"},"jetpack_sharing_enabled":true,"_links":{"self":[{"href":"https:\/\/www.aaaseedz.com\/it\/wp-json\/wp\/v2\/product\/10733","targetHints":{"allow":["GET"]}}],"collection":[{"href":"https:\/\/www.aaaseedz.com\/it\/wp-json\/wp\/v2\/product"}],"about":[{"href":"https:\/\/www.aaaseedz.com\/it\/wp-json\/wp\/v2\/types\/product"}],"wp:featuredmedia":[{"embeddable":true,"href":"https:\/\/www.aaaseedz.com\/it\/wp-json\/wp\/v2\/media\/12355"}],"wp:attachment":[{"href":"https:\/\/www.aaaseedz.com\/it\/wp-json\/wp\/v2\/media?parent=10733"}],"wp:term":[{"taxonomy":"product_brand","embeddable":true,"href":"https:\/\/www.aaaseedz.com\/it\/wp-json\/wp\/v2\/product_brand?post=10733"},{"taxonomy":"product_cat","embeddable":true,"href":"https:\/\/www.aaaseedz.com\/it\/wp-json\/wp\/v2\/product_cat?post=10733"},{"taxonomy":"product_tag","embeddable":true,"href":"https:\/\/www.aaaseedz.com\/it\/wp-json\/wp\/v2\/product_tag?post=10733"}],"curies":[{"name":"wp","href":"https:\/\/api.w.org\/{rel}","templated":true}]}}