{"id":10735,"date":"2024-05-05T16:09:15","date_gmt":"2024-05-05T14:09:15","guid":{"rendered":"https:\/\/www.aaaseedz.com\/?post_type=product&#038;p=10735"},"modified":"2025-06-11T16:38:48","modified_gmt":"2025-06-11T14:38:48","slug":"albero-perfetto-vino-rosso-rosso-3","status":"publish","type":"product","link":"https:\/\/www.aaaseedz.com\/it\/produit\/perfect-tree-red-red-wine-2\/","title":{"rendered":"Red Red Wine - Perfect Tree"},"content":{"rendered":"<p>Perfect Tree's Red Red Wine \u00e8 una variet\u00e0 che vi conquister\u00e0 con il suo fascino irresistibile! Immaginate fiori di un viola cos\u00ec intenso da sembrare quasi neri, con un accenno di verde che si nasconde timidamente sotto le foglie. Questa bellezza \u00e8 uno spettacolo per gli occhi, e la sua resina scintillante brilla come un diamante alla luce. Se siete amanti della cannabis, amerete questa piccola meraviglia!<\/p>\n<p>Red Red Wine \u00e8 come un'opera d'arte vivente nel vostro giardino. I suoi boccioli sono cos\u00ec densi e ben formati che sembrano impilati l'uno sull'altro, creando una struttura floreale che farebbe arrossire di invidia qualsiasi coltivatore. Con una stretta spaziatura internodale, questi fiori sono un sogno da coltivare. E la parte migliore? Le foglie sono cos\u00ec poche che cimarle diventa un gioco da ragazzi. Potrete passare pi\u00f9 tempo ad ammirare il vostro raccolto che a prepararlo!<\/p>\n<p>Ma parliamo un po' di ci\u00f2 che si nasconde dietro questa bellezza: i suoi terpeni! Red Red Wine offre una miscela di sapori che vi lascer\u00e0 a bocca aperta. Immaginate note di caramelle dolci, frutta succosa e un tocco di vino raffinato. Gli aromi sono cos\u00ec incantevoli che vi sembrer\u00e0 di essere in un vigneto assolato nel sud della Francia. Le note di carburante di Jet A aggiungono una dimensione unica, trasformando ogni inalazione in un'esperienza sensoriale indimenticabile.<\/p>\n<p>In termini di crescita, la Red Red Wine \u00e8 una pianta di medie dimensioni, ma non lasciatevi ingannare dalla sua statura! \u00c8 robusta e forte, il che la rende una compagna affidabile per tutti i coltivatori, sia principianti che esperti. Potete essere certi che vi ricompenser\u00e0 con raccolti impressionanti, pronti per essere gustati.<\/p>\n<p>E quando arriva il momento del raccolto, preparatevi a rimanere sbalorditi! I raccolti sono semplicemente incredibili, a testimonianza della generosit\u00e0 di questa variet\u00e0. Ogni gemma \u00e8 un piccolo tesoro, pieno di resina e sapori che vi trasporteranno in un mondo di delizie.<\/p>\n<p>In breve, Red Red Wine \u00e8 molto pi\u00f9 di una semplice variet\u00e0 di cannabis. \u00c8 un'esperienza visiva e gustativa che vi far\u00e0 innamorare ad ogni boccata. Quindi non esitate a portare questa bellezza nel vostro giardino e lasciatevi stregare dal suo fascino irresistibile!<\/p>\n<p><strong>Semi femminizzati<\/strong><br \/>\n<strong>Confezione<\/strong> 6+3 semi omaggio (LH2P) (9)<br \/>\n<strong>Allevatore<\/strong> : Perfect Tree<br \/>\n<strong>Nome<\/strong> : Red Red Wine<br \/>\n<strong>Croce<\/strong> : Rozay F2 x Jet A<br \/>\n<strong>Prestazioni<\/strong> : medio-alto<br \/>\n<strong>Genetica<\/strong> Ibrido<br \/>\n<strong>Periodo di fioritura<\/strong> 56-60 giorni<br \/>\n<strong>Il gusto<\/strong> Carburante, vino, frutta, gas<br \/>\n<strong>Esperienza<\/strong> : Intossicante<\/p>\n<p><em>Attenzione: Il possesso e la raccolta di semi sono autorizzati in Francia. Questi semi non devono essere utilizzati per scopi diversi da quelli autorizzati dalla legge del proprio Paese. La germinazione e la vendita ai minori sono severamente vietate. AAASeedz non pu\u00f2 essere ritenuta responsabile in caso di mancato rispetto delle leggi del paese di residenza.<\/em><\/p>","protected":false},"excerpt":{"rendered":"<p>La Red Red Wine de Perfect Tree, est une vari\u00e9t\u00e9 qui ne manquera pas de vous s\u00e9duire avec son charme<\/p>","protected":false},"featured_media":12359,"template":"","meta":[],"product_brand":[],"product_cat":[70],"product_tag":[77,281,278,297,298],"class_list":{"0":"post-10735","1":"product","2":"type-product","3":"status-publish","4":"has-post-thumbnail","6":"product_cat-feminisees","7":"product_tag-feminisee","8":"product_tag-jet-a","9":"product_tag-perfect-tree","10":"product_tag-red-red-wine","11":"product_tag-rozay-f2","13":"first","14":"instock","15":"shipping-taxable","16":"purchasable","17":"product-type-simple"},"jetpack_sharing_enabled":true,"_links":{"self":[{"href":"https:\/\/www.aaaseedz.com\/it\/wp-json\/wp\/v2\/product\/10735","targetHints":{"allow":["GET"]}}],"collection":[{"href":"https:\/\/www.aaaseedz.com\/it\/wp-json\/wp\/v2\/product"}],"about":[{"href":"https:\/\/www.aaaseedz.com\/it\/wp-json\/wp\/v2\/types\/product"}],"wp:featuredmedia":[{"embeddable":true,"href":"https:\/\/www.aaaseedz.com\/it\/wp-json\/wp\/v2\/media\/12359"}],"wp:attachment":[{"href":"https:\/\/www.aaaseedz.com\/it\/wp-json\/wp\/v2\/media?parent=10735"}],"wp:term":[{"taxonomy":"product_brand","embeddable":true,"href":"https:\/\/www.aaaseedz.com\/it\/wp-json\/wp\/v2\/product_brand?post=10735"},{"taxonomy":"product_cat","embeddable":true,"href":"https:\/\/www.aaaseedz.com\/it\/wp-json\/wp\/v2\/product_cat?post=10735"},{"taxonomy":"product_tag","embeddable":true,"href":"https:\/\/www.aaaseedz.com\/it\/wp-json\/wp\/v2\/product_tag?post=10735"}],"curies":[{"name":"wp","href":"https:\/\/api.w.org\/{rel}","templated":true}]}}