{"id":10736,"date":"2024-05-05T16:10:48","date_gmt":"2024-05-05T14:10:48","guid":{"rendered":"https:\/\/www.aaaseedz.com\/?post_type=product&#038;p=10736"},"modified":"2025-06-11T16:41:13","modified_gmt":"2025-06-11T14:41:13","slug":"albero-perfetto-mela-marcia","status":"publish","type":"product","link":"https:\/\/www.aaaseedz.com\/it\/produit\/perfect-tree-rotten-apple-2\/","title":{"rendered":"Rotten Apple - Perfect Tree"},"content":{"rendered":"<p>Perfect Tree's Rotten Apple \u00e8 una variet\u00e0 che vi far\u00e0 girare la testa con i suoi aromi ammalianti e i suoi sapori irresistibili! Immaginate un mix esplosivo di note gassose e mele aspre, creando un aroma fermentato che vi trasporta direttamente in un frutteto in pieno raccolto. \u00c8 come se ogni boccata fosse una festa per i vostri sensi, con alcuni fenotipi che aggiungono un tocco dolce di caramello appena sfornato, che ricorda il sapore dello sciroppo di sidro di mele. Chi pu\u00f2 resistere a questo?<\/p>\n<p>Rotten Apple \u00e8 il connubio perfetto tra i terpeni dei carburanti e l'aroma lussureggiante di Sour Apple. Questa miscela armoniosa crea una fragranza intrigante che vi conquister\u00e0 sicuramente. Esplorando questa variet\u00e0, scoprirete note nascoste che ricordano le mele succose, appena colte e pronte per essere gustate. Una vera e propria alchimia terpenica vi aspetta!<\/p>\n<p>Il cuore di Rotten Apple \u00e8 costituito da un delizioso profilo terpenico. La fusione di odori di gas e carburante crea un'interazione dinamica semplicemente unica. Quando questi due mondi si incontrano con l'aroma di Sour Apple, emerge un profumo fermentato, che vi immerge nell'atmosfera di una sidreria dove l'aria \u00e8 carica del complesso estratto di mele in fermentazione. \u00c8 un'esperienza sensoriale senza precedenti!<\/p>\n<p>Ma aspettate, c'\u00e8 di pi\u00f9! La Rotten Apple ha ancora qualche sorpresa nella manica. Alcuni fenotipi si orientano verso il lato pi\u00f9 dolce della vita, con note di caramello che vi faranno venire l'acquolina in bocca. Immaginate un bouquet dolce che aggiunge uno strato di indulgenza alla vostra esperienza complessiva. \u00c8 come se ogni inalazione fosse un piccolo morso di felicit\u00e0!<\/p>\n<p>Oltre ai suoi sapori deliziosi, la Rotten Apple \u00e8 anche una delizia per i coltivatori. Queste piante sono rinomate per la loro facilit\u00e0 di coltivazione, che le rende una scelta ideale sia per i principianti che per gli esperti. Con poche varianti fenotipiche da esplorare, avrete l'opportunit\u00e0 di scoprire le diverse sfaccettature di questa affascinante variet\u00e0.<\/p>\n<p>Con un po' di fortuna e un occhio attento, potreste imbattervi in questa pianta eccezionale che vi catturer\u00e0 il cuore. La Rotten Apple \u00e8 una pianta che vorrete coltivare e conservare per sempre, grazie al suo delizioso high e al suo indimenticabile profilo terpenico. Preparatevi quindi ad assaporare ogni momento con questa variet\u00e0 che promette di incantarvi ad ogni boccata!<\/p>\n<p><strong>Semi femminizzati<\/strong><br \/>\n<strong>Confezione<\/strong> 6+3 semi omaggio (LH2P) (9)<br \/>\n<strong>Allevatore<\/strong> : Perfect Tree<br \/>\n<strong>Nome<\/strong> : Rotten Apple<br \/>\n<strong>Croce<\/strong> : Lemon Buttercream x Jet A<br \/>\n<strong>Prestazioni<\/strong> : medio-alto<br \/>\n<strong>Genetica<\/strong> Ibrido<br \/>\n<strong>Periodo di fioritura<\/strong> 56-60 giorni<br \/>\n<strong>Il gusto<\/strong> Caramello, Gas, Frutta fresca<br \/>\n<strong>Esperienza<\/strong> Rilassante<\/p>\n<p><em>Attenzione: Il possesso e la raccolta di semi sono autorizzati in Francia. Questi semi non devono essere utilizzati per scopi diversi da quelli autorizzati dalla legge del proprio Paese. La germinazione e la vendita ai minori sono severamente vietate. AAASeedz non pu\u00f2 essere ritenuta responsabile in caso di mancato rispetto delle leggi del paese di residenza.<\/em><\/p>","protected":false},"excerpt":{"rendered":"<p>la Rotten Apple de Perfect Tree, est une vari\u00e9t\u00e9 qui va vous faire tourner la t\u00eate avec ses ar\u00f4mes envo\u00fbtants<\/p>","protected":false},"featured_media":12361,"template":"","meta":[],"product_brand":[],"product_cat":[70],"product_tag":[77,281,300,278,299],"class_list":{"0":"post-10736","1":"product","2":"type-product","3":"status-publish","4":"has-post-thumbnail","6":"product_cat-feminisees","7":"product_tag-feminisee","8":"product_tag-jet-a","9":"product_tag-lemon-buttercream","10":"product_tag-perfect-tree","11":"product_tag-rotten-apple","13":"first","14":"instock","15":"shipping-taxable","16":"purchasable","17":"product-type-simple"},"jetpack_sharing_enabled":true,"_links":{"self":[{"href":"https:\/\/www.aaaseedz.com\/it\/wp-json\/wp\/v2\/product\/10736","targetHints":{"allow":["GET"]}}],"collection":[{"href":"https:\/\/www.aaaseedz.com\/it\/wp-json\/wp\/v2\/product"}],"about":[{"href":"https:\/\/www.aaaseedz.com\/it\/wp-json\/wp\/v2\/types\/product"}],"wp:featuredmedia":[{"embeddable":true,"href":"https:\/\/www.aaaseedz.com\/it\/wp-json\/wp\/v2\/media\/12361"}],"wp:attachment":[{"href":"https:\/\/www.aaaseedz.com\/it\/wp-json\/wp\/v2\/media?parent=10736"}],"wp:term":[{"taxonomy":"product_brand","embeddable":true,"href":"https:\/\/www.aaaseedz.com\/it\/wp-json\/wp\/v2\/product_brand?post=10736"},{"taxonomy":"product_cat","embeddable":true,"href":"https:\/\/www.aaaseedz.com\/it\/wp-json\/wp\/v2\/product_cat?post=10736"},{"taxonomy":"product_tag","embeddable":true,"href":"https:\/\/www.aaaseedz.com\/it\/wp-json\/wp\/v2\/product_tag?post=10736"}],"curies":[{"name":"wp","href":"https:\/\/api.w.org\/{rel}","templated":true}]}}