{"id":10741,"date":"2024-05-05T16:30:33","date_gmt":"2024-05-05T14:30:33","guid":{"rendered":"https:\/\/www.aaaseedz.com\/?post_type=product&#038;p=10741"},"modified":"2025-06-11T16:38:37","modified_gmt":"2025-06-11T14:38:37","slug":"albero-perfetto-triangolo-arcobaleno","status":"publish","type":"product","link":"https:\/\/www.aaaseedz.com\/it\/produit\/perfect-tree-rainbow-triangle-2\/","title":{"rendered":"Rainbow Triangle - Perfect Tree"},"content":{"rendered":"<p>Perfect Tree's Rainbow Triangle \u00e8 una variet\u00e0 che entusiasmer\u00e0 i vostri sensi e illuminer\u00e0 il vostro giardino! Questo piccolo gioiello \u00e8 il risultato di un audace incrocio tra la nostra selezione di Perfect Triangle di Jungle Boys e la deliziosa Peach Ozz. Immaginate un mix esplosivo che combina la potenza di una OG con la dolcezza fruttata di una succosa pesca. \u00c8 come avere un arcobaleno di sapori ed effetti che vi aspetta ad ogni boccata!<\/p>\n<p>Non appena scoprirete questa variet\u00e0, rimarrete colpiti dal suo incredibile potenziale. Rainbow Triangle \u00e8 uno degli incroci pi\u00f9 potenti che abbiamo mai realizzato. Abbiamo scoperto un fenotipo che emana un profumo incantevole, con note di pesca dolce e un tocco di gas che vi far\u00e0 venire l'acquolina in bocca. \u00c8 una vera festa olfattiva che vi trasporter\u00e0 in un frutteto in fiore, dandovi al contempo quel piccolo tocco di OG che fa la differenza.<\/p>\n<p>Ma non \u00e8 tutto! Rainbow Triangle \u00e8 anche un campione di produzione di resina. Se siete amanti delle estrazioni senza solventi, questa \u00e8 la variet\u00e0 che fa per voi. Il suo ricco contenuto di resina vi permetter\u00e0 di creare concentrati potenti e saporiti che delizieranno le vostre papille gustative. Preparatevi ad esplorare nuove dimensioni di sapori ed effetti con questa generosa pianta!<\/p>\n<p>Per quanto riguarda la crescita, Rainbow Triangle \u00e8 una variet\u00e0 a predominanza indica che non manca di vigore. Ha la tendenza ad allungarsi un po', quindi non esitate a darle una spinta potando una o due volte. Questo vi aiuter\u00e0 a massimizzare il raccolto e a mantenere le piante in buona forma. In sole 8-9 settimane di fioritura, sarete ricompensati con cime dense e resinose che brillano alla luce.<\/p>\n<p>Per quanto riguarda il sapore, aspettatevi un'irresistibile miscela di pino limonoso, note gassate e un tocco di OG che vi far\u00e0 sciogliere di piacere. Ogni inalazione \u00e8 un invito ad assaporare un momento di pura beatitudine. E parliamo degli effetti! Rainbow Triangle offre un effetto corporeo profondo che vi avvolge in una sensazione di intenso relax, lasciandovi al contempo con un pugno di OG che vi far\u00e0 sorridere.<\/p>\n<p>In breve, Rainbow Triangle \u00e8 molto pi\u00f9 di una semplice variet\u00e0 di cannabis. \u00c8 un'esperienza sensoriale completa che combina sapori deliziosi, incredibile potenza e facilit\u00e0 di coltivazione. Che siate coltivatori esperti o principianti entusiasti, questa pianta \u00e8 un must che porter\u00e0 un tocco di magia nel vostro giardino. Preparatevi quindi ad assaporare ogni momento con Rainbow Triangle e lasciatevi travolgere dal suo fascino irresistibile!<\/p>\n<p><strong>Semi femminizzati<\/strong><br \/>\n<strong>Confezione<\/strong> 6+3 semi omaggio (LH2P) (9)<br \/>\n<strong>Allevatore<\/strong> : Perfect Tree<br \/>\n<strong>Nome<\/strong> : Rainbow Triangle<br \/>\n<strong>Croce<\/strong> : Perfect Triangle x Peach Ozz<br \/>\n<strong>Prestazioni<\/strong> : medio-alto<br \/>\n<strong>Genetica<\/strong> Ibrido a predominanza Indica<br \/>\n<strong>Periodo di fioritura<\/strong> 56-60 giorni<br \/>\n<strong>Il gusto<\/strong> Pino limone, frizzante, Og's<br \/>\n<strong>Esperienza<\/strong> Effetto corporeo profondo e forte impatto OG<\/p>\n<p><em>Attenzione: Il possesso e la raccolta di semi sono autorizzati in Francia. Questi semi non devono essere utilizzati per scopi diversi da quelli autorizzati dalla legge del proprio Paese. La germinazione e la vendita ai minori sono severamente vietate. AAASeedz non pu\u00f2 essere ritenuta responsabile in caso di mancato rispetto delle leggi del paese di residenza.<\/em><\/p>","protected":false},"excerpt":{"rendered":"<p>La Rainbow Triangle de Perfect Tree, est une vari\u00e9t\u00e9 qui va faire vibrer vos sens et illuminer votre jardin !<\/p>","protected":false},"featured_media":12357,"template":"","meta":[],"product_brand":[],"product_cat":[70],"product_tag":[77,293,278,310,309],"class_list":{"0":"post-10741","1":"product","2":"type-product","3":"status-publish","4":"has-post-thumbnail","6":"product_cat-feminisees","7":"product_tag-feminisee","8":"product_tag-peach-ozz","9":"product_tag-perfect-tree","10":"product_tag-perfect-triangle","11":"product_tag-rainbow-triangle","13":"first","14":"instock","15":"shipping-taxable","16":"purchasable","17":"product-type-simple"},"jetpack_sharing_enabled":true,"_links":{"self":[{"href":"https:\/\/www.aaaseedz.com\/it\/wp-json\/wp\/v2\/product\/10741","targetHints":{"allow":["GET"]}}],"collection":[{"href":"https:\/\/www.aaaseedz.com\/it\/wp-json\/wp\/v2\/product"}],"about":[{"href":"https:\/\/www.aaaseedz.com\/it\/wp-json\/wp\/v2\/types\/product"}],"wp:featuredmedia":[{"embeddable":true,"href":"https:\/\/www.aaaseedz.com\/it\/wp-json\/wp\/v2\/media\/12357"}],"wp:attachment":[{"href":"https:\/\/www.aaaseedz.com\/it\/wp-json\/wp\/v2\/media?parent=10741"}],"wp:term":[{"taxonomy":"product_brand","embeddable":true,"href":"https:\/\/www.aaaseedz.com\/it\/wp-json\/wp\/v2\/product_brand?post=10741"},{"taxonomy":"product_cat","embeddable":true,"href":"https:\/\/www.aaaseedz.com\/it\/wp-json\/wp\/v2\/product_cat?post=10741"},{"taxonomy":"product_tag","embeddable":true,"href":"https:\/\/www.aaaseedz.com\/it\/wp-json\/wp\/v2\/product_tag?post=10741"}],"curies":[{"name":"wp","href":"https:\/\/api.w.org\/{rel}","templated":true}]}}