{"id":10742,"date":"2024-05-05T16:32:23","date_gmt":"2024-05-05T14:32:23","guid":{"rendered":"https:\/\/www.aaaseedz.com\/?post_type=product&#038;p=10742"},"modified":"2025-06-11T16:29:18","modified_gmt":"2025-06-11T14:29:18","slug":"albero-perfetto-tiglio-ozz","status":"publish","type":"product","link":"https:\/\/www.aaaseedz.com\/it\/produit\/perfect-tree-lime-ozz-2\/","title":{"rendered":"Lime Ozz - Perfect Tree"},"content":{"rendered":"<p>Preparatevi a conoscere Lime Ozz di Perfect Tree, l'ibrido superstar che ha fatto scalpore alla Secret Cup Bizkaia nel 2020, conquistando un brillante 3\u00b0 posto! Se siete alla ricerca di un'esperienza gustativa che vi entusiasmi, non cercate oltre. Questa variet\u00e0 \u00e8 un vero e proprio festival di agrumi che delizier\u00e0 le vostre papille gustative e risveglier\u00e0 i vostri sensi!<\/p>\n<p>Lime Ozz \u00e8 cos\u00ec gustoso da lasciare in bocca un delizioso sapore di agrumi per ore. Immaginate di mordere un lime succoso o un pompelmo dolce, con un'esplosione di sapore che danza sulla vostra lingua. Ma attenzione, il suo aroma \u00e8 cos\u00ec potente che potrebbe riempire la stanza in un batter d'occhio! Se non avete un filtro a carbone, preparatevi a condividere il vostro giardino con tutto il vicinato, perch\u00e9 questa bellezza non passa inosservata.<\/p>\n<p>Parlando di bellezza, la Lime Ozz non delude. Le sue piante sono solide come una roccia e presentano fiori dai colori mimetici che sembrano usciti direttamente da un film d'avventura. Questi boccioli sono ricoperti di tricomi appiccicosi che brillano come diamanti al sole. \u00c8 una vera opera d'arte botanica che vorrete ammirare ancora e ancora.<\/p>\n<p>In termini di coltivazione, il Lime Ozz \u00e8 abbastanza facile da curare, ma ha le sue preferenze. Evitate di nutrirla troppo o di potarla eccessivamente, perch\u00e9 preferisce un po' di libert\u00e0 per fiorire. Dedicategli un po' di amore e attenzione e vi ricompenser\u00e0 con un giardino profumato di agrumi che vi trasporter\u00e0 verso orizzonti soleggiati.<\/p>\n<p>Questa variet\u00e0 \u00e8 il risultato di un matrimonio esplosivo tra Lime Pop Kush e Peach Ozz, e promette un'esperienza rinvigorente. Con un periodo di fioritura di circa 8 settimane e una resa elevata, Lime Ozz \u00e8 pronta ad offrirvi un'intensa avventura sensoriale. Ogni boccata \u00e8 un invito a un viaggio nel gusto che vi introdurr\u00e0 a complesse note agrumate, lasciandovi una sensazione di benessere.<\/p>\n<p>La Lime Ozz \u00e8 molto pi\u00f9 di una semplice variet\u00e0 di cannabis; \u00e8 un'esperienza a s\u00e9 stante che lascer\u00e0 un'impressione duratura sul vostro palato e rallegrer\u00e0 la vostra giornata. Che siate coltivatori esperti o principianti entusiasti, questa pianta merita un posto speciale nel vostro giardino. Preparatevi quindi ad assaporare ogni momento con Lime Ozz, la regina degli agrumi che vi conquister\u00e0 sicuramente!<\/p>\n<p><strong>Semi femminizzati<\/strong><br \/>\n<strong>Confezione<\/strong> 6+3 semi omaggio (LH2P) (9)<br \/>\n<strong>Allevatore<\/strong> : Perfect Tree<br \/>\n<strong>Nome<\/strong> : Lime Ozz<br \/>\n<strong>Croce<\/strong> : Lime Pop Kush x Peach Ozz<br \/>\n<strong>Prestazioni<\/strong> : medio-alto<br \/>\n<strong>Genetica<\/strong> Ibrido a predominanza Indica<br \/>\n<strong>Periodo di fioritura<\/strong> 56-60 giorni<br \/>\n<strong>Il gusto<\/strong> Forte miscela citrica<br \/>\n<strong>Esperienza<\/strong> Stimolante<\/p>\n<p><em>Attenzione: Il possesso e la raccolta di semi sono autorizzati in Francia. Questi semi non devono essere utilizzati per scopi diversi da quelli autorizzati dalla legge del proprio Paese. La germinazione e la vendita ai minori sono severamente vietate. AAASeedz non pu\u00f2 essere ritenuta responsabile in caso di mancato rispetto delle leggi del paese di residenza.<\/em><\/p>","protected":false},"excerpt":{"rendered":"<p>Pr\u00e9parez-vous \u00e0 faire connaissance avec la Lime Ozz de Perfect Tree, la superstar des hybrides qui a fait sensation \u00e0<\/p>","protected":false},"featured_media":12341,"template":"","meta":[],"product_brand":[],"product_cat":[70],"product_tag":[77,311,312,293,278],"class_list":{"0":"post-10742","1":"product","2":"type-product","3":"status-publish","4":"has-post-thumbnail","6":"product_cat-feminisees","7":"product_tag-feminisee","8":"product_tag-lime-ozz","9":"product_tag-lime-pop-kush","10":"product_tag-peach-ozz","11":"product_tag-perfect-tree","13":"first","14":"instock","15":"shipping-taxable","16":"purchasable","17":"product-type-simple"},"jetpack_sharing_enabled":true,"_links":{"self":[{"href":"https:\/\/www.aaaseedz.com\/it\/wp-json\/wp\/v2\/product\/10742","targetHints":{"allow":["GET"]}}],"collection":[{"href":"https:\/\/www.aaaseedz.com\/it\/wp-json\/wp\/v2\/product"}],"about":[{"href":"https:\/\/www.aaaseedz.com\/it\/wp-json\/wp\/v2\/types\/product"}],"wp:featuredmedia":[{"embeddable":true,"href":"https:\/\/www.aaaseedz.com\/it\/wp-json\/wp\/v2\/media\/12341"}],"wp:attachment":[{"href":"https:\/\/www.aaaseedz.com\/it\/wp-json\/wp\/v2\/media?parent=10742"}],"wp:term":[{"taxonomy":"product_brand","embeddable":true,"href":"https:\/\/www.aaaseedz.com\/it\/wp-json\/wp\/v2\/product_brand?post=10742"},{"taxonomy":"product_cat","embeddable":true,"href":"https:\/\/www.aaaseedz.com\/it\/wp-json\/wp\/v2\/product_cat?post=10742"},{"taxonomy":"product_tag","embeddable":true,"href":"https:\/\/www.aaaseedz.com\/it\/wp-json\/wp\/v2\/product_tag?post=10742"}],"curies":[{"name":"wp","href":"https:\/\/api.w.org\/{rel}","templated":true}]}}