{"id":10744,"date":"2024-05-05T16:35:35","date_gmt":"2024-05-05T14:35:35","guid":{"rendered":"https:\/\/www.aaaseedz.com\/?post_type=product&#038;p=10744"},"modified":"2025-06-11T16:34:49","modified_gmt":"2025-06-11T14:34:49","slug":"albero-perfetto-sherbert-alla-pesca-og-2","status":"publish","type":"product","link":"https:\/\/www.aaaseedz.com\/it\/produit\/perfect-tree-peach-sherbert-og-2\/","title":{"rendered":"Peach Sherbert Og - Perfect Tree"},"content":{"rendered":"<p>Scoprite la Peach Sherbert OG di Perfect Tree, una variet\u00e0 che ha brillantemente conquistato il secondo posto alla Canna French Cup 2022 nella categoria estratti! Questo piccolo gioiello \u00e8 il risultato di un incrocio tra Falcon 9 e Peach Ozz, ed \u00e8 sicuro di impressionare. Se state cercando una pianta che combini potenza e resa, siete nel posto giusto! Questo piccolo gioiello \u00e8 il risultato di un matrimonio esplosivo tra la Falcon 9 e la Peach Ozz, e credetemi, non vi deluder\u00e0. Se state cercando una pianta che combini potenza e resa, siete nel posto giusto!<\/p>\n<p>Peach Sherbert OG \u00e8 un ibrido a predominanza indica che si distingue per la sua robustezza e produttivit\u00e0. Immaginate fiori densi e ultra-appiccicosi ricoperti da una resina scintillante che sembra quasi troppo bella per essere vera. Queste cime sono perfette per chi ama fare estrazioni senza solventi, perch\u00e9 sono ricche di terpeni che daranno ai vostri concentrati un sapore indimenticabile. Un vero tesoro per gli amanti della cannabis alla ricerca di un'esperienza di gusto ricca e intensa.<\/p>\n<p>Per massimizzare il potenziale di questa variet\u00e0, consigliamo di potarla una o due volte prima della fioritura. Questo permette alla Peach Sherbert OG di svilupparsi in un cespuglio rigoglioso, pieno di bellissimi fiori viola che stupiranno i vostri occhi. In sole 9 settimane, potrete ammirare i risultati dei vostri sforzi, con cime che sembrano quasi troppo perfette per essere raccolte. \u00c8 come se ogni pianta fosse un'opera d'arte vivente, pronta per essere celebrata!<\/p>\n<p>L'aroma di Peach Sherbert OG \u00e8 una festa per i sensi. Con potenti terpeni OG mescolati a fresche note di pesca leggermente matura, ogni inalazione \u00e8 un'esplosione di sapore che vi trasporta in un frutteto assolato. Sia che scegliate di gustare questa variet\u00e0 in fiori o in estrazioni, sarete deliziati dal suo gusto delizioso e dalla sua potenza inebriante.<\/p>\n<p>In breve, la Peach Sherbert OG \u00e8 una variet\u00e0 imperdibile per tutti coloro che apprezzano la potenza della OG e le rese generose. Che siate coltivatori esperti o principianti entusiasti, questa pianta vi conquister\u00e0 con la sua bellezza, la sua robustezza e i suoi aromi ammalianti. Quindi non aspettate oltre per portare la Peach Sherbert OG nel vostro giardino e scoprire tutto ci\u00f2 che ha da offrire!<\/p>\n<p><strong>Semi femminizzati<\/strong><br \/>\n<strong>Confezione<\/strong> 6+3 semi omaggio (LH2P) (9)<br \/>\n<strong>Allevatore<\/strong> : Perfect Tree<br \/>\n<strong>Nome<\/strong> : Peach Sherbert Og<br \/>\n<strong>Croce<\/strong> : Falcon 9 x Peach Ozz<br \/>\n<strong>Prestazioni<\/strong> : medio-alto<br \/>\n<strong>Genetica<\/strong> Ibrido a predominanza Indica<br \/>\n<strong>Periodo di fioritura<\/strong> 56-60 giorni<br \/>\n<strong>Il gusto<\/strong> OG Fresh e Gas<br \/>\n<strong>Esperienza<\/strong> Forte potenza Indica<\/p>\n<p><em>Attenzione: Il possesso e la raccolta di semi sono autorizzati in Francia. Questi semi non devono essere utilizzati per scopi diversi da quelli autorizzati dalla legge del proprio Paese. La germinazione e la vendita ai minori sono severamente vietate. AAASeedz non pu\u00f2 essere ritenuta responsabile in caso di mancato rispetto delle leggi del paese di residenza.<\/em><\/p>","protected":false},"excerpt":{"rendered":"<p>D\u00e9couvrez la Peach Sherbert OG de Perfect Tree, une vari\u00e9t\u00e9 qui a brillamment remport\u00e9 la 2\u00e8me place \u00e0 la Canna<\/p>","protected":false},"featured_media":12353,"template":"","meta":[],"product_brand":[],"product_cat":[70],"product_tag":[315,77,293,314,278],"class_list":{"0":"post-10744","1":"product","2":"type-product","3":"status-publish","4":"has-post-thumbnail","6":"product_cat-feminisees","7":"product_tag-falcon-9","8":"product_tag-feminisee","9":"product_tag-peach-ozz","10":"product_tag-peach-sherbert-og","11":"product_tag-perfect-tree","13":"first","14":"instock","15":"shipping-taxable","16":"purchasable","17":"product-type-simple"},"jetpack_sharing_enabled":true,"_links":{"self":[{"href":"https:\/\/www.aaaseedz.com\/it\/wp-json\/wp\/v2\/product\/10744","targetHints":{"allow":["GET"]}}],"collection":[{"href":"https:\/\/www.aaaseedz.com\/it\/wp-json\/wp\/v2\/product"}],"about":[{"href":"https:\/\/www.aaaseedz.com\/it\/wp-json\/wp\/v2\/types\/product"}],"wp:featuredmedia":[{"embeddable":true,"href":"https:\/\/www.aaaseedz.com\/it\/wp-json\/wp\/v2\/media\/12353"}],"wp:attachment":[{"href":"https:\/\/www.aaaseedz.com\/it\/wp-json\/wp\/v2\/media?parent=10744"}],"wp:term":[{"taxonomy":"product_brand","embeddable":true,"href":"https:\/\/www.aaaseedz.com\/it\/wp-json\/wp\/v2\/product_brand?post=10744"},{"taxonomy":"product_cat","embeddable":true,"href":"https:\/\/www.aaaseedz.com\/it\/wp-json\/wp\/v2\/product_cat?post=10744"},{"taxonomy":"product_tag","embeddable":true,"href":"https:\/\/www.aaaseedz.com\/it\/wp-json\/wp\/v2\/product_tag?post=10744"}],"curies":[{"name":"wp","href":"https:\/\/api.w.org\/{rel}","templated":true}]}}