{"id":10745,"date":"2024-05-05T16:37:21","date_gmt":"2024-05-05T14:37:21","guid":{"rendered":"https:\/\/www.aaaseedz.com\/?post_type=product&#038;p=10745"},"modified":"2025-06-11T17:10:35","modified_gmt":"2025-06-11T15:10:35","slug":"albero-perfetto-tropicozz","status":"publish","type":"product","link":"https:\/\/www.aaaseedz.com\/it\/produit\/perfect-tree-tropicozz-2\/","title":{"rendered":"Tropic'Ozz - Perfect Tree"},"content":{"rendered":"<p>Amanti delle belle piante, tuffiamoci nell'inebriante mondo di Tropic'Ozz di Prefect Tree, la superstar del giardino che ha fatto scalpore in Brasile nel 2023! Con il 3\u00b0 posto al concorso Cannabis in Brazil e un incredibile 1\u00b0 posto ai People's Choice Awards, questa variet\u00e0 ha conquistato cuori e palati. Se state cercando una pianta che combini facilit\u00e0 di coltivazione, eccezionale produzione di resina e un gusto che vi far\u00e0 venire l'acquolina in bocca, non cercate oltre!<\/p>\n<p>Tropic'Ozz \u00e8 il risultato di un matrimonio esplosivo tra la Tropicanna Cherry della Relentless Genetics e la Peach Ozz della Dying Breed Seeds. Immaginate due giganti della cannabis che si uniscono per creare una pianta impressionante, bella e generosa. Questa variet\u00e0 \u00e8 cos\u00ec facile da coltivare che anche i principianti possono fare il grande passo senza paura. In poche settimane, vedrete le vostre piante trasformarsi in vere e proprie opere d'arte, ricche di resina scintillante che render\u00e0 i vostri amici coltivatori verdi di invidia.<\/p>\n<p>Ma non \u00e8 tutto! Ci\u00f2 che rende Tropic'Ozz davvero unica \u00e8 il suo accattivante profilo terpenico. Pensate a un dolce artificiale o a una gomma da masticare dal sapore tropicale che vi trasporta direttamente su una spiaggia assolata. Ogni boccata \u00e8 un'esplosione di sapori dolci che solleticano le papille gustative e ricordano le vacanze estive. \u00c8 come mordere un frutto succoso mentre si assapora un dolce: un vero piacere per i sensi!<\/p>\n<p>E quali sono i suoi effetti? Tropic'Ozz offre un'esperienza dolce ed equilibrata, perfetta per la giornata. Che stiate lavorando, rilassandovi con gli amici o godendovi una giornata di sole, questa variet\u00e0 \u00e8 il vostro alleato ideale. D\u00e0 una sensazione di benessere senza stordirvi, permettendovi di rimanere attivi e concentrati, assaporando ogni momento.<\/p>\n<p>In breve, Tropic'Ozz ha tutte le carte in regola: \u00e8 vigorosa, generosa e gustosa! Che siate coltivatori esperti o principianti entusiasti, questa variet\u00e0 merita un posto speciale nel vostro giardino. Con il suo aspetto impressionante, il suo gusto irresistibile e i suoi effetti equilibrati, Tropic'Ozz \u00e8 la stella nascente della cannabis che vi conquister\u00e0 sicuramente. Preparatevi quindi a fare il pieno di sole e sapori tropicali con questa meraviglia da giardino!<\/p>\n<p><strong>Semi femminizzati<\/strong><br \/>\n<strong>Confezione<\/strong> 6+3 semi omaggio (LH2P) (9)<br \/>\n<strong>Allevatore<\/strong> : Perfect Tree<br \/>\n<strong>Nome<\/strong> : Tropic'Ozz<br \/>\n<strong>Croce<\/strong> : Tropicanna Cherry x Peach Ozz<br \/>\n<strong>Prestazioni<\/strong> : medio-alto<br \/>\n<strong>Genetica<\/strong> Ibrido<br \/>\n<strong>Periodo di fioritura<\/strong> 56-60 giorni<br \/>\n<strong>Il gusto<\/strong> : Tropicale<br \/>\n<strong>Esperienza<\/strong> : delicato, ideale per il giorno<\/p>\n<p><em>Attenzione: Il possesso e la raccolta di semi sono autorizzati in Francia. Questi semi non devono essere utilizzati per scopi diversi da quelli autorizzati dalla legge del proprio Paese. La germinazione e la vendita ai minori sono severamente vietate. AAASeedz non pu\u00f2 essere ritenuta responsabile in caso di mancato rispetto delle leggi del paese di residenza.<\/em><\/p>","protected":false},"excerpt":{"rendered":"<p>Amateurs de belles plantes, nous allons plonger dans l&rsquo;univers enivrant de Tropic\u2019Ozz de Prefect Tree, la superstar du jardin qui<\/p>","protected":false},"featured_media":12365,"template":"","meta":[],"product_brand":[],"product_cat":[70],"product_tag":[77,293,278,316,317],"class_list":{"0":"post-10745","1":"product","2":"type-product","3":"status-publish","4":"has-post-thumbnail","6":"product_cat-feminisees","7":"product_tag-feminisee","8":"product_tag-peach-ozz","9":"product_tag-perfect-tree","10":"product_tag-tropicozz","11":"product_tag-tropicanna-cherry","13":"first","14":"instock","15":"shipping-taxable","16":"purchasable","17":"product-type-simple"},"jetpack_sharing_enabled":true,"_links":{"self":[{"href":"https:\/\/www.aaaseedz.com\/it\/wp-json\/wp\/v2\/product\/10745","targetHints":{"allow":["GET"]}}],"collection":[{"href":"https:\/\/www.aaaseedz.com\/it\/wp-json\/wp\/v2\/product"}],"about":[{"href":"https:\/\/www.aaaseedz.com\/it\/wp-json\/wp\/v2\/types\/product"}],"wp:featuredmedia":[{"embeddable":true,"href":"https:\/\/www.aaaseedz.com\/it\/wp-json\/wp\/v2\/media\/12365"}],"wp:attachment":[{"href":"https:\/\/www.aaaseedz.com\/it\/wp-json\/wp\/v2\/media?parent=10745"}],"wp:term":[{"taxonomy":"product_brand","embeddable":true,"href":"https:\/\/www.aaaseedz.com\/it\/wp-json\/wp\/v2\/product_brand?post=10745"},{"taxonomy":"product_cat","embeddable":true,"href":"https:\/\/www.aaaseedz.com\/it\/wp-json\/wp\/v2\/product_cat?post=10745"},{"taxonomy":"product_tag","embeddable":true,"href":"https:\/\/www.aaaseedz.com\/it\/wp-json\/wp\/v2\/product_tag?post=10745"}],"curies":[{"name":"wp","href":"https:\/\/api.w.org\/{rel}","templated":true}]}}