{"id":10746,"date":"2024-05-05T16:39:02","date_gmt":"2024-05-05T14:39:02","guid":{"rendered":"https:\/\/www.aaaseedz.com\/?post_type=product&#038;p=10746"},"modified":"2025-06-10T17:11:35","modified_gmt":"2025-06-10T15:11:35","slug":"albero-perfetto-capri-zun","status":"publish","type":"product","link":"https:\/\/www.aaaseedz.com\/it\/produit\/perfect-tree-capri-zun-2\/","title":{"rendered":"Capri Zun - Perfect Tree"},"content":{"rendered":"<p>Preparatevi a scoprire CapriZun di Perfect Tree, l'astro nascente delle variet\u00e0 ibride a predominanza sativa, che entusiasmer\u00e0 i vostri sensi come mai prima d'ora! Immaginate un mix esplosivo di terpeni, sapori e sensazioni, il tutto confezionato in una bustina scintillante come l'Alhambra in piena estate. Questa creazione \u00e8 il risultato del duro lavoro di appassionati che hanno messo il cuore nella selezione di semi di cannabis di alta qualit\u00e0. Se siete amanti del brivido, amerete ci\u00f2 che CapriZun ha da offrire!<\/p>\n<p>Non appena si apre questa bustina frizzante, un vero e proprio festival di dolcezza fruttata colpisce il naso. \u00c8 come un'iniezione di vitamine per le papille gustative, con sapori complessi che mescolano note dolci e aspre. A differenza di alcune variet\u00e0 che perdono la loro lucentezza quando sono mature, CapriZun \u00e8 una vera superstar che non smette mai di brillare. I tricomi grassottelli di questo fiore, ricoperti da una generosa resina, vi faranno venire voglia di tornare ancora e ancora, sia per fumare che per gustare dopo l'estrazione.<\/p>\n<p>Questa piccola meraviglia \u00e8 il risultato di un incrocio tra la famosa Sunset Sherbert bx1 e la frizzante Peach Ozz. In sole 8-9 settimane di fioritura, sarete ricompensati con cime dense e resinose che brillano come stelle. Che si tratti di coltivazioni indoor o outdoor, questa variet\u00e0 si adatta a qualsiasi ambiente e la sua resa \u00e8 a dir poco impressionante. Aspettatevi di raccogliere fiori che saranno sicuramente sulla bocca di tutti!<\/p>\n<p>CapriZun non \u00e8 solo una bella pianta; \u00e8 anche un vero e proprio concentrato di sensazioni. Con un contenuto di THC molto elevato, vi immerger\u00e0 in uno stato di euforico relax, perfetto per rilassarsi dopo una lunga giornata. Il suo effetto \u00e8 sia calmante che stimolante, lasciandovi con un sorriso beato sul viso. \u00c8 il compagno perfetto per i vostri momenti di relax o da condividere con gli amici durante una festa.<\/p>\n<p>Coltivare CapriZun \u00e8 un vero piacere, sia che siate giardinieri alle prime armi sia che siate esperti. La banca dei semi Perfect Tree ha sviluppato questa variet\u00e0 avendo cura di testare ogni lotto con diversi coltivatori, garantendo un'esperienza di coltivazione ottimale. Ogni fase, dalla germinazione al raccolto, \u00e8 stata studiata per regalarvi un'esperienza indimenticabile.<\/p>\n<p>E non \u00e8 tutto! Acquistando un sacchetto di sei semi di CapriZun, riceverete in regalo una confezione di tre semi di Tropic'Ozz. \u00c8 un'occasione d'oro per diversificare il vostro giardino con sapori ancora pi\u00f9 esotici!<\/p>\n<p>In breve, CapriZun \u00e8 molto pi\u00f9 di una semplice variet\u00e0 di cannabis. \u00c8 un'esperienza sensoriale completa che combina sapori deliziosi, facilit\u00e0 di coltivazione ed effetti potenti. Quindi non aspettate oltre! Tuffatevi nel mondo di CapriZun e lasciatevi trasportare da questa esplosione di frutti e sensazioni. Non rimarrete delusi!<\/p>\n<p><strong>Semi femminizzati<\/strong><br \/>\n<strong>Confezione<\/strong> 6+3 semi omaggio (LH2P) (9)<br \/>\n<strong>Allevatore<\/strong> : Perfect Tree<br \/>\n<strong>Nome<\/strong> : Capri Zun<br \/>\n<strong>Croce<\/strong> : Sunset Sherbert BX1 x Peach Ozz<br \/>\n<strong>Prestazioni<\/strong> : medio-alto<br \/>\n<strong>Genetica<\/strong> Ibrido a dominanza sativa<br \/>\n<strong>Periodo di fioritura<\/strong> 60-66 giorni<br \/>\n<strong>Il gusto<\/strong> Fruttato, acidulo<br \/>\n<strong>Esperienza<\/strong> : Effetto elevato<\/p>\n<p><em>Attenzione: Il possesso e la raccolta di semi sono autorizzati in Francia. Questi semi non devono essere utilizzati per scopi diversi da quelli autorizzati dalla legge del proprio Paese. La germinazione e la vendita ai minori sono severamente vietate. AAASeedz non pu\u00f2 essere ritenuta responsabile in caso di mancato rispetto delle leggi del paese di residenza.<\/em><\/p>","protected":false},"excerpt":{"rendered":"<p>Pr\u00e9parez-vous \u00e0 d\u00e9couvrir CapriZun de Perfect Tree, l&rsquo;\u00e9toile montante des vari\u00e9t\u00e9s hybrides \u00e0 dominance sativa, qui va faire vibrer vos<\/p>","protected":false},"featured_media":12323,"template":"","meta":[],"product_brand":[],"product_cat":[70],"product_tag":[318,77,293,278,319],"class_list":{"0":"post-10746","1":"product","2":"type-product","3":"status-publish","4":"has-post-thumbnail","6":"product_cat-feminisees","7":"product_tag-capri-zun","8":"product_tag-feminisee","9":"product_tag-peach-ozz","10":"product_tag-perfect-tree","11":"product_tag-sunset-sherbert-bx1","13":"first","14":"instock","15":"shipping-taxable","16":"purchasable","17":"product-type-simple"},"jetpack_sharing_enabled":true,"_links":{"self":[{"href":"https:\/\/www.aaaseedz.com\/it\/wp-json\/wp\/v2\/product\/10746","targetHints":{"allow":["GET"]}}],"collection":[{"href":"https:\/\/www.aaaseedz.com\/it\/wp-json\/wp\/v2\/product"}],"about":[{"href":"https:\/\/www.aaaseedz.com\/it\/wp-json\/wp\/v2\/types\/product"}],"wp:featuredmedia":[{"embeddable":true,"href":"https:\/\/www.aaaseedz.com\/it\/wp-json\/wp\/v2\/media\/12323"}],"wp:attachment":[{"href":"https:\/\/www.aaaseedz.com\/it\/wp-json\/wp\/v2\/media?parent=10746"}],"wp:term":[{"taxonomy":"product_brand","embeddable":true,"href":"https:\/\/www.aaaseedz.com\/it\/wp-json\/wp\/v2\/product_brand?post=10746"},{"taxonomy":"product_cat","embeddable":true,"href":"https:\/\/www.aaaseedz.com\/it\/wp-json\/wp\/v2\/product_cat?post=10746"},{"taxonomy":"product_tag","embeddable":true,"href":"https:\/\/www.aaaseedz.com\/it\/wp-json\/wp\/v2\/product_tag?post=10746"}],"curies":[{"name":"wp","href":"https:\/\/api.w.org\/{rel}","templated":true}]}}