{"id":10747,"date":"2024-05-05T16:40:57","date_gmt":"2024-05-05T14:40:57","guid":{"rendered":"https:\/\/www.aaaseedz.com\/?post_type=product&#038;p=10747"},"modified":"2025-06-11T16:28:02","modified_gmt":"2025-06-11T14:28:02","slug":"bomba-di-grasso-al-limone-e-cocco-dellalbero-perfetto","status":"publish","type":"product","link":"https:\/\/www.aaaseedz.com\/it\/produit\/perfect-tree-lemon-coconut-fatbomb-2\/","title":{"rendered":"Lemon Coconut Fatbomb - Perfect Tree"},"content":{"rendered":"<p>Perfect Tree's Lemon Coconut Fat Bomb, una variet\u00e0 che sicuramente lascer\u00e0 a bocca aperta le vostre papille gustative e rallegrer\u00e0 il vostro giardino! Immaginate la miscela perfetta tra la freschezza piccante del Lemon Curd e la dolcezza cremosa del Coco Milk. \u00c8 come avere un sorbetto al limone nel vostro giardino, pronto a rinfrescarvi a ogni soffio! Questa piccola meraviglia ibrida combina terpeni agrumati e gassosi con note dolci e cremose, creando un'esperienza gustativa che vi far\u00e0 sorridere ad ogni inspirazione. Alcuni fenotipi sono pi\u00f9 gassosi, mentre altri offrono una dolcezza irresistibile. Un vero e proprio festival di sapori vi aspetta!<\/p>\n<p>La Lemon Coconut Fat Bomb \u00e8 anche un sogno da coltivare. Non \u00e8 necessario essere esperti giardinieri per avere successo con questa bellezza. \u00c8 facile da curare e non richiede potature complicate, il che la rende un'opzione ideale per chi preferisce un processo di coltivazione senza problemi. Grazie alle sue dimensioni modeste, si adatta perfettamente a qualsiasi spazio di coltivazione, che sia un piccolo angolo del giardino o un armadio dedicato. Potrete godervi la sua crescita senza preoccuparvi della potatura o di complesse tecniche di allevamento.<\/p>\n<p>E parliamo di resa! Se seguite buone pratiche di coltivazione, la Lemon Coconut Fat Bomb vi ricompenser\u00e0 con un generoso raccolto di cime appiccicose. Queste cime sprigionano ammalianti aromi di limone e dolcezza, creando un ambiente olfattivo che delizier\u00e0 i vostri sensi. Durante la fioritura, aspettatevi un incredibile spettacolo visivo, poich\u00e9 questa variet\u00e0 mostra colori brillanti che illumineranno il vostro giardino. \u00c8 come se ogni pianta fosse una piccola opera d'arte, che aggiunge un tocco di magia al vostro spazio.<\/p>\n<p>In breve, Lemon Coconut Fat Bomb \u00e8 molto pi\u00f9 di una semplice variet\u00e0 di cannabis. \u00c8 un'esperienza sensoriale completa che combina sapori deliziosi, facilit\u00e0 di coltivazione e rese impressionanti. Che siate coltivatori esperti o principianti entusiasti, questa variet\u00e0 \u00e8 un must che porter\u00e0 un tocco di freschezza e divertimento nel vostro giardino. Preparatevi quindi ad assaporare ogni momento con Lemon Coconut Fat Bomb e lasciatevi travolgere dal suo fascino irresistibile!<\/p>\n<p><strong>Semi femminizzati<\/strong><br \/>\n<strong>Confezione<\/strong> : 6+3 semi omaggio (Coco Milk S1) (9)<br \/>\n<strong>Allevatore<\/strong> : Perfect Tree<br \/>\n<strong>Nome<\/strong> : Lemon Coconut Fatbomb<br \/>\n<strong>Croce<\/strong> : Lemon Curd x Coco Milk<br \/>\n<strong>Prestazioni<\/strong> : medio-alto<br \/>\n<strong>Genetica<\/strong> Ibrido<br \/>\n<strong>Periodo di fioritura<\/strong> 56-60 giorni<br \/>\n<strong>Il gusto<\/strong> Agrumi freschi e cremosi<br \/>\n<strong>Esperienza<\/strong> Rilassante<\/p>\n<p><em>Attenzione: Il possesso e la raccolta di semi sono autorizzati in Francia. Questi semi non devono essere utilizzati per scopi diversi da quelli autorizzati dalla legge del proprio Paese. La germinazione e la vendita ai minori sono severamente vietate. AAASeedz non pu\u00f2 essere ritenuta responsabile in caso di mancato rispetto delle leggi del paese di residenza.<\/em><\/p>","protected":false},"excerpt":{"rendered":"<p>La Lemon Coconut Fat Bomb de Perfect Tree, une vari\u00e9t\u00e9 qui va faire exploser vos papilles et \u00e9gayer votre jardin<\/p>","protected":false},"featured_media":12339,"template":"","meta":[],"product_brand":[],"product_cat":[70],"product_tag":[321,77,320,286,278],"class_list":{"0":"post-10747","1":"product","2":"type-product","3":"status-publish","4":"has-post-thumbnail","6":"product_cat-feminisees","7":"product_tag-coco-milk","8":"product_tag-feminisee","9":"product_tag-lemon-coconut-fatbomb","10":"product_tag-lemon-curd","11":"product_tag-perfect-tree","13":"first","14":"instock","15":"shipping-taxable","16":"purchasable","17":"product-type-simple"},"jetpack_sharing_enabled":true,"_links":{"self":[{"href":"https:\/\/www.aaaseedz.com\/it\/wp-json\/wp\/v2\/product\/10747","targetHints":{"allow":["GET"]}}],"collection":[{"href":"https:\/\/www.aaaseedz.com\/it\/wp-json\/wp\/v2\/product"}],"about":[{"href":"https:\/\/www.aaaseedz.com\/it\/wp-json\/wp\/v2\/types\/product"}],"wp:featuredmedia":[{"embeddable":true,"href":"https:\/\/www.aaaseedz.com\/it\/wp-json\/wp\/v2\/media\/12339"}],"wp:attachment":[{"href":"https:\/\/www.aaaseedz.com\/it\/wp-json\/wp\/v2\/media?parent=10747"}],"wp:term":[{"taxonomy":"product_brand","embeddable":true,"href":"https:\/\/www.aaaseedz.com\/it\/wp-json\/wp\/v2\/product_brand?post=10747"},{"taxonomy":"product_cat","embeddable":true,"href":"https:\/\/www.aaaseedz.com\/it\/wp-json\/wp\/v2\/product_cat?post=10747"},{"taxonomy":"product_tag","embeddable":true,"href":"https:\/\/www.aaaseedz.com\/it\/wp-json\/wp\/v2\/product_tag?post=10747"}],"curies":[{"name":"wp","href":"https:\/\/api.w.org\/{rel}","templated":true}]}}